{"id":136,"date":"2022-08-12T11:53:00","date_gmt":"2022-08-12T16:53:00","guid":{"rendered":"https:\/\/webdev.uladech.edu.pe\/?page_id=136"},"modified":"2023-07-19T12:39:56","modified_gmt":"2023-07-19T17:39:56","slug":"historia","status":"publish","type":"page","link":"https:\/\/www.uladech.edu.pe\/en\/la-universidad\/historia\/","title":{"rendered":"History:The university"},"content":{"rendered":"\t\t<div data-elementor-type=\"wp-page\" data-elementor-id=\"136\" class=\"elementor elementor-136\" data-elementor-post-type=\"page\">\n\t\t\t\t\t\t<section class=\"elementor-section elementor-top-section elementor-element elementor-element-61874781 elementor-section-boxed elementor-section-height-default elementor-section-height-default\" data-id=\"61874781\" data-element_type=\"section\">\n\t\t\t\t\t\t<div class=\"elementor-container elementor-column-gap-default\">\n\t\t\t\t\t<div class=\"elementor-column elementor-col-100 elementor-top-column elementor-element elementor-element-436fa9f8\" data-id=\"436fa9f8\" data-element_type=\"column\">\n\t\t\t<div class=\"elementor-widget-wrap elementor-element-populated\">\n\t\t\t\t\t\t<div class=\"elementor-element elementor-element-51f06203 elementor-widget elementor-widget-text-editor\" data-id=\"51f06203\" data-element_type=\"widget\" data-widget_type=\"text-editor.default\">\n\t\t\t\t<div class=\"elementor-widget-container\">\n\t\t\t<style>\/*! elementor - v3.23.0 - 15-07-2024 *\/\n.elementor-widget-text-editor.elementor-drop-cap-view-stacked .elementor-drop-cap{background-color:#69727d;color:#fff}.elementor-widget-text-editor.elementor-drop-cap-view-framed .elementor-drop-cap{color:#69727d;border:3px solid;background-color:transparent}.elementor-widget-text-editor:not(.elementor-drop-cap-view-default) .elementor-drop-cap{margin-top:8px}.elementor-widget-text-editor:not(.elementor-drop-cap-view-default) .elementor-drop-cap-letter{width:1em;height:1em}.elementor-widget-text-editor .elementor-drop-cap{float:left;text-align:center;line-height:1;font-size:50px}.elementor-widget-text-editor .elementor-drop-cap-letter{display:inline-block}<\/style>\t\t\t\t<p>The creation of the Los Angeles Catholic University of Chimbote goes back to the effort of the community and of the young people who sought the realization of their noble ideals. Thus, on June 12, 1985, the Parliament of the Republic by law No. 24163 created the University in order to offer professional training and contribute to development in Chimbote city and our country.<\/p>\n<p>The National Assembly of Rectors, through Resolution No. 1045-98 and Resolution No. 1124-98 published in the official newspaper El Peruano, recognized the institutionalization of the University and authorized the definitive operation of the university.<\/p>\n<p>The University in its consolidation process, on November 22, 2008, stands as a Catholic University in the Cathedral of the Diocese of Chimbote, adapting its statute to the norms of canon law and the Apostolic Constitution Ex Corde Ecclesiae. This name change was authorized by the National Council for the Authorization of the Operation of Universities, with Resolution No. 119-2009-CONAFU, on March 11, 2009, being the Diocese of Chimbote through its Bishop and Grand Chancellor of the University, Monsignor Angel Francisco Sim\u00f3n Piorno as guide and Catholic reference.<\/p>\n<p>From this historic event, ULADECH Catholic contributes to the evangelizing mission of the Church and is configured as a center of humanistic formation, guided by the principles and values of the Social Doctrine of the Church, providing a quality service for the good common. Likewise, it guarantees professional academic improvement through international and national agreements.<\/p>\n<p>On August 28, 2020, a substantial change was experienced at the University by electing a new Rector who, together with the university community, assumes the challenges of the university reform in order to continue offering a quality education that meets the demands of the contemporary world.<\/p>\n<p>Currently, the Catholic University \u201cLos \u00c1ngeles de Chimbote\u201d has 3 faculties with 11 professional careers that offer undergraduate study programs, both at the headquarters and in the 4 branches nationwide.<\/p>\n<p>The University has proposed to train people capable of rational and critical judgment, and aware of the transcendental dignity of the human person; professional training that includes ethical values and the dimension of service to people and society as an expression of the harmony between humanistic and cultural wealth with specialized professional training.<\/p>\n<p>We are members of international Catholic organizations that bring together prestigious Catholic universities around the world;<br>the FIUC (International Federation of Catholic Universities) of which more than 200 Catholic universities are part in all the world and ODUCAL (Organization of Catholic Universities of America and the Caribbean), which is a regional association of IFCU.<\/p>\t\t\t\t\t\t<\/div>\n\t\t\t\t<\/div>\n\t\t\t\t\t<\/div>\n\t\t<\/div>\n\t\t\t\t\t<\/div>\n\t\t<\/section>\n\t\t\t\t<\/div>\n\t\t","protected":false},"excerpt":{"rendered":"<p>The creation of the Los Angeles Catholic University of Chimbote goes back to the effort of the community and of the young people who sought the realization of their noble ideals. Thus, on June 12, 1985, the Parliament of the Republic by law No. 24163 created the University in order to offer professional training and [&hellip;]<\/p>\n","protected":false},"author":1,"featured_media":0,"parent":126,"menu_order":4,"comment_status":"closed","ping_status":"closed","template":"","meta":{"_uag_custom_page_level_css":"","site-sidebar-layout":"default","site-content-layout":"","ast-site-content-layout":"","site-content-style":"default","site-sidebar-style":"default","ast-global-header-display":"","ast-banner-title-visibility":"","ast-main-header-display":"","ast-hfb-above-header-display":"","ast-hfb-below-header-display":"","ast-hfb-mobile-header-display":"","site-post-title":"","ast-breadcrumbs-content":"","ast-featured-img":"","footer-sml-layout":"","theme-transparent-header-meta":"","adv-header-id-meta":"","stick-header-meta":"","header-above-stick-meta":"","header-main-stick-meta":"","header-below-stick-meta":"","astra-migrate-meta-layouts":"default","ast-page-background-enabled":"default","ast-page-background-meta":{"desktop":{"background-color":"var(--ast-global-color-4)","background-image":"","background-repeat":"repeat","background-position":"center center","background-size":"auto","background-attachment":"scroll","background-type":"","background-media":"","overlay-type":"","overlay-color":"","overlay-opacity":"","overlay-gradient":""},"tablet":{"background-color":"","background-image":"","background-repeat":"repeat","background-position":"center center","background-size":"auto","background-attachment":"scroll","background-type":"","background-media":"","overlay-type":"","overlay-color":"","overlay-opacity":"","overlay-gradient":""},"mobile":{"background-color":"","background-image":"","background-repeat":"repeat","background-position":"center center","background-size":"auto","background-attachment":"scroll","background-type":"","background-media":"","overlay-type":"","overlay-color":"","overlay-opacity":"","overlay-gradient":""}},"ast-content-background-meta":{"desktop":{"background-color":"var(--ast-global-color-5)","background-image":"","background-repeat":"repeat","background-position":"center center","background-size":"auto","background-attachment":"scroll","background-type":"","background-media":"","overlay-type":"","overlay-color":"","overlay-opacity":"","overlay-gradient":""},"tablet":{"background-color":"var(--ast-global-color-5)","background-image":"","background-repeat":"repeat","background-position":"center center","background-size":"auto","background-attachment":"scroll","background-type":"","background-media":"","overlay-type":"","overlay-color":"","overlay-opacity":"","overlay-gradient":""},"mobile":{"background-color":"var(--ast-global-color-5)","background-image":"","background-repeat":"repeat","background-position":"center center","background-size":"auto","background-attachment":"scroll","background-type":"","background-media":"","overlay-type":"","overlay-color":"","overlay-opacity":"","overlay-gradient":""}},"footnotes":""},"class_list":["post-136","page","type-page","status-publish","hentry"],"yoast_head":"<!-- This site is optimized with the Yoast SEO Premium plugin v23.0 (Yoast SEO v23.0) - https:\/\/yoast.com\/wordpress\/plugins\/seo\/ -->\n<title>History:The university - ULADECH Cat\u00f3lica<\/title>\n<meta name=\"robots\" content=\"index, follow, max-snippet:-1, max-image-preview:large, max-video-preview:-1\" \/>\n<link rel=\"canonical\" href=\"https:\/\/www.uladech.edu.pe\/en\/la-universidad\/historia\/\" \/>\n<meta property=\"og:locale\" content=\"en_US\" \/>\n<meta property=\"og:type\" content=\"article\" \/>\n<meta property=\"og:title\" content=\"History:The university\" \/>\n<meta property=\"og:description\" content=\"The creation of the Los Angeles Catholic University of Chimbote goes back to the effort of the community and of the young people who sought the realization of their noble ideals. Thus, on June 12, 1985, the Parliament of the Republic by law No. 24163 created the University in order to offer professional training and [&hellip;]\" \/>\n<meta property=\"og:url\" content=\"https:\/\/www.uladech.edu.pe\/en\/la-universidad\/historia\/\" \/>\n<meta property=\"og:site_name\" content=\"ULADECH Cat\u00f3lica\" \/>\n<meta property=\"article:publisher\" content=\"https:\/\/www.facebook.com\/uladechcatolicaoficial\" \/>\n<meta property=\"article:modified_time\" content=\"2023-07-19T17:39:56+00:00\" \/>\n<meta name=\"twitter:card\" content=\"summary_large_image\" \/>\n<meta name=\"twitter:site\" content=\"@uladechcatolica\" \/>\n<meta name=\"twitter:label1\" content=\"Est. reading time\" \/>\n\t<meta name=\"twitter:data1\" content=\"2 minutes\" \/>\n<script type=\"application\/ld+json\" class=\"yoast-schema-graph\">{\"@context\":\"https:\/\/schema.org\",\"@graph\":[{\"@type\":\"WebPage\",\"@id\":\"https:\/\/www.uladech.edu.pe\/en\/la-universidad\/historia\/\",\"url\":\"https:\/\/www.uladech.edu.pe\/en\/la-universidad\/historia\/\",\"name\":\"History:The university - ULADECH Cat\u00f3lica\",\"isPartOf\":{\"@id\":\"https:\/\/www.uladech.edu.pe\/en\/#website\"},\"datePublished\":\"2022-08-12T16:53:00+00:00\",\"dateModified\":\"2023-07-19T17:39:56+00:00\",\"breadcrumb\":{\"@id\":\"https:\/\/www.uladech.edu.pe\/en\/la-universidad\/historia\/#breadcrumb\"},\"inLanguage\":\"en-US\",\"potentialAction\":[{\"@type\":\"ReadAction\",\"target\":[\"https:\/\/www.uladech.edu.pe\/en\/la-universidad\/historia\/\"]}]},{\"@type\":\"BreadcrumbList\",\"@id\":\"https:\/\/www.uladech.edu.pe\/en\/la-universidad\/historia\/#breadcrumb\",\"itemListElement\":[{\"@type\":\"ListItem\",\"position\":1,\"name\":\"Portada\",\"item\":\"https:\/\/www.uladech.edu.pe\/en\/\"},{\"@type\":\"ListItem\",\"position\":2,\"name\":\"The university\",\"item\":\"https:\/\/www.uladech.edu.pe\/en\/la-universidad\/\"},{\"@type\":\"ListItem\",\"position\":3,\"name\":\"History:The university\"}]},{\"@type\":\"WebSite\",\"@id\":\"https:\/\/www.uladech.edu.pe\/en\/#website\",\"url\":\"https:\/\/www.uladech.edu.pe\/en\/\",\"name\":\"ULADECH CAT\u00d3LICA: Universidad Cat\u00f3lica Los \u00c1ngeles de Chimbote\",\"description\":\"Catholic University Los Angeles de Chimbote\",\"publisher\":{\"@id\":\"https:\/\/www.uladech.edu.pe\/en\/#organization\"},\"alternateName\":\"ULADECH CAT\u00d3LICA\",\"potentialAction\":[{\"@type\":\"SearchAction\",\"target\":{\"@type\":\"EntryPoint\",\"urlTemplate\":\"https:\/\/www.uladech.edu.pe\/en\/?s={search_term_string}\"},\"query-input\":\"required name=search_term_string\"}],\"inLanguage\":\"en-US\"},{\"@type\":\"Organization\",\"@id\":\"https:\/\/www.uladech.edu.pe\/en\/#organization\",\"name\":\"Universidad Cat\u00f3lica Los \u00c1ngeles de Chimbote\",\"alternateName\":\"ULADECH CAT\u00d3LICA\",\"url\":\"https:\/\/www.uladech.edu.pe\/en\/\",\"logo\":{\"@type\":\"ImageObject\",\"inLanguage\":\"en-US\",\"@id\":\"https:\/\/www.uladech.edu.pe\/en\/#\/schema\/logo\/image\/\",\"url\":\"https:\/\/www.uladech.edu.pe\/en\/wp-content\/uploads\/2022\/11\/uladechcatolica-logo-purple.png\",\"contentUrl\":\"https:\/\/www.uladech.edu.pe\/en\/wp-content\/uploads\/2022\/11\/uladechcatolica-logo-purple.png\",\"width\":626,\"height\":445,\"caption\":\"Universidad Cat\u00f3lica Los \u00c1ngeles de Chimbote\"},\"image\":{\"@id\":\"https:\/\/www.uladech.edu.pe\/en\/#\/schema\/logo\/image\/\"},\"sameAs\":[\"https:\/\/www.facebook.com\/uladechcatolicaoficial\",\"https:\/\/x.com\/uladechcatolica\",\"https:\/\/www.youtube.com\/user\/UladechCatolica\",\"https:\/\/www.instagram.com\/uladechcatolica\"]}]}<\/script>\n<!-- \/ Yoast SEO Premium plugin. -->","yoast_head_json":{"title":"History:The university - ULADECH Cat\u00f3lica","robots":{"index":"index","follow":"follow","max-snippet":"max-snippet:-1","max-image-preview":"max-image-preview:large","max-video-preview":"max-video-preview:-1"},"canonical":"https:\/\/www.uladech.edu.pe\/en\/la-universidad\/historia\/","og_locale":"en_US","og_type":"article","og_title":"History:The university","og_description":"The creation of the Los Angeles Catholic University of Chimbote goes back to the effort of the community and of the young people who sought the realization of their noble ideals. Thus, on June 12, 1985, the Parliament of the Republic by law No. 24163 created the University in order to offer professional training and [&hellip;]","og_url":"https:\/\/www.uladech.edu.pe\/en\/la-universidad\/historia\/","og_site_name":"ULADECH Cat\u00f3lica","article_publisher":"https:\/\/www.facebook.com\/uladechcatolicaoficial","article_modified_time":"2023-07-19T17:39:56+00:00","twitter_card":"summary_large_image","twitter_site":"@uladechcatolica","twitter_misc":{"Est. reading time":"2 minutes"},"schema":{"@context":"https:\/\/schema.org","@graph":[{"@type":"WebPage","@id":"https:\/\/www.uladech.edu.pe\/en\/la-universidad\/historia\/","url":"https:\/\/www.uladech.edu.pe\/en\/la-universidad\/historia\/","name":"History:The university - ULADECH Cat\u00f3lica","isPartOf":{"@id":"https:\/\/www.uladech.edu.pe\/en\/#website"},"datePublished":"2022-08-12T16:53:00+00:00","dateModified":"2023-07-19T17:39:56+00:00","breadcrumb":{"@id":"https:\/\/www.uladech.edu.pe\/en\/la-universidad\/historia\/#breadcrumb"},"inLanguage":"en-US","potentialAction":[{"@type":"ReadAction","target":["https:\/\/www.uladech.edu.pe\/en\/la-universidad\/historia\/"]}]},{"@type":"BreadcrumbList","@id":"https:\/\/www.uladech.edu.pe\/en\/la-universidad\/historia\/#breadcrumb","itemListElement":[{"@type":"ListItem","position":1,"name":"Portada","item":"https:\/\/www.uladech.edu.pe\/en\/"},{"@type":"ListItem","position":2,"name":"The university","item":"https:\/\/www.uladech.edu.pe\/en\/la-universidad\/"},{"@type":"ListItem","position":3,"name":"History:The university"}]},{"@type":"WebSite","@id":"https:\/\/www.uladech.edu.pe\/en\/#website","url":"https:\/\/www.uladech.edu.pe\/en\/","name":"ULADECH CAT\u00d3LICA: Universidad Cat\u00f3lica Los \u00c1ngeles de Chimbote","description":"Catholic University Los Angeles de Chimbote","publisher":{"@id":"https:\/\/www.uladech.edu.pe\/en\/#organization"},"alternateName":"ULADECH CAT\u00d3LICA","potentialAction":[{"@type":"SearchAction","target":{"@type":"EntryPoint","urlTemplate":"https:\/\/www.uladech.edu.pe\/en\/?s={search_term_string}"},"query-input":"required name=search_term_string"}],"inLanguage":"en-US"},{"@type":"Organization","@id":"https:\/\/www.uladech.edu.pe\/en\/#organization","name":"Universidad Cat\u00f3lica Los \u00c1ngeles de Chimbote","alternateName":"ULADECH CAT\u00d3LICA","url":"https:\/\/www.uladech.edu.pe\/en\/","logo":{"@type":"ImageObject","inLanguage":"en-US","@id":"https:\/\/www.uladech.edu.pe\/en\/#\/schema\/logo\/image\/","url":"https:\/\/www.uladech.edu.pe\/en\/wp-content\/uploads\/2022\/11\/uladechcatolica-logo-purple.png","contentUrl":"https:\/\/www.uladech.edu.pe\/en\/wp-content\/uploads\/2022\/11\/uladechcatolica-logo-purple.png","width":626,"height":445,"caption":"Universidad Cat\u00f3lica Los \u00c1ngeles de Chimbote"},"image":{"@id":"https:\/\/www.uladech.edu.pe\/en\/#\/schema\/logo\/image\/"},"sameAs":["https:\/\/www.facebook.com\/uladechcatolicaoficial","https:\/\/x.com\/uladechcatolica","https:\/\/www.youtube.com\/user\/UladechCatolica","https:\/\/www.instagram.com\/uladechcatolica"]}]}},"uagb_featured_image_src":{"full":false,"thumbnail":false,"medium":false,"medium_large":false,"large":false,"1536x1536":false,"2048x2048":false},"uagb_author_info":{"display_name":"uladechcatolica","author_link":"https:\/\/www.uladech.edu.pe\/en\/author\/uladechcatolica\/"},"uagb_comment_info":0,"uagb_excerpt":"The creation of the Los Angeles Catholic University of Chimbote goes back to the effort of the community and of the young people who sought the realization of their noble ideals. Thus, on June 12, 1985, the Parliament of the Republic by law No. 24163 created the University in order to offer professional training and&hellip;","_links":{"self":[{"href":"https:\/\/www.uladech.edu.pe\/en\/wp-json\/wp\/v2\/pages\/136","targetHints":{"allow":["GET"]}}],"collection":[{"href":"https:\/\/www.uladech.edu.pe\/en\/wp-json\/wp\/v2\/pages"}],"about":[{"href":"https:\/\/www.uladech.edu.pe\/en\/wp-json\/wp\/v2\/types\/page"}],"author":[{"embeddable":true,"href":"https:\/\/www.uladech.edu.pe\/en\/wp-json\/wp\/v2\/users\/1"}],"replies":[{"embeddable":true,"href":"https:\/\/www.uladech.edu.pe\/en\/wp-json\/wp\/v2\/comments?post=136"}],"version-history":[{"count":17,"href":"https:\/\/www.uladech.edu.pe\/en\/wp-json\/wp\/v2\/pages\/136\/revisions"}],"predecessor-version":[{"id":7919,"href":"https:\/\/www.uladech.edu.pe\/en\/wp-json\/wp\/v2\/pages\/136\/revisions\/7919"}],"up":[{"embeddable":true,"href":"https:\/\/www.uladech.edu.pe\/en\/wp-json\/wp\/v2\/pages\/126"}],"wp:attachment":[{"href":"https:\/\/www.uladech.edu.pe\/en\/wp-json\/wp\/v2\/media?parent=136"}],"curies":[{"name":"wp","href":"https:\/\/api.w.org\/{rel}","templated":true}]}}