{"id":151,"date":"2022-08-12T12:16:01","date_gmt":"2022-08-12T17:16:01","guid":{"rendered":"https:\/\/webdev.uladech.edu.pe\/?page_id=151"},"modified":"2022-11-14T17:26:13","modified_gmt":"2022-11-14T22:26:13","slug":"servicio-de-salud","status":"publish","type":"page","link":"https:\/\/www.uladech.edu.pe\/en\/servicios\/bienestar-universitario\/servicio-de-salud\/","title":{"rendered":"Servicio de Salud"},"content":{"rendered":"\t\t<div data-elementor-type=\"wp-page\" data-elementor-id=\"151\" class=\"elementor elementor-151\" data-elementor-post-type=\"page\">\n\t\t\t\t\t\t<section class=\"elementor-section elementor-top-section elementor-element elementor-element-bcd22cb elementor-section-boxed elementor-section-height-default elementor-section-height-default\" data-id=\"bcd22cb\" data-element_type=\"section\">\n\t\t\t\t\t\t<div class=\"elementor-container elementor-column-gap-default\">\n\t\t\t\t\t<div class=\"elementor-column elementor-col-33 elementor-top-column elementor-element elementor-element-1d21f16\" data-id=\"1d21f16\" data-element_type=\"column\" data-settings=\"{&quot;background_background&quot;:&quot;classic&quot;}\">\n\t\t\t<div class=\"elementor-widget-wrap elementor-element-populated\">\n\t\t\t\t\t\t<div class=\"elementor-element elementor-element-c1b9379 elementor-widget elementor-widget-heading\" data-id=\"c1b9379\" data-element_type=\"widget\" data-widget_type=\"heading.default\">\n\t\t\t\t<div class=\"elementor-widget-container\">\n\t\t\t<style>\/*! elementor - v3.23.0 - 15-07-2024 *\/\n.elementor-heading-title{padding:0;margin:0;line-height:1}.elementor-widget-heading .elementor-heading-title[class*=elementor-size-]>a{color:inherit;font-size:inherit;line-height:inherit}.elementor-widget-heading .elementor-heading-title.elementor-size-small{font-size:15px}.elementor-widget-heading .elementor-heading-title.elementor-size-medium{font-size:19px}.elementor-widget-heading .elementor-heading-title.elementor-size-large{font-size:29px}.elementor-widget-heading .elementor-heading-title.elementor-size-xl{font-size:39px}.elementor-widget-heading .elementor-heading-title.elementor-size-xxl{font-size:59px}<\/style><h4 class=\"elementor-heading-title elementor-size-default\">Servicios de Salud<\/h4>\t\t<\/div>\n\t\t\t\t<\/div>\n\t\t\t\t<div class=\"elementor-element elementor-element-6be70d3 elementor-nav-menu__align-justify elementor-nav-menu--stretch elementor-nav-menu--dropdown-tablet elementor-nav-menu__text-align-aside elementor-nav-menu--toggle elementor-nav-menu--burger elementor-widget elementor-widget-nav-menu\" data-id=\"6be70d3\" data-element_type=\"widget\" data-settings=\"{&quot;layout&quot;:&quot;vertical&quot;,&quot;full_width&quot;:&quot;stretch&quot;,&quot;submenu_icon&quot;:{&quot;value&quot;:&quot;&lt;i class=\\&quot;fas fa-caret-down\\&quot;&gt;&lt;\\\/i&gt;&quot;,&quot;library&quot;:&quot;fa-solid&quot;},&quot;toggle&quot;:&quot;burger&quot;}\" data-widget_type=\"nav-menu.default\">\n\t\t\t\t<div class=\"elementor-widget-container\">\n\t\t\t<link rel=\"stylesheet\" href=\"https:\/\/www.uladech.edu.pe\/en\/wp-content\/plugins\/elementor-pro\/assets\/css\/widget-nav-menu.min.css?ver=1721065577\">\t\t\t<nav aria-label=\"Menu\" class=\"elementor-nav-menu--main elementor-nav-menu__container elementor-nav-menu--layout-vertical e--pointer-none\">\n\t\t\t\t<ul id=\"menu-1-6be70d3\" class=\"elementor-nav-menu sm-vertical\"><li class=\"menu-item menu-item-type-post_type menu-item-object-page menu-item-4272\"><a href=\"https:\/\/www.uladech.edu.pe\/en\/servicios\/bienestar-universitario\/servicio-de-salud\/\" class=\"elementor-item menu-link\">Presentaci\u00f3n<\/a><\/li>\n<li class=\"menu-item menu-item-type-post_type menu-item-object-page menu-item-4433\"><a href=\"https:\/\/www.uladech.edu.pe\/en\/servicios\/bienestar-universitario\/servicio-de-salud\/actividades-salud\/\" class=\"elementor-item menu-link\">Actividades<\/a><\/li>\n<li class=\"menu-item menu-item-type-post_type menu-item-object-page menu-item-4276\"><a href=\"https:\/\/www.uladech.edu.pe\/en\/servicios\/bienestar-universitario\/servicio-de-salud\/informes\/\" class=\"elementor-item menu-link\">Informes<\/a><\/li>\n<li class=\"menu-item menu-item-type-post_type menu-item-object-page menu-item-4251\"><a href=\"https:\/\/www.uladech.edu.pe\/en\/servicios\/bienestar-universitario\/servicio-de-salud\/horario-de-atencion\/\" class=\"elementor-item menu-link\">Horario de Atenci\u00f3n<\/a><\/li>\n<\/ul>\t\t\t<\/nav>\n\t\t\t\t\t<div class=\"elementor-menu-toggle\" role=\"button\" tabindex=\"0\" aria-label=\"Menu Toggle\" aria-expanded=\"false\">\n\t\t\t<i aria-hidden=\"true\" role=\"presentation\" class=\"elementor-menu-toggle__icon--open eicon-menu-bar\"><\/i><i aria-hidden=\"true\" role=\"presentation\" class=\"elementor-menu-toggle__icon--close eicon-close\"><\/i>\t\t\t<span class=\"elementor-screen-only\">Menu<\/span>\n\t\t<\/div>\n\t\t\t\t\t<nav class=\"elementor-nav-menu--dropdown elementor-nav-menu__container\" aria-hidden=\"true\">\n\t\t\t\t<ul id=\"menu-2-6be70d3\" class=\"elementor-nav-menu sm-vertical\"><li class=\"menu-item menu-item-type-post_type menu-item-object-page menu-item-4272\"><a href=\"https:\/\/www.uladech.edu.pe\/en\/servicios\/bienestar-universitario\/servicio-de-salud\/\" class=\"elementor-item menu-link\" tabindex=\"-1\">Presentaci\u00f3n<\/a><\/li>\n<li class=\"menu-item menu-item-type-post_type menu-item-object-page menu-item-4433\"><a href=\"https:\/\/www.uladech.edu.pe\/en\/servicios\/bienestar-universitario\/servicio-de-salud\/actividades-salud\/\" class=\"elementor-item menu-link\" tabindex=\"-1\">Actividades<\/a><\/li>\n<li class=\"menu-item menu-item-type-post_type menu-item-object-page menu-item-4276\"><a href=\"https:\/\/www.uladech.edu.pe\/en\/servicios\/bienestar-universitario\/servicio-de-salud\/informes\/\" class=\"elementor-item menu-link\" tabindex=\"-1\">Informes<\/a><\/li>\n<li class=\"menu-item menu-item-type-post_type menu-item-object-page menu-item-4251\"><a href=\"https:\/\/www.uladech.edu.pe\/en\/servicios\/bienestar-universitario\/servicio-de-salud\/horario-de-atencion\/\" class=\"elementor-item menu-link\" tabindex=\"-1\">Horario de Atenci\u00f3n<\/a><\/li>\n<\/ul>\t\t\t<\/nav>\n\t\t\t\t<\/div>\n\t\t\t\t<\/div>\n\t\t\t\t\t<\/div>\n\t\t<\/div>\n\t\t\t\t<div class=\"elementor-column elementor-col-66 elementor-top-column elementor-element elementor-element-6c2c36f\" data-id=\"6c2c36f\" data-element_type=\"column\">\n\t\t\t<div class=\"elementor-widget-wrap elementor-element-populated\">\n\t\t\t\t\t\t<section class=\"elementor-section elementor-inner-section elementor-element elementor-element-1f10155 elementor-section-boxed elementor-section-height-default elementor-section-height-default\" data-id=\"1f10155\" data-element_type=\"section\">\n\t\t\t\t\t\t<div class=\"elementor-container elementor-column-gap-default\">\n\t\t\t\t\t<div class=\"elementor-column elementor-col-100 elementor-inner-column elementor-element elementor-element-f75fe91\" data-id=\"f75fe91\" data-element_type=\"column\">\n\t\t\t<div class=\"elementor-widget-wrap elementor-element-populated\">\n\t\t\t\t\t\t<div class=\"elementor-element elementor-element-28a91b9 elementor-widget elementor-widget-heading\" data-id=\"28a91b9\" data-element_type=\"widget\" data-widget_type=\"heading.default\">\n\t\t\t\t<div class=\"elementor-widget-container\">\n\t\t\t<h2 class=\"elementor-heading-title elementor-size-default\">Presentaci\u00f3n<\/h2>\t\t<\/div>\n\t\t\t\t<\/div>\n\t\t\t\t<div class=\"elementor-element elementor-element-c3fb0e1 elementor-widget elementor-widget-text-editor\" data-id=\"c3fb0e1\" data-element_type=\"widget\" data-widget_type=\"text-editor.default\">\n\t\t\t\t<div class=\"elementor-widget-container\">\n\t\t\t<style>\/*! elementor - v3.23.0 - 15-07-2024 *\/\n.elementor-widget-text-editor.elementor-drop-cap-view-stacked .elementor-drop-cap{background-color:#69727d;color:#fff}.elementor-widget-text-editor.elementor-drop-cap-view-framed .elementor-drop-cap{color:#69727d;border:3px solid;background-color:transparent}.elementor-widget-text-editor:not(.elementor-drop-cap-view-default) .elementor-drop-cap{margin-top:8px}.elementor-widget-text-editor:not(.elementor-drop-cap-view-default) .elementor-drop-cap-letter{width:1em;height:1em}.elementor-widget-text-editor .elementor-drop-cap{float:left;text-align:center;line-height:1;font-size:50px}.elementor-widget-text-editor .elementor-drop-cap-letter{display:inline-block}<\/style>\t\t\t\t<p>El Servicio de Salud tiene como funci\u00f3n esencial velar por la salud de toda la comunidad universitaria, identificamos, prevenimos, promocionamos la salud, adem\u00e1s se brinda las diferentes actividades: Supervisi\u00f3n y capacitaci\u00f3n al personal de los t\u00f3picos, sesiones educativas de prevenci\u00f3n y promoci\u00f3n de la salud, chequeo m\u00e9dico, seguimiento de casos de problema de salud, seguro estudiantil contra accidentes y atenci\u00f3n en t\u00f3pico actualmente se cuenta con t\u00f3picos en sede central y filiales.<br \/><strong>Los objetivos del Servicio de Salud son:<\/strong><br \/><br \/><strong>a)<\/strong> Brindar los primeros auxilios por medio de t\u00f3picos y botiquines a la comunidad universitaria.<br \/><br \/><strong>b)<\/strong> Promover y elaborar proyectos de las actividades de prevenci\u00f3n de enfermedades a cargo sesiones educativas.<br \/><br \/><strong>c)<\/strong> Elaborar programas de atenci\u00f3n, sesiones educativas, promover acciones orientadas al programa de alimentaci\u00f3n saludable.<\/p>\t\t\t\t\t\t<\/div>\n\t\t\t\t<\/div>\n\t\t\t\t\t<\/div>\n\t\t<\/div>\n\t\t\t\t\t<\/div>\n\t\t<\/section>\n\t\t\t\t\t<\/div>\n\t\t<\/div>\n\t\t\t\t\t<\/div>\n\t\t<\/section>\n\t\t\t\t<\/div>\n\t\t","protected":false},"excerpt":{"rendered":"<p>Servicios de Salud Presentaci\u00f3n El Servicio de Salud tiene como funci\u00f3n esencial velar por la salud de toda la comunidad universitaria, identificamos, prevenimos, promocionamos la salud, adem\u00e1s se brinda las diferentes actividades: Supervisi\u00f3n y capacitaci\u00f3n al personal de los t\u00f3picos, sesiones educativas de prevenci\u00f3n y promoci\u00f3n de la salud, chequeo m\u00e9dico, seguimiento de casos de [&hellip;]<\/p>\n","protected":false},"author":1,"featured_media":0,"parent":147,"menu_order":0,"comment_status":"closed","ping_status":"closed","template":"","meta":{"_uag_custom_page_level_css":"","site-sidebar-layout":"no-sidebar","site-content-layout":"page-builder","ast-site-content-layout":"","site-content-style":"default","site-sidebar-style":"default","ast-global-header-display":"","ast-banner-title-visibility":"","ast-main-header-display":"","ast-hfb-above-header-display":"","ast-hfb-below-header-display":"","ast-hfb-mobile-header-display":"","site-post-title":"disabled","ast-breadcrumbs-content":"","ast-featured-img":"disabled","footer-sml-layout":"","theme-transparent-header-meta":"","adv-header-id-meta":"","stick-header-meta":"","header-above-stick-meta":"","header-main-stick-meta":"","header-below-stick-meta":"","astra-migrate-meta-layouts":"default","ast-page-background-enabled":"default","ast-page-background-meta":{"desktop":{"background-color":"var(--ast-global-color-4)","background-image":"","background-repeat":"repeat","background-position":"center center","background-size":"auto","background-attachment":"scroll","background-type":"","background-media":"","overlay-type":"","overlay-color":"","overlay-opacity":"","overlay-gradient":""},"tablet":{"background-color":"","background-image":"","background-repeat":"repeat","background-position":"center center","background-size":"auto","background-attachment":"scroll","background-type":"","background-media":"","overlay-type":"","overlay-color":"","overlay-opacity":"","overlay-gradient":""},"mobile":{"background-color":"","background-image":"","background-repeat":"repeat","background-position":"center center","background-size":"auto","background-attachment":"scroll","background-type":"","background-media":"","overlay-type":"","overlay-color":"","overlay-opacity":"","overlay-gradient":""}},"ast-content-background-meta":{"desktop":{"background-color":"var(--ast-global-color-5)","background-image":"","background-repeat":"repeat","background-position":"center center","background-size":"auto","background-attachment":"scroll","background-type":"","background-media":"","overlay-type":"","overlay-color":"","overlay-opacity":"","overlay-gradient":""},"tablet":{"background-color":"var(--ast-global-color-5)","background-image":"","background-repeat":"repeat","background-position":"center center","background-size":"auto","background-attachment":"scroll","background-type":"","background-media":"","overlay-type":"","overlay-color":"","overlay-opacity":"","overlay-gradient":""},"mobile":{"background-color":"var(--ast-global-color-5)","background-image":"","background-repeat":"repeat","background-position":"center center","background-size":"auto","background-attachment":"scroll","background-type":"","background-media":"","overlay-type":"","overlay-color":"","overlay-opacity":"","overlay-gradient":""}},"footnotes":""},"class_list":["post-151","page","type-page","status-publish","hentry"],"yoast_head":"<!-- This site is optimized with the Yoast SEO Premium plugin v23.0 (Yoast SEO v23.0) - https:\/\/yoast.com\/wordpress\/plugins\/seo\/ -->\n<title>Servicio de Salud - ULADECH Cat\u00f3lica<\/title>\n<meta name=\"robots\" content=\"index, follow, max-snippet:-1, max-image-preview:large, max-video-preview:-1\" \/>\n<link rel=\"canonical\" href=\"https:\/\/www.uladech.edu.pe\/en\/servicios\/bienestar-universitario\/servicio-de-salud\/\" \/>\n<meta property=\"og:locale\" content=\"en_US\" \/>\n<meta property=\"og:type\" content=\"article\" \/>\n<meta property=\"og:title\" content=\"Servicio de Salud\" \/>\n<meta property=\"og:description\" content=\"Servicios de Salud Presentaci\u00f3n El Servicio de Salud tiene como funci\u00f3n esencial velar por la salud de toda la comunidad universitaria, identificamos, prevenimos, promocionamos la salud, adem\u00e1s se brinda las diferentes actividades: Supervisi\u00f3n y capacitaci\u00f3n al personal de los t\u00f3picos, sesiones educativas de prevenci\u00f3n y promoci\u00f3n de la salud, chequeo m\u00e9dico, seguimiento de casos de [&hellip;]\" \/>\n<meta property=\"og:url\" content=\"https:\/\/www.uladech.edu.pe\/en\/servicios\/bienestar-universitario\/servicio-de-salud\/\" \/>\n<meta property=\"og:site_name\" content=\"ULADECH Cat\u00f3lica\" \/>\n<meta property=\"article:publisher\" content=\"https:\/\/www.facebook.com\/uladechcatolicaoficial\" \/>\n<meta property=\"article:modified_time\" content=\"2022-11-14T22:26:13+00:00\" \/>\n<meta name=\"twitter:card\" content=\"summary_large_image\" \/>\n<meta name=\"twitter:site\" content=\"@uladechcatolica\" \/>\n<meta name=\"twitter:label1\" content=\"Est. reading time\" \/>\n\t<meta name=\"twitter:data1\" content=\"1 minute\" \/>\n<script type=\"application\/ld+json\" class=\"yoast-schema-graph\">{\"@context\":\"https:\/\/schema.org\",\"@graph\":[{\"@type\":\"WebPage\",\"@id\":\"https:\/\/www.uladech.edu.pe\/en\/servicios\/bienestar-universitario\/servicio-de-salud\/\",\"url\":\"https:\/\/www.uladech.edu.pe\/en\/servicios\/bienestar-universitario\/servicio-de-salud\/\",\"name\":\"Servicio de Salud - ULADECH Cat\u00f3lica\",\"isPartOf\":{\"@id\":\"https:\/\/www.uladech.edu.pe\/en\/#website\"},\"datePublished\":\"2022-08-12T17:16:01+00:00\",\"dateModified\":\"2022-11-14T22:26:13+00:00\",\"breadcrumb\":{\"@id\":\"https:\/\/www.uladech.edu.pe\/en\/servicios\/bienestar-universitario\/servicio-de-salud\/#breadcrumb\"},\"inLanguage\":\"en-US\",\"potentialAction\":[{\"@type\":\"ReadAction\",\"target\":[\"https:\/\/www.uladech.edu.pe\/en\/servicios\/bienestar-universitario\/servicio-de-salud\/\"]}]},{\"@type\":\"BreadcrumbList\",\"@id\":\"https:\/\/www.uladech.edu.pe\/en\/servicios\/bienestar-universitario\/servicio-de-salud\/#breadcrumb\",\"itemListElement\":[{\"@type\":\"ListItem\",\"position\":1,\"name\":\"Portada\",\"item\":\"https:\/\/www.uladech.edu.pe\/en\/\"},{\"@type\":\"ListItem\",\"position\":2,\"name\":\"Servicios\",\"item\":\"https:\/\/www.uladech.edu.pe\/en\/servicios\/\"},{\"@type\":\"ListItem\",\"position\":3,\"name\":\"Bienestar Universitario\",\"item\":\"https:\/\/www.uladech.edu.pe\/en\/servicios\/bienestar-universitario\/\"},{\"@type\":\"ListItem\",\"position\":4,\"name\":\"Servicio de Salud\"}]},{\"@type\":\"WebSite\",\"@id\":\"https:\/\/www.uladech.edu.pe\/en\/#website\",\"url\":\"https:\/\/www.uladech.edu.pe\/en\/\",\"name\":\"ULADECH CAT\u00d3LICA: Universidad Cat\u00f3lica Los \u00c1ngeles de Chimbote\",\"description\":\"Catholic University Los Angeles de Chimbote\",\"publisher\":{\"@id\":\"https:\/\/www.uladech.edu.pe\/en\/#organization\"},\"alternateName\":\"ULADECH CAT\u00d3LICA\",\"potentialAction\":[{\"@type\":\"SearchAction\",\"target\":{\"@type\":\"EntryPoint\",\"urlTemplate\":\"https:\/\/www.uladech.edu.pe\/en\/?s={search_term_string}\"},\"query-input\":\"required name=search_term_string\"}],\"inLanguage\":\"en-US\"},{\"@type\":\"Organization\",\"@id\":\"https:\/\/www.uladech.edu.pe\/en\/#organization\",\"name\":\"Universidad Cat\u00f3lica Los \u00c1ngeles de Chimbote\",\"alternateName\":\"ULADECH CAT\u00d3LICA\",\"url\":\"https:\/\/www.uladech.edu.pe\/en\/\",\"logo\":{\"@type\":\"ImageObject\",\"inLanguage\":\"en-US\",\"@id\":\"https:\/\/www.uladech.edu.pe\/en\/#\/schema\/logo\/image\/\",\"url\":\"https:\/\/www.uladech.edu.pe\/en\/wp-content\/uploads\/2022\/11\/uladechcatolica-logo-purple.png\",\"contentUrl\":\"https:\/\/www.uladech.edu.pe\/en\/wp-content\/uploads\/2022\/11\/uladechcatolica-logo-purple.png\",\"width\":626,\"height\":445,\"caption\":\"Universidad Cat\u00f3lica Los \u00c1ngeles de Chimbote\"},\"image\":{\"@id\":\"https:\/\/www.uladech.edu.pe\/en\/#\/schema\/logo\/image\/\"},\"sameAs\":[\"https:\/\/www.facebook.com\/uladechcatolicaoficial\",\"https:\/\/x.com\/uladechcatolica\",\"https:\/\/www.youtube.com\/user\/UladechCatolica\",\"https:\/\/www.instagram.com\/uladechcatolica\"]}]}<\/script>\n<!-- \/ Yoast SEO Premium plugin. -->","yoast_head_json":{"title":"Servicio de Salud - ULADECH Cat\u00f3lica","robots":{"index":"index","follow":"follow","max-snippet":"max-snippet:-1","max-image-preview":"max-image-preview:large","max-video-preview":"max-video-preview:-1"},"canonical":"https:\/\/www.uladech.edu.pe\/en\/servicios\/bienestar-universitario\/servicio-de-salud\/","og_locale":"en_US","og_type":"article","og_title":"Servicio de Salud","og_description":"Servicios de Salud Presentaci\u00f3n El Servicio de Salud tiene como funci\u00f3n esencial velar por la salud de toda la comunidad universitaria, identificamos, prevenimos, promocionamos la salud, adem\u00e1s se brinda las diferentes actividades: Supervisi\u00f3n y capacitaci\u00f3n al personal de los t\u00f3picos, sesiones educativas de prevenci\u00f3n y promoci\u00f3n de la salud, chequeo m\u00e9dico, seguimiento de casos de [&hellip;]","og_url":"https:\/\/www.uladech.edu.pe\/en\/servicios\/bienestar-universitario\/servicio-de-salud\/","og_site_name":"ULADECH Cat\u00f3lica","article_publisher":"https:\/\/www.facebook.com\/uladechcatolicaoficial","article_modified_time":"2022-11-14T22:26:13+00:00","twitter_card":"summary_large_image","twitter_site":"@uladechcatolica","twitter_misc":{"Est. reading time":"1 minute"},"schema":{"@context":"https:\/\/schema.org","@graph":[{"@type":"WebPage","@id":"https:\/\/www.uladech.edu.pe\/en\/servicios\/bienestar-universitario\/servicio-de-salud\/","url":"https:\/\/www.uladech.edu.pe\/en\/servicios\/bienestar-universitario\/servicio-de-salud\/","name":"Servicio de Salud - ULADECH Cat\u00f3lica","isPartOf":{"@id":"https:\/\/www.uladech.edu.pe\/en\/#website"},"datePublished":"2022-08-12T17:16:01+00:00","dateModified":"2022-11-14T22:26:13+00:00","breadcrumb":{"@id":"https:\/\/www.uladech.edu.pe\/en\/servicios\/bienestar-universitario\/servicio-de-salud\/#breadcrumb"},"inLanguage":"en-US","potentialAction":[{"@type":"ReadAction","target":["https:\/\/www.uladech.edu.pe\/en\/servicios\/bienestar-universitario\/servicio-de-salud\/"]}]},{"@type":"BreadcrumbList","@id":"https:\/\/www.uladech.edu.pe\/en\/servicios\/bienestar-universitario\/servicio-de-salud\/#breadcrumb","itemListElement":[{"@type":"ListItem","position":1,"name":"Portada","item":"https:\/\/www.uladech.edu.pe\/en\/"},{"@type":"ListItem","position":2,"name":"Servicios","item":"https:\/\/www.uladech.edu.pe\/en\/servicios\/"},{"@type":"ListItem","position":3,"name":"Bienestar Universitario","item":"https:\/\/www.uladech.edu.pe\/en\/servicios\/bienestar-universitario\/"},{"@type":"ListItem","position":4,"name":"Servicio de Salud"}]},{"@type":"WebSite","@id":"https:\/\/www.uladech.edu.pe\/en\/#website","url":"https:\/\/www.uladech.edu.pe\/en\/","name":"ULADECH CAT\u00d3LICA: Universidad Cat\u00f3lica Los \u00c1ngeles de Chimbote","description":"Catholic University Los Angeles de Chimbote","publisher":{"@id":"https:\/\/www.uladech.edu.pe\/en\/#organization"},"alternateName":"ULADECH CAT\u00d3LICA","potentialAction":[{"@type":"SearchAction","target":{"@type":"EntryPoint","urlTemplate":"https:\/\/www.uladech.edu.pe\/en\/?s={search_term_string}"},"query-input":"required name=search_term_string"}],"inLanguage":"en-US"},{"@type":"Organization","@id":"https:\/\/www.uladech.edu.pe\/en\/#organization","name":"Universidad Cat\u00f3lica Los \u00c1ngeles de Chimbote","alternateName":"ULADECH CAT\u00d3LICA","url":"https:\/\/www.uladech.edu.pe\/en\/","logo":{"@type":"ImageObject","inLanguage":"en-US","@id":"https:\/\/www.uladech.edu.pe\/en\/#\/schema\/logo\/image\/","url":"https:\/\/www.uladech.edu.pe\/en\/wp-content\/uploads\/2022\/11\/uladechcatolica-logo-purple.png","contentUrl":"https:\/\/www.uladech.edu.pe\/en\/wp-content\/uploads\/2022\/11\/uladechcatolica-logo-purple.png","width":626,"height":445,"caption":"Universidad Cat\u00f3lica Los \u00c1ngeles de Chimbote"},"image":{"@id":"https:\/\/www.uladech.edu.pe\/en\/#\/schema\/logo\/image\/"},"sameAs":["https:\/\/www.facebook.com\/uladechcatolicaoficial","https:\/\/x.com\/uladechcatolica","https:\/\/www.youtube.com\/user\/UladechCatolica","https:\/\/www.instagram.com\/uladechcatolica"]}]}},"uagb_featured_image_src":{"full":false,"thumbnail":false,"medium":false,"medium_large":false,"large":false,"1536x1536":false,"2048x2048":false},"uagb_author_info":{"display_name":"uladechcatolica","author_link":"https:\/\/www.uladech.edu.pe\/en\/author\/uladechcatolica\/"},"uagb_comment_info":0,"uagb_excerpt":"Servicios de Salud Presentaci\u00f3n El Servicio de Salud tiene como funci\u00f3n esencial velar por la salud de toda la comunidad universitaria, identificamos, prevenimos, promocionamos la salud, adem\u00e1s se brinda las diferentes actividades: Supervisi\u00f3n y capacitaci\u00f3n al personal de los t\u00f3picos, sesiones educativas de prevenci\u00f3n y promoci\u00f3n de la salud, chequeo m\u00e9dico, seguimiento de casos de&hellip;","_links":{"self":[{"href":"https:\/\/www.uladech.edu.pe\/en\/wp-json\/wp\/v2\/pages\/151","targetHints":{"allow":["GET"]}}],"collection":[{"href":"https:\/\/www.uladech.edu.pe\/en\/wp-json\/wp\/v2\/pages"}],"about":[{"href":"https:\/\/www.uladech.edu.pe\/en\/wp-json\/wp\/v2\/types\/page"}],"author":[{"embeddable":true,"href":"https:\/\/www.uladech.edu.pe\/en\/wp-json\/wp\/v2\/users\/1"}],"replies":[{"embeddable":true,"href":"https:\/\/www.uladech.edu.pe\/en\/wp-json\/wp\/v2\/comments?post=151"}],"version-history":[{"count":120,"href":"https:\/\/www.uladech.edu.pe\/en\/wp-json\/wp\/v2\/pages\/151\/revisions"}],"predecessor-version":[{"id":5051,"href":"https:\/\/www.uladech.edu.pe\/en\/wp-json\/wp\/v2\/pages\/151\/revisions\/5051"}],"up":[{"embeddable":true,"href":"https:\/\/www.uladech.edu.pe\/en\/wp-json\/wp\/v2\/pages\/147"}],"wp:attachment":[{"href":"https:\/\/www.uladech.edu.pe\/en\/wp-json\/wp\/v2\/media?parent=151"}],"curies":[{"name":"wp","href":"https:\/\/api.w.org\/{rel}","templated":true}]}}