{"id":4950,"date":"2022-11-14T12:20:56","date_gmt":"2022-11-14T17:20:56","guid":{"rendered":"https:\/\/webdev.uladech.edu.pe\/?page_id=4950"},"modified":"2023-05-22T16:31:08","modified_gmt":"2023-05-22T21:31:08","slug":"actividades-culturales","status":"publish","type":"page","link":"https:\/\/www.uladech.edu.pe\/en\/servicios\/bienestar-universitario\/servicios-culturales-2\/actividades-culturales\/","title":{"rendered":"Actividades Art\u00edsticas y Culturales"},"content":{"rendered":"\t\t<div data-elementor-type=\"wp-page\" data-elementor-id=\"4950\" class=\"elementor elementor-4950\" data-elementor-post-type=\"page\">\n\t\t\t\t\t\t<section class=\"elementor-section elementor-top-section elementor-element elementor-element-6f66dab elementor-section-boxed elementor-section-height-default elementor-section-height-default\" data-id=\"6f66dab\" data-element_type=\"section\">\n\t\t\t\t\t\t<div class=\"elementor-container elementor-column-gap-default\">\n\t\t\t\t\t<div class=\"elementor-column elementor-col-33 elementor-top-column elementor-element elementor-element-bfb7794\" data-id=\"bfb7794\" data-element_type=\"column\" data-settings=\"{&quot;background_background&quot;:&quot;classic&quot;}\">\n\t\t\t<div class=\"elementor-widget-wrap elementor-element-populated\">\n\t\t\t\t\t\t<div class=\"elementor-element elementor-element-780a98d elementor-widget elementor-widget-heading\" data-id=\"780a98d\" data-element_type=\"widget\" data-widget_type=\"heading.default\">\n\t\t\t\t<div class=\"elementor-widget-container\">\n\t\t\t<style>\/*! elementor - v3.23.0 - 15-07-2024 *\/\n.elementor-heading-title{padding:0;margin:0;line-height:1}.elementor-widget-heading .elementor-heading-title[class*=elementor-size-]>a{color:inherit;font-size:inherit;line-height:inherit}.elementor-widget-heading .elementor-heading-title.elementor-size-small{font-size:15px}.elementor-widget-heading .elementor-heading-title.elementor-size-medium{font-size:19px}.elementor-widget-heading .elementor-heading-title.elementor-size-large{font-size:29px}.elementor-widget-heading .elementor-heading-title.elementor-size-xl{font-size:39px}.elementor-widget-heading .elementor-heading-title.elementor-size-xxl{font-size:59px}<\/style><h4 class=\"elementor-heading-title elementor-size-default\">Servicios Culturales<\/h4>\t\t<\/div>\n\t\t\t\t<\/div>\n\t\t\t\t<div class=\"elementor-element elementor-element-126be0c elementor-nav-menu__align-justify elementor-nav-menu--stretch elementor-nav-menu--dropdown-tablet elementor-nav-menu__text-align-aside elementor-nav-menu--toggle elementor-nav-menu--burger elementor-widget elementor-widget-nav-menu\" data-id=\"126be0c\" data-element_type=\"widget\" data-settings=\"{&quot;layout&quot;:&quot;vertical&quot;,&quot;full_width&quot;:&quot;stretch&quot;,&quot;submenu_icon&quot;:{&quot;value&quot;:&quot;&lt;i class=\\&quot;fas fa-caret-down\\&quot;&gt;&lt;\\\/i&gt;&quot;,&quot;library&quot;:&quot;fa-solid&quot;},&quot;toggle&quot;:&quot;burger&quot;}\" data-widget_type=\"nav-menu.default\">\n\t\t\t\t<div class=\"elementor-widget-container\">\n\t\t\t<link rel=\"stylesheet\" href=\"https:\/\/www.uladech.edu.pe\/en\/wp-content\/plugins\/elementor-pro\/assets\/css\/widget-nav-menu.min.css?ver=1721065577\">\t\t\t<nav aria-label=\"Menu\" class=\"elementor-nav-menu--main elementor-nav-menu__container elementor-nav-menu--layout-vertical e--pointer-none\">\n\t\t\t\t<ul id=\"menu-1-126be0c\" class=\"elementor-nav-menu sm-vertical\"><li class=\"menu-item menu-item-type-post_type menu-item-object-page menu-item-3649\"><a href=\"https:\/\/www.uladech.edu.pe\/en\/servicios\/bienestar-universitario\/servicios-culturales-2\/\" class=\"elementor-item menu-link\">Servicios Culturales<\/a><\/li>\n<li class=\"menu-item menu-item-type-post_type menu-item-object-page menu-item-has-children menu-item-4958\"><a aria-expanded=\"false\" href=\"https:\/\/www.uladech.edu.pe\/en\/servicios\/bienestar-universitario\/servicios-culturales-2\/actividades-culturales\/\" class=\"elementor-item menu-link\">Actividades Art\u00edsticas y Culturales<\/a>\n<ul class=\"sub-menu elementor-nav-menu--dropdown\">\n\t<li class=\"menu-item menu-item-type-post_type menu-item-object-page menu-item-3650\"><a href=\"https:\/\/www.uladech.edu.pe\/en\/servicios\/bienestar-universitario\/servicios-culturales-2\/taller-de-danzas\/\" class=\"elementor-sub-item menu-link\">Taller de Danzas<\/a><\/li>\n\t<li class=\"menu-item menu-item-type-post_type menu-item-object-page menu-item-3651\"><a href=\"https:\/\/www.uladech.edu.pe\/en\/servicios\/bienestar-universitario\/servicios-culturales-2\/taller-de-musica\/\" class=\"elementor-sub-item menu-link\">Taller de M\u00fasica<\/a><\/li>\n<\/ul>\n<\/li>\n<li class=\"menu-item menu-item-type-post_type menu-item-object-page menu-item-4976\"><a href=\"https:\/\/www.uladech.edu.pe\/en\/servicios\/bienestar-universitario\/servicios-culturales-2\/horario-de-atencion-culturales\/\" class=\"elementor-item menu-link\">Horario de Atenci\u00f3n<\/a><\/li>\n<li class=\"menu-item menu-item-type-post_type menu-item-object-page menu-item-3655\"><a href=\"https:\/\/www.uladech.edu.pe\/en\/servicios\/bienestar-universitario\/servicios-culturales-2\/informes-servicios-culturales\/\" class=\"elementor-item menu-link\">Informes<\/a><\/li>\n<\/ul>\t\t\t<\/nav>\n\t\t\t\t\t<div class=\"elementor-menu-toggle\" role=\"button\" tabindex=\"0\" aria-label=\"Menu Toggle\" aria-expanded=\"false\">\n\t\t\t<i aria-hidden=\"true\" role=\"presentation\" class=\"elementor-menu-toggle__icon--open eicon-menu-bar\"><\/i><i aria-hidden=\"true\" role=\"presentation\" class=\"elementor-menu-toggle__icon--close eicon-close\"><\/i>\t\t\t<span class=\"elementor-screen-only\">Menu<\/span>\n\t\t<\/div>\n\t\t\t\t\t<nav class=\"elementor-nav-menu--dropdown elementor-nav-menu__container\" aria-hidden=\"true\">\n\t\t\t\t<ul id=\"menu-2-126be0c\" class=\"elementor-nav-menu sm-vertical\"><li class=\"menu-item menu-item-type-post_type menu-item-object-page menu-item-3649\"><a href=\"https:\/\/www.uladech.edu.pe\/en\/servicios\/bienestar-universitario\/servicios-culturales-2\/\" class=\"elementor-item menu-link\" tabindex=\"-1\">Servicios Culturales<\/a><\/li>\n<li class=\"menu-item menu-item-type-post_type menu-item-object-page menu-item-has-children menu-item-4958\"><a aria-expanded=\"false\" href=\"https:\/\/www.uladech.edu.pe\/en\/servicios\/bienestar-universitario\/servicios-culturales-2\/actividades-culturales\/\" class=\"elementor-item menu-link\" tabindex=\"-1\">Actividades Art\u00edsticas y Culturales<\/a>\n<ul class=\"sub-menu elementor-nav-menu--dropdown\">\n\t<li class=\"menu-item menu-item-type-post_type menu-item-object-page menu-item-3650\"><a href=\"https:\/\/www.uladech.edu.pe\/en\/servicios\/bienestar-universitario\/servicios-culturales-2\/taller-de-danzas\/\" class=\"elementor-sub-item menu-link\" tabindex=\"-1\">Taller de Danzas<\/a><\/li>\n\t<li class=\"menu-item menu-item-type-post_type menu-item-object-page menu-item-3651\"><a href=\"https:\/\/www.uladech.edu.pe\/en\/servicios\/bienestar-universitario\/servicios-culturales-2\/taller-de-musica\/\" class=\"elementor-sub-item menu-link\" tabindex=\"-1\">Taller de M\u00fasica<\/a><\/li>\n<\/ul>\n<\/li>\n<li class=\"menu-item menu-item-type-post_type menu-item-object-page menu-item-4976\"><a href=\"https:\/\/www.uladech.edu.pe\/en\/servicios\/bienestar-universitario\/servicios-culturales-2\/horario-de-atencion-culturales\/\" class=\"elementor-item menu-link\" tabindex=\"-1\">Horario de Atenci\u00f3n<\/a><\/li>\n<li class=\"menu-item menu-item-type-post_type menu-item-object-page menu-item-3655\"><a href=\"https:\/\/www.uladech.edu.pe\/en\/servicios\/bienestar-universitario\/servicios-culturales-2\/informes-servicios-culturales\/\" class=\"elementor-item menu-link\" tabindex=\"-1\">Informes<\/a><\/li>\n<\/ul>\t\t\t<\/nav>\n\t\t\t\t<\/div>\n\t\t\t\t<\/div>\n\t\t\t\t\t<\/div>\n\t\t<\/div>\n\t\t\t\t<div class=\"elementor-column elementor-col-66 elementor-top-column elementor-element elementor-element-8f6a011\" data-id=\"8f6a011\" data-element_type=\"column\">\n\t\t\t<div class=\"elementor-widget-wrap elementor-element-populated\">\n\t\t\t\t\t\t<section class=\"elementor-section elementor-inner-section elementor-element elementor-element-0f70734 elementor-section-boxed elementor-section-height-default elementor-section-height-default\" data-id=\"0f70734\" data-element_type=\"section\">\n\t\t\t\t\t\t<div class=\"elementor-container elementor-column-gap-default\">\n\t\t\t\t\t<div class=\"elementor-column elementor-col-100 elementor-inner-column elementor-element elementor-element-125b945\" data-id=\"125b945\" data-element_type=\"column\">\n\t\t\t<div class=\"elementor-widget-wrap elementor-element-populated\">\n\t\t\t\t\t\t<div class=\"elementor-element elementor-element-607bb95 elementor-widget elementor-widget-heading\" data-id=\"607bb95\" data-element_type=\"widget\" data-widget_type=\"heading.default\">\n\t\t\t\t<div class=\"elementor-widget-container\">\n\t\t\t<h2 class=\"elementor-heading-title elementor-size-default\">Actividades<\/h2>\t\t<\/div>\n\t\t\t\t<\/div>\n\t\t\t\t<div class=\"elementor-element elementor-element-2073143 elementor-widget elementor-widget-text-editor\" data-id=\"2073143\" data-element_type=\"widget\" data-widget_type=\"text-editor.default\">\n\t\t\t\t<div class=\"elementor-widget-container\">\n\t\t\t<style>\/*! elementor - v3.23.0 - 15-07-2024 *\/\n.elementor-widget-text-editor.elementor-drop-cap-view-stacked .elementor-drop-cap{background-color:#69727d;color:#fff}.elementor-widget-text-editor.elementor-drop-cap-view-framed .elementor-drop-cap{color:#69727d;border:3px solid;background-color:transparent}.elementor-widget-text-editor:not(.elementor-drop-cap-view-default) .elementor-drop-cap{margin-top:8px}.elementor-widget-text-editor:not(.elementor-drop-cap-view-default) .elementor-drop-cap-letter{width:1em;height:1em}.elementor-widget-text-editor .elementor-drop-cap{float:left;text-align:center;line-height:1;font-size:50px}.elementor-widget-text-editor .elementor-drop-cap-letter{display:inline-block}<\/style>\t\t\t\t<p>La Cultura es una dimensi\u00f3n de la vida a la que cada vez m\u00e1s se le reconoce su importancia, sobre todo en un mundo donde cada vez m\u00e1s se necesitan espacios para la vivencia de significados asociados con nuestra realizaci\u00f3n f\u00edsica, mental, emocional y espiritual.<\/p><p>El servicio promueve y difunde las actividades art\u00edsticas de los siguientes talleres:<br \/><span style=\"color: #800000;\"><strong>1.<\/strong><\/span> Danza<br \/><strong><span style=\"color: #800000;\">2.<\/span><\/strong> M\u00fasica<\/p><p>Con el objetivo de contribuir al desarrollo personal, social y profesional de la comunidad universitaria.<br \/><strong>Dentro de los Servicios Culturales, nos encargamos de Organizar eventos culturales y art\u00edsticos como:<\/strong><\/p><p><strong><span style=\"color: #800000;\">1.<\/span> <\/strong>Concursos culturales para Estudiantes, Docentes y no Docentes<br \/><strong><span style=\"color: #800000;\">2.<\/span><\/strong> Evento D\u00eda del Trabajador<br \/><strong><span style=\"color: #800000;\">3.<\/span><\/strong> Evento Aniversario Uladech cat\u00f3lica<br \/><strong><span style=\"color: #800000;\">4.<\/span><\/strong> Evento Navidad Uladech Cat\u00f3lica<br \/><br \/>Los servicios culturales est\u00e1n a disposici\u00f3n de los estudiantes durante todo el a\u00f1o acad\u00e9mico.<br \/><br \/>En caso no se pueda brindar los servicios culturales presencialmente, se brindar\u00e1 a trav\u00e9s de recursos virtuales y el uso de tecnolog\u00edas de la informaci\u00f3n, con la el objetivo de asegurar la formaci\u00f3n integral y el servicio complementario b\u00e1sico para la comunidad universitaria.<br \/><br \/>Te invitamos a participar de los talleres y de los dem\u00e1s servicios. Para mayor detalle puedes ingresar a la pesta\u00f1a \u201cTalleres\u201d o comunicarte con los encargados ingresando a la pesta\u00f1a \u201cInformes\u201d. <br \/><br \/>Para inscripciones en los talleres virtuales, has click en el siguiente enlace y completa tus datos: <a href=\"https:\/\/forms.gle\/cDYHhXMLo8zyCGVt9\">https:\/\/forms.gle\/cDYHhXMLo8zyCGVt9<\/a><\/p>\t\t\t\t\t\t<\/div>\n\t\t\t\t<\/div>\n\t\t\t\t\t<\/div>\n\t\t<\/div>\n\t\t\t\t\t<\/div>\n\t\t<\/section>\n\t\t\t\t\t<\/div>\n\t\t<\/div>\n\t\t\t\t\t<\/div>\n\t\t<\/section>\n\t\t\t\t<\/div>\n\t\t","protected":false},"excerpt":{"rendered":"<p>Servicios Culturales Actividades La Cultura es una dimensi\u00f3n de la vida a la que cada vez m\u00e1s se le reconoce su importancia, sobre todo en un mundo donde cada vez m\u00e1s se necesitan espacios para la vivencia de significados asociados con nuestra realizaci\u00f3n f\u00edsica, mental, emocional y espiritual. El servicio promueve y difunde las actividades [&hellip;]<\/p>\n","protected":false},"author":2,"featured_media":0,"parent":1991,"menu_order":0,"comment_status":"closed","ping_status":"closed","template":"","meta":{"_uag_custom_page_level_css":"","site-sidebar-layout":"no-sidebar","site-content-layout":"page-builder","ast-site-content-layout":"","site-content-style":"default","site-sidebar-style":"default","ast-global-header-display":"","ast-banner-title-visibility":"","ast-main-header-display":"","ast-hfb-above-header-display":"","ast-hfb-below-header-display":"","ast-hfb-mobile-header-display":"","site-post-title":"disabled","ast-breadcrumbs-content":"","ast-featured-img":"disabled","footer-sml-layout":"","theme-transparent-header-meta":"","adv-header-id-meta":"","stick-header-meta":"","header-above-stick-meta":"","header-main-stick-meta":"","header-below-stick-meta":"","astra-migrate-meta-layouts":"default","ast-page-background-enabled":"default","ast-page-background-meta":{"desktop":{"background-color":"var(--ast-global-color-4)","background-image":"","background-repeat":"repeat","background-position":"center center","background-size":"auto","background-attachment":"scroll","background-type":"","background-media":"","overlay-type":"","overlay-color":"","overlay-opacity":"","overlay-gradient":""},"tablet":{"background-color":"","background-image":"","background-repeat":"repeat","background-position":"center center","background-size":"auto","background-attachment":"scroll","background-type":"","background-media":"","overlay-type":"","overlay-color":"","overlay-opacity":"","overlay-gradient":""},"mobile":{"background-color":"","background-image":"","background-repeat":"repeat","background-position":"center center","background-size":"auto","background-attachment":"scroll","background-type":"","background-media":"","overlay-type":"","overlay-color":"","overlay-opacity":"","overlay-gradient":""}},"ast-content-background-meta":{"desktop":{"background-color":"var(--ast-global-color-5)","background-image":"","background-repeat":"repeat","background-position":"center center","background-size":"auto","background-attachment":"scroll","background-type":"","background-media":"","overlay-type":"","overlay-color":"","overlay-opacity":"","overlay-gradient":""},"tablet":{"background-color":"var(--ast-global-color-5)","background-image":"","background-repeat":"repeat","background-position":"center center","background-size":"auto","background-attachment":"scroll","background-type":"","background-media":"","overlay-type":"","overlay-color":"","overlay-opacity":"","overlay-gradient":""},"mobile":{"background-color":"var(--ast-global-color-5)","background-image":"","background-repeat":"repeat","background-position":"center center","background-size":"auto","background-attachment":"scroll","background-type":"","background-media":"","overlay-type":"","overlay-color":"","overlay-opacity":"","overlay-gradient":""}},"footnotes":""},"class_list":["post-4950","page","type-page","status-publish","hentry"],"yoast_head":"<!-- This site is optimized with the Yoast SEO Premium plugin v23.0 (Yoast SEO v23.0) - https:\/\/yoast.com\/wordpress\/plugins\/seo\/ -->\n<title>Actividades Art\u00edsticas y Culturales - ULADECH Cat\u00f3lica<\/title>\n<meta name=\"robots\" content=\"index, follow, max-snippet:-1, max-image-preview:large, max-video-preview:-1\" \/>\n<link rel=\"canonical\" href=\"https:\/\/www.uladech.edu.pe\/en\/servicios\/bienestar-universitario\/servicios-culturales-2\/actividades-culturales\/\" \/>\n<meta property=\"og:locale\" content=\"en_US\" \/>\n<meta property=\"og:type\" content=\"article\" \/>\n<meta property=\"og:title\" content=\"Actividades Art\u00edsticas y Culturales\" \/>\n<meta property=\"og:description\" content=\"Servicios Culturales Actividades La Cultura es una dimensi\u00f3n de la vida a la que cada vez m\u00e1s se le reconoce su importancia, sobre todo en un mundo donde cada vez m\u00e1s se necesitan espacios para la vivencia de significados asociados con nuestra realizaci\u00f3n f\u00edsica, mental, emocional y espiritual. El servicio promueve y difunde las actividades [&hellip;]\" \/>\n<meta property=\"og:url\" content=\"https:\/\/www.uladech.edu.pe\/en\/servicios\/bienestar-universitario\/servicios-culturales-2\/actividades-culturales\/\" \/>\n<meta property=\"og:site_name\" content=\"ULADECH Cat\u00f3lica\" \/>\n<meta property=\"article:publisher\" content=\"https:\/\/www.facebook.com\/uladechcatolicaoficial\" \/>\n<meta property=\"article:modified_time\" content=\"2023-05-22T21:31:08+00:00\" \/>\n<meta name=\"twitter:card\" content=\"summary_large_image\" \/>\n<meta name=\"twitter:site\" content=\"@uladechcatolica\" \/>\n<meta name=\"twitter:label1\" content=\"Est. reading time\" \/>\n\t<meta name=\"twitter:data1\" content=\"2 minutes\" \/>\n<script type=\"application\/ld+json\" class=\"yoast-schema-graph\">{\"@context\":\"https:\/\/schema.org\",\"@graph\":[{\"@type\":\"WebPage\",\"@id\":\"https:\/\/www.uladech.edu.pe\/en\/servicios\/bienestar-universitario\/servicios-culturales-2\/actividades-culturales\/\",\"url\":\"https:\/\/www.uladech.edu.pe\/en\/servicios\/bienestar-universitario\/servicios-culturales-2\/actividades-culturales\/\",\"name\":\"Actividades Art\u00edsticas y Culturales - ULADECH Cat\u00f3lica\",\"isPartOf\":{\"@id\":\"https:\/\/www.uladech.edu.pe\/en\/#website\"},\"datePublished\":\"2022-11-14T17:20:56+00:00\",\"dateModified\":\"2023-05-22T21:31:08+00:00\",\"breadcrumb\":{\"@id\":\"https:\/\/www.uladech.edu.pe\/en\/servicios\/bienestar-universitario\/servicios-culturales-2\/actividades-culturales\/#breadcrumb\"},\"inLanguage\":\"en-US\",\"potentialAction\":[{\"@type\":\"ReadAction\",\"target\":[\"https:\/\/www.uladech.edu.pe\/en\/servicios\/bienestar-universitario\/servicios-culturales-2\/actividades-culturales\/\"]}]},{\"@type\":\"BreadcrumbList\",\"@id\":\"https:\/\/www.uladech.edu.pe\/en\/servicios\/bienestar-universitario\/servicios-culturales-2\/actividades-culturales\/#breadcrumb\",\"itemListElement\":[{\"@type\":\"ListItem\",\"position\":1,\"name\":\"Portada\",\"item\":\"https:\/\/www.uladech.edu.pe\/en\/\"},{\"@type\":\"ListItem\",\"position\":2,\"name\":\"Servicios\",\"item\":\"https:\/\/www.uladech.edu.pe\/en\/servicios\/\"},{\"@type\":\"ListItem\",\"position\":3,\"name\":\"Bienestar Universitario\",\"item\":\"https:\/\/www.uladech.edu.pe\/en\/servicios\/bienestar-universitario\/\"},{\"@type\":\"ListItem\",\"position\":4,\"name\":\"Servicios Culturales\",\"item\":\"https:\/\/www.uladech.edu.pe\/en\/servicios\/bienestar-universitario\/servicios-culturales-2\/\"},{\"@type\":\"ListItem\",\"position\":5,\"name\":\"Actividades Art\u00edsticas y Culturales\"}]},{\"@type\":\"WebSite\",\"@id\":\"https:\/\/www.uladech.edu.pe\/en\/#website\",\"url\":\"https:\/\/www.uladech.edu.pe\/en\/\",\"name\":\"ULADECH CAT\u00d3LICA: Universidad Cat\u00f3lica Los \u00c1ngeles de Chimbote\",\"description\":\"Catholic University Los Angeles de Chimbote\",\"publisher\":{\"@id\":\"https:\/\/www.uladech.edu.pe\/en\/#organization\"},\"alternateName\":\"ULADECH CAT\u00d3LICA\",\"potentialAction\":[{\"@type\":\"SearchAction\",\"target\":{\"@type\":\"EntryPoint\",\"urlTemplate\":\"https:\/\/www.uladech.edu.pe\/en\/?s={search_term_string}\"},\"query-input\":\"required name=search_term_string\"}],\"inLanguage\":\"en-US\"},{\"@type\":\"Organization\",\"@id\":\"https:\/\/www.uladech.edu.pe\/en\/#organization\",\"name\":\"Universidad Cat\u00f3lica Los \u00c1ngeles de Chimbote\",\"alternateName\":\"ULADECH CAT\u00d3LICA\",\"url\":\"https:\/\/www.uladech.edu.pe\/en\/\",\"logo\":{\"@type\":\"ImageObject\",\"inLanguage\":\"en-US\",\"@id\":\"https:\/\/www.uladech.edu.pe\/en\/#\/schema\/logo\/image\/\",\"url\":\"https:\/\/www.uladech.edu.pe\/en\/wp-content\/uploads\/2022\/11\/uladechcatolica-logo-purple.png\",\"contentUrl\":\"https:\/\/www.uladech.edu.pe\/en\/wp-content\/uploads\/2022\/11\/uladechcatolica-logo-purple.png\",\"width\":626,\"height\":445,\"caption\":\"Universidad Cat\u00f3lica Los \u00c1ngeles de Chimbote\"},\"image\":{\"@id\":\"https:\/\/www.uladech.edu.pe\/en\/#\/schema\/logo\/image\/\"},\"sameAs\":[\"https:\/\/www.facebook.com\/uladechcatolicaoficial\",\"https:\/\/x.com\/uladechcatolica\",\"https:\/\/www.youtube.com\/user\/UladechCatolica\",\"https:\/\/www.instagram.com\/uladechcatolica\"]}]}<\/script>\n<!-- \/ Yoast SEO Premium plugin. -->","yoast_head_json":{"title":"Actividades Art\u00edsticas y Culturales - ULADECH Cat\u00f3lica","robots":{"index":"index","follow":"follow","max-snippet":"max-snippet:-1","max-image-preview":"max-image-preview:large","max-video-preview":"max-video-preview:-1"},"canonical":"https:\/\/www.uladech.edu.pe\/en\/servicios\/bienestar-universitario\/servicios-culturales-2\/actividades-culturales\/","og_locale":"en_US","og_type":"article","og_title":"Actividades Art\u00edsticas y Culturales","og_description":"Servicios Culturales Actividades La Cultura es una dimensi\u00f3n de la vida a la que cada vez m\u00e1s se le reconoce su importancia, sobre todo en un mundo donde cada vez m\u00e1s se necesitan espacios para la vivencia de significados asociados con nuestra realizaci\u00f3n f\u00edsica, mental, emocional y espiritual. El servicio promueve y difunde las actividades [&hellip;]","og_url":"https:\/\/www.uladech.edu.pe\/en\/servicios\/bienestar-universitario\/servicios-culturales-2\/actividades-culturales\/","og_site_name":"ULADECH Cat\u00f3lica","article_publisher":"https:\/\/www.facebook.com\/uladechcatolicaoficial","article_modified_time":"2023-05-22T21:31:08+00:00","twitter_card":"summary_large_image","twitter_site":"@uladechcatolica","twitter_misc":{"Est. reading time":"2 minutes"},"schema":{"@context":"https:\/\/schema.org","@graph":[{"@type":"WebPage","@id":"https:\/\/www.uladech.edu.pe\/en\/servicios\/bienestar-universitario\/servicios-culturales-2\/actividades-culturales\/","url":"https:\/\/www.uladech.edu.pe\/en\/servicios\/bienestar-universitario\/servicios-culturales-2\/actividades-culturales\/","name":"Actividades Art\u00edsticas y Culturales - ULADECH Cat\u00f3lica","isPartOf":{"@id":"https:\/\/www.uladech.edu.pe\/en\/#website"},"datePublished":"2022-11-14T17:20:56+00:00","dateModified":"2023-05-22T21:31:08+00:00","breadcrumb":{"@id":"https:\/\/www.uladech.edu.pe\/en\/servicios\/bienestar-universitario\/servicios-culturales-2\/actividades-culturales\/#breadcrumb"},"inLanguage":"en-US","potentialAction":[{"@type":"ReadAction","target":["https:\/\/www.uladech.edu.pe\/en\/servicios\/bienestar-universitario\/servicios-culturales-2\/actividades-culturales\/"]}]},{"@type":"BreadcrumbList","@id":"https:\/\/www.uladech.edu.pe\/en\/servicios\/bienestar-universitario\/servicios-culturales-2\/actividades-culturales\/#breadcrumb","itemListElement":[{"@type":"ListItem","position":1,"name":"Portada","item":"https:\/\/www.uladech.edu.pe\/en\/"},{"@type":"ListItem","position":2,"name":"Servicios","item":"https:\/\/www.uladech.edu.pe\/en\/servicios\/"},{"@type":"ListItem","position":3,"name":"Bienestar Universitario","item":"https:\/\/www.uladech.edu.pe\/en\/servicios\/bienestar-universitario\/"},{"@type":"ListItem","position":4,"name":"Servicios Culturales","item":"https:\/\/www.uladech.edu.pe\/en\/servicios\/bienestar-universitario\/servicios-culturales-2\/"},{"@type":"ListItem","position":5,"name":"Actividades Art\u00edsticas y Culturales"}]},{"@type":"WebSite","@id":"https:\/\/www.uladech.edu.pe\/en\/#website","url":"https:\/\/www.uladech.edu.pe\/en\/","name":"ULADECH CAT\u00d3LICA: Universidad Cat\u00f3lica Los \u00c1ngeles de Chimbote","description":"Catholic University Los Angeles de Chimbote","publisher":{"@id":"https:\/\/www.uladech.edu.pe\/en\/#organization"},"alternateName":"ULADECH CAT\u00d3LICA","potentialAction":[{"@type":"SearchAction","target":{"@type":"EntryPoint","urlTemplate":"https:\/\/www.uladech.edu.pe\/en\/?s={search_term_string}"},"query-input":"required name=search_term_string"}],"inLanguage":"en-US"},{"@type":"Organization","@id":"https:\/\/www.uladech.edu.pe\/en\/#organization","name":"Universidad Cat\u00f3lica Los \u00c1ngeles de Chimbote","alternateName":"ULADECH CAT\u00d3LICA","url":"https:\/\/www.uladech.edu.pe\/en\/","logo":{"@type":"ImageObject","inLanguage":"en-US","@id":"https:\/\/www.uladech.edu.pe\/en\/#\/schema\/logo\/image\/","url":"https:\/\/www.uladech.edu.pe\/en\/wp-content\/uploads\/2022\/11\/uladechcatolica-logo-purple.png","contentUrl":"https:\/\/www.uladech.edu.pe\/en\/wp-content\/uploads\/2022\/11\/uladechcatolica-logo-purple.png","width":626,"height":445,"caption":"Universidad Cat\u00f3lica Los \u00c1ngeles de Chimbote"},"image":{"@id":"https:\/\/www.uladech.edu.pe\/en\/#\/schema\/logo\/image\/"},"sameAs":["https:\/\/www.facebook.com\/uladechcatolicaoficial","https:\/\/x.com\/uladechcatolica","https:\/\/www.youtube.com\/user\/UladechCatolica","https:\/\/www.instagram.com\/uladechcatolica"]}]}},"uagb_featured_image_src":{"full":false,"thumbnail":false,"medium":false,"medium_large":false,"large":false,"1536x1536":false,"2048x2048":false},"uagb_author_info":{"display_name":"Especialista Tecnolog\u00eda Web","author_link":"https:\/\/www.uladech.edu.pe\/en\/author\/tw_especialista\/"},"uagb_comment_info":0,"uagb_excerpt":"Servicios Culturales Actividades La Cultura es una dimensi\u00f3n de la vida a la que cada vez m\u00e1s se le reconoce su importancia, sobre todo en un mundo donde cada vez m\u00e1s se necesitan espacios para la vivencia de significados asociados con nuestra realizaci\u00f3n f\u00edsica, mental, emocional y espiritual. El servicio promueve y difunde las actividades&hellip;","_links":{"self":[{"href":"https:\/\/www.uladech.edu.pe\/en\/wp-json\/wp\/v2\/pages\/4950","targetHints":{"allow":["GET"]}}],"collection":[{"href":"https:\/\/www.uladech.edu.pe\/en\/wp-json\/wp\/v2\/pages"}],"about":[{"href":"https:\/\/www.uladech.edu.pe\/en\/wp-json\/wp\/v2\/types\/page"}],"author":[{"embeddable":true,"href":"https:\/\/www.uladech.edu.pe\/en\/wp-json\/wp\/v2\/users\/2"}],"replies":[{"embeddable":true,"href":"https:\/\/www.uladech.edu.pe\/en\/wp-json\/wp\/v2\/comments?post=4950"}],"version-history":[{"count":41,"href":"https:\/\/www.uladech.edu.pe\/en\/wp-json\/wp\/v2\/pages\/4950\/revisions"}],"predecessor-version":[{"id":7707,"href":"https:\/\/www.uladech.edu.pe\/en\/wp-json\/wp\/v2\/pages\/4950\/revisions\/7707"}],"up":[{"embeddable":true,"href":"https:\/\/www.uladech.edu.pe\/en\/wp-json\/wp\/v2\/pages\/1991"}],"wp:attachment":[{"href":"https:\/\/www.uladech.edu.pe\/en\/wp-json\/wp\/v2\/media?parent=4950"}],"curies":[{"name":"wp","href":"https:\/\/api.w.org\/{rel}","templated":true}]}}