{"id":5394,"date":"2022-11-28T17:16:12","date_gmt":"2022-11-28T22:16:12","guid":{"rendered":"https:\/\/webdev.uladech.edu.pe\/?page_id=5394"},"modified":"2022-11-29T17:39:55","modified_gmt":"2022-11-29T22:39:55","slug":"fomento-de-la-investigacion","status":"publish","type":"page","link":"https:\/\/www.uladech.edu.pe\/en\/investigacion\/fomento-de-la-investigacion\/","title":{"rendered":"Fomento de la Investigaci\u00f3n"},"content":{"rendered":"\n<p>El Vicerrectorado de Investigaci\u00f3n promueve la generaci\u00f3n de conocimiento fortaleciendo la investigaci\u00f3n cient\u00edfica con el desarrollo de proyectos de investigaci\u00f3n donde participan docentes y estudiantes, cuyos resultados permitan resolver problemas y brindar aportes a la sociedad, lo cuales deben ser publicados como parte de la producci\u00f3n intelectual. <\/p>\n\n\n\n<p><strong><a href=\"https:\/\/investigacion.uladech.edu.pe\/instituto-investigacion\/?page_id=1372&amp;filtrar=1&amp;txt_buscar=&amp;slt_categoria=39&amp;slt_anio=419&amp;slt_ubicacion=36\" data-type=\"URL\" data-id=\"https:\/\/investigacion.uladech.edu.pe\/instituto-investigacion\/?page_id=1372&amp;filtrar=1&amp;txt_buscar=&amp;slt_categoria=39&amp;slt_anio=419&amp;slt_ubicacion=36\">Mostrar toda la Producci\u00f3n Cient\u00edfica<\/a><\/strong><\/p>\n\n\n\n<p><\/p>\n","protected":false},"excerpt":{"rendered":"<p>El Vicerrectorado de Investigaci\u00f3n promueve la generaci\u00f3n de conocimiento fortaleciendo la investigaci\u00f3n cient\u00edfica con el desarrollo de proyectos de investigaci\u00f3n donde participan docentes y estudiantes, cuyos resultados permitan resolver problemas y brindar aportes a la sociedad, lo cuales deben ser publicados como parte de la producci\u00f3n intelectual. Mostrar toda la Producci\u00f3n Cient\u00edfica<\/p>\n","protected":false},"author":2,"featured_media":0,"parent":128,"menu_order":0,"comment_status":"closed","ping_status":"closed","template":"","meta":{"_uag_custom_page_level_css":"","site-sidebar-layout":"default","site-content-layout":"","ast-site-content-layout":"","site-content-style":"default","site-sidebar-style":"default","ast-global-header-display":"","ast-banner-title-visibility":"","ast-main-header-display":"","ast-hfb-above-header-display":"","ast-hfb-below-header-display":"","ast-hfb-mobile-header-display":"","site-post-title":"","ast-breadcrumbs-content":"","ast-featured-img":"","footer-sml-layout":"","theme-transparent-header-meta":"","adv-header-id-meta":"","stick-header-meta":"","header-above-stick-meta":"","header-main-stick-meta":"","header-below-stick-meta":"","astra-migrate-meta-layouts":"default","ast-page-background-enabled":"default","ast-page-background-meta":{"desktop":{"background-color":"var(--ast-global-color-4)","background-image":"","background-repeat":"repeat","background-position":"center center","background-size":"auto","background-attachment":"scroll","background-type":"","background-media":"","overlay-type":"","overlay-color":"","overlay-opacity":"","overlay-gradient":""},"tablet":{"background-color":"","background-image":"","background-repeat":"repeat","background-position":"center center","background-size":"auto","background-attachment":"scroll","background-type":"","background-media":"","overlay-type":"","overlay-color":"","overlay-opacity":"","overlay-gradient":""},"mobile":{"background-color":"","background-image":"","background-repeat":"repeat","background-position":"center center","background-size":"auto","background-attachment":"scroll","background-type":"","background-media":"","overlay-type":"","overlay-color":"","overlay-opacity":"","overlay-gradient":""}},"ast-content-background-meta":{"desktop":{"background-color":"var(--ast-global-color-5)","background-image":"","background-repeat":"repeat","background-position":"center center","background-size":"auto","background-attachment":"scroll","background-type":"","background-media":"","overlay-type":"","overlay-color":"","overlay-opacity":"","overlay-gradient":""},"tablet":{"background-color":"var(--ast-global-color-5)","background-image":"","background-repeat":"repeat","background-position":"center center","background-size":"auto","background-attachment":"scroll","background-type":"","background-media":"","overlay-type":"","overlay-color":"","overlay-opacity":"","overlay-gradient":""},"mobile":{"background-color":"var(--ast-global-color-5)","background-image":"","background-repeat":"repeat","background-position":"center center","background-size":"auto","background-attachment":"scroll","background-type":"","background-media":"","overlay-type":"","overlay-color":"","overlay-opacity":"","overlay-gradient":""}},"footnotes":""},"class_list":["post-5394","page","type-page","status-publish","hentry"],"yoast_head":"<!-- This site is optimized with the Yoast SEO Premium plugin v23.0 (Yoast SEO v23.0) - https:\/\/yoast.com\/wordpress\/plugins\/seo\/ -->\n<title>Fomento de la Investigaci\u00f3n - ULADECH Cat\u00f3lica<\/title>\n<meta name=\"robots\" content=\"index, follow, max-snippet:-1, max-image-preview:large, max-video-preview:-1\" \/>\n<link rel=\"canonical\" href=\"https:\/\/www.uladech.edu.pe\/en\/investigacion\/fomento-de-la-investigacion\/\" \/>\n<meta property=\"og:locale\" content=\"en_US\" \/>\n<meta property=\"og:type\" content=\"article\" \/>\n<meta property=\"og:title\" content=\"Fomento de la Investigaci\u00f3n\" \/>\n<meta property=\"og:description\" content=\"El Vicerrectorado de Investigaci\u00f3n promueve la generaci\u00f3n de conocimiento fortaleciendo la investigaci\u00f3n cient\u00edfica con el desarrollo de proyectos de investigaci\u00f3n donde participan docentes y estudiantes, cuyos resultados permitan resolver problemas y brindar aportes a la sociedad, lo cuales deben ser publicados como parte de la producci\u00f3n intelectual. Mostrar toda la Producci\u00f3n Cient\u00edfica\" \/>\n<meta property=\"og:url\" content=\"https:\/\/www.uladech.edu.pe\/en\/investigacion\/fomento-de-la-investigacion\/\" \/>\n<meta property=\"og:site_name\" content=\"ULADECH Cat\u00f3lica\" \/>\n<meta property=\"article:publisher\" content=\"https:\/\/www.facebook.com\/uladechcatolicaoficial\" \/>\n<meta property=\"article:modified_time\" content=\"2022-11-29T22:39:55+00:00\" \/>\n<meta name=\"twitter:card\" content=\"summary_large_image\" \/>\n<meta name=\"twitter:site\" content=\"@uladechcatolica\" \/>\n<script type=\"application\/ld+json\" class=\"yoast-schema-graph\">{\"@context\":\"https:\/\/schema.org\",\"@graph\":[{\"@type\":\"WebPage\",\"@id\":\"https:\/\/www.uladech.edu.pe\/en\/investigacion\/fomento-de-la-investigacion\/\",\"url\":\"https:\/\/www.uladech.edu.pe\/en\/investigacion\/fomento-de-la-investigacion\/\",\"name\":\"Fomento de la Investigaci\u00f3n - ULADECH Cat\u00f3lica\",\"isPartOf\":{\"@id\":\"https:\/\/www.uladech.edu.pe\/en\/#website\"},\"datePublished\":\"2022-11-28T22:16:12+00:00\",\"dateModified\":\"2022-11-29T22:39:55+00:00\",\"breadcrumb\":{\"@id\":\"https:\/\/www.uladech.edu.pe\/en\/investigacion\/fomento-de-la-investigacion\/#breadcrumb\"},\"inLanguage\":\"en-US\",\"potentialAction\":[{\"@type\":\"ReadAction\",\"target\":[\"https:\/\/www.uladech.edu.pe\/en\/investigacion\/fomento-de-la-investigacion\/\"]}]},{\"@type\":\"BreadcrumbList\",\"@id\":\"https:\/\/www.uladech.edu.pe\/en\/investigacion\/fomento-de-la-investigacion\/#breadcrumb\",\"itemListElement\":[{\"@type\":\"ListItem\",\"position\":1,\"name\":\"Portada\",\"item\":\"https:\/\/www.uladech.edu.pe\/en\/\"},{\"@type\":\"ListItem\",\"position\":2,\"name\":\"Investigaci\u00f3n\",\"item\":\"https:\/\/www.uladech.edu.pe\/en\/investigacion\/\"},{\"@type\":\"ListItem\",\"position\":3,\"name\":\"Fomento de la Investigaci\u00f3n\"}]},{\"@type\":\"WebSite\",\"@id\":\"https:\/\/www.uladech.edu.pe\/en\/#website\",\"url\":\"https:\/\/www.uladech.edu.pe\/en\/\",\"name\":\"ULADECH CAT\u00d3LICA: Universidad Cat\u00f3lica Los \u00c1ngeles de Chimbote\",\"description\":\"Catholic University Los Angeles de Chimbote\",\"publisher\":{\"@id\":\"https:\/\/www.uladech.edu.pe\/en\/#organization\"},\"alternateName\":\"ULADECH CAT\u00d3LICA\",\"potentialAction\":[{\"@type\":\"SearchAction\",\"target\":{\"@type\":\"EntryPoint\",\"urlTemplate\":\"https:\/\/www.uladech.edu.pe\/en\/?s={search_term_string}\"},\"query-input\":\"required name=search_term_string\"}],\"inLanguage\":\"en-US\"},{\"@type\":\"Organization\",\"@id\":\"https:\/\/www.uladech.edu.pe\/en\/#organization\",\"name\":\"Universidad Cat\u00f3lica Los \u00c1ngeles de Chimbote\",\"alternateName\":\"ULADECH CAT\u00d3LICA\",\"url\":\"https:\/\/www.uladech.edu.pe\/en\/\",\"logo\":{\"@type\":\"ImageObject\",\"inLanguage\":\"en-US\",\"@id\":\"https:\/\/www.uladech.edu.pe\/en\/#\/schema\/logo\/image\/\",\"url\":\"https:\/\/www.uladech.edu.pe\/en\/wp-content\/uploads\/2022\/11\/uladechcatolica-logo-purple.png\",\"contentUrl\":\"https:\/\/www.uladech.edu.pe\/en\/wp-content\/uploads\/2022\/11\/uladechcatolica-logo-purple.png\",\"width\":626,\"height\":445,\"caption\":\"Universidad Cat\u00f3lica Los \u00c1ngeles de Chimbote\"},\"image\":{\"@id\":\"https:\/\/www.uladech.edu.pe\/en\/#\/schema\/logo\/image\/\"},\"sameAs\":[\"https:\/\/www.facebook.com\/uladechcatolicaoficial\",\"https:\/\/x.com\/uladechcatolica\",\"https:\/\/www.youtube.com\/user\/UladechCatolica\",\"https:\/\/www.instagram.com\/uladechcatolica\"]}]}<\/script>\n<!-- \/ Yoast SEO Premium plugin. -->","yoast_head_json":{"title":"Fomento de la Investigaci\u00f3n - ULADECH Cat\u00f3lica","robots":{"index":"index","follow":"follow","max-snippet":"max-snippet:-1","max-image-preview":"max-image-preview:large","max-video-preview":"max-video-preview:-1"},"canonical":"https:\/\/www.uladech.edu.pe\/en\/investigacion\/fomento-de-la-investigacion\/","og_locale":"en_US","og_type":"article","og_title":"Fomento de la Investigaci\u00f3n","og_description":"El Vicerrectorado de Investigaci\u00f3n promueve la generaci\u00f3n de conocimiento fortaleciendo la investigaci\u00f3n cient\u00edfica con el desarrollo de proyectos de investigaci\u00f3n donde participan docentes y estudiantes, cuyos resultados permitan resolver problemas y brindar aportes a la sociedad, lo cuales deben ser publicados como parte de la producci\u00f3n intelectual. Mostrar toda la Producci\u00f3n Cient\u00edfica","og_url":"https:\/\/www.uladech.edu.pe\/en\/investigacion\/fomento-de-la-investigacion\/","og_site_name":"ULADECH Cat\u00f3lica","article_publisher":"https:\/\/www.facebook.com\/uladechcatolicaoficial","article_modified_time":"2022-11-29T22:39:55+00:00","twitter_card":"summary_large_image","twitter_site":"@uladechcatolica","schema":{"@context":"https:\/\/schema.org","@graph":[{"@type":"WebPage","@id":"https:\/\/www.uladech.edu.pe\/en\/investigacion\/fomento-de-la-investigacion\/","url":"https:\/\/www.uladech.edu.pe\/en\/investigacion\/fomento-de-la-investigacion\/","name":"Fomento de la Investigaci\u00f3n - ULADECH Cat\u00f3lica","isPartOf":{"@id":"https:\/\/www.uladech.edu.pe\/en\/#website"},"datePublished":"2022-11-28T22:16:12+00:00","dateModified":"2022-11-29T22:39:55+00:00","breadcrumb":{"@id":"https:\/\/www.uladech.edu.pe\/en\/investigacion\/fomento-de-la-investigacion\/#breadcrumb"},"inLanguage":"en-US","potentialAction":[{"@type":"ReadAction","target":["https:\/\/www.uladech.edu.pe\/en\/investigacion\/fomento-de-la-investigacion\/"]}]},{"@type":"BreadcrumbList","@id":"https:\/\/www.uladech.edu.pe\/en\/investigacion\/fomento-de-la-investigacion\/#breadcrumb","itemListElement":[{"@type":"ListItem","position":1,"name":"Portada","item":"https:\/\/www.uladech.edu.pe\/en\/"},{"@type":"ListItem","position":2,"name":"Investigaci\u00f3n","item":"https:\/\/www.uladech.edu.pe\/en\/investigacion\/"},{"@type":"ListItem","position":3,"name":"Fomento de la Investigaci\u00f3n"}]},{"@type":"WebSite","@id":"https:\/\/www.uladech.edu.pe\/en\/#website","url":"https:\/\/www.uladech.edu.pe\/en\/","name":"ULADECH CAT\u00d3LICA: Universidad Cat\u00f3lica Los \u00c1ngeles de Chimbote","description":"Catholic University Los Angeles de Chimbote","publisher":{"@id":"https:\/\/www.uladech.edu.pe\/en\/#organization"},"alternateName":"ULADECH CAT\u00d3LICA","potentialAction":[{"@type":"SearchAction","target":{"@type":"EntryPoint","urlTemplate":"https:\/\/www.uladech.edu.pe\/en\/?s={search_term_string}"},"query-input":"required name=search_term_string"}],"inLanguage":"en-US"},{"@type":"Organization","@id":"https:\/\/www.uladech.edu.pe\/en\/#organization","name":"Universidad Cat\u00f3lica Los \u00c1ngeles de Chimbote","alternateName":"ULADECH CAT\u00d3LICA","url":"https:\/\/www.uladech.edu.pe\/en\/","logo":{"@type":"ImageObject","inLanguage":"en-US","@id":"https:\/\/www.uladech.edu.pe\/en\/#\/schema\/logo\/image\/","url":"https:\/\/www.uladech.edu.pe\/en\/wp-content\/uploads\/2022\/11\/uladechcatolica-logo-purple.png","contentUrl":"https:\/\/www.uladech.edu.pe\/en\/wp-content\/uploads\/2022\/11\/uladechcatolica-logo-purple.png","width":626,"height":445,"caption":"Universidad Cat\u00f3lica Los \u00c1ngeles de Chimbote"},"image":{"@id":"https:\/\/www.uladech.edu.pe\/en\/#\/schema\/logo\/image\/"},"sameAs":["https:\/\/www.facebook.com\/uladechcatolicaoficial","https:\/\/x.com\/uladechcatolica","https:\/\/www.youtube.com\/user\/UladechCatolica","https:\/\/www.instagram.com\/uladechcatolica"]}]}},"uagb_featured_image_src":{"full":false,"thumbnail":false,"medium":false,"medium_large":false,"large":false,"1536x1536":false,"2048x2048":false},"uagb_author_info":{"display_name":"Especialista Tecnolog\u00eda Web","author_link":"https:\/\/www.uladech.edu.pe\/en\/author\/tw_especialista\/"},"uagb_comment_info":0,"uagb_excerpt":"El Vicerrectorado de Investigaci\u00f3n promueve la generaci\u00f3n de conocimiento fortaleciendo la investigaci\u00f3n cient\u00edfica con el desarrollo de proyectos de investigaci\u00f3n donde participan docentes y estudiantes, cuyos resultados permitan resolver problemas y brindar aportes a la sociedad, lo cuales deben ser publicados como parte de la producci\u00f3n intelectual. Mostrar toda la Producci\u00f3n Cient\u00edfica","_links":{"self":[{"href":"https:\/\/www.uladech.edu.pe\/en\/wp-json\/wp\/v2\/pages\/5394","targetHints":{"allow":["GET"]}}],"collection":[{"href":"https:\/\/www.uladech.edu.pe\/en\/wp-json\/wp\/v2\/pages"}],"about":[{"href":"https:\/\/www.uladech.edu.pe\/en\/wp-json\/wp\/v2\/types\/page"}],"author":[{"embeddable":true,"href":"https:\/\/www.uladech.edu.pe\/en\/wp-json\/wp\/v2\/users\/2"}],"replies":[{"embeddable":true,"href":"https:\/\/www.uladech.edu.pe\/en\/wp-json\/wp\/v2\/comments?post=5394"}],"version-history":[{"count":2,"href":"https:\/\/www.uladech.edu.pe\/en\/wp-json\/wp\/v2\/pages\/5394\/revisions"}],"predecessor-version":[{"id":5456,"href":"https:\/\/www.uladech.edu.pe\/en\/wp-json\/wp\/v2\/pages\/5394\/revisions\/5456"}],"up":[{"embeddable":true,"href":"https:\/\/www.uladech.edu.pe\/en\/wp-json\/wp\/v2\/pages\/128"}],"wp:attachment":[{"href":"https:\/\/www.uladech.edu.pe\/en\/wp-json\/wp\/v2\/media?parent=5394"}],"curies":[{"name":"wp","href":"https:\/\/api.w.org\/{rel}","templated":true}]}}