{"id":5396,"date":"2022-11-28T17:17:57","date_gmt":"2022-11-28T22:17:57","guid":{"rendered":"https:\/\/webdev.uladech.edu.pe\/?page_id=5396"},"modified":"2022-12-12T19:05:35","modified_gmt":"2022-12-13T00:05:35","slug":"investigacion-formativa","status":"publish","type":"page","link":"https:\/\/www.uladech.edu.pe\/en\/investigacion\/investigacion-formativa\/","title":{"rendered":"Investigaci\u00f3n Formativa"},"content":{"rendered":"\t\t<div data-elementor-type=\"wp-page\" data-elementor-id=\"5396\" class=\"elementor elementor-5396\" data-elementor-post-type=\"page\">\n\t\t\t\t\t\t<section class=\"elementor-section elementor-top-section elementor-element elementor-element-20d4c4ec elementor-section-boxed elementor-section-height-default elementor-section-height-default\" data-id=\"20d4c4ec\" data-element_type=\"section\">\n\t\t\t\t\t\t<div class=\"elementor-container elementor-column-gap-default\">\n\t\t\t\t\t<div class=\"elementor-column elementor-col-100 elementor-top-column elementor-element elementor-element-7cd1a144\" data-id=\"7cd1a144\" data-element_type=\"column\">\n\t\t\t<div class=\"elementor-widget-wrap elementor-element-populated\">\n\t\t\t\t\t\t<div class=\"elementor-element elementor-element-217fba02 elementor-widget elementor-widget-text-editor\" data-id=\"217fba02\" data-element_type=\"widget\" data-widget_type=\"text-editor.default\">\n\t\t\t\t<div class=\"elementor-widget-container\">\n\t\t\t<style>\/*! elementor - v3.23.0 - 15-07-2024 *\/\n.elementor-widget-text-editor.elementor-drop-cap-view-stacked .elementor-drop-cap{background-color:#69727d;color:#fff}.elementor-widget-text-editor.elementor-drop-cap-view-framed .elementor-drop-cap{color:#69727d;border:3px solid;background-color:transparent}.elementor-widget-text-editor:not(.elementor-drop-cap-view-default) .elementor-drop-cap{margin-top:8px}.elementor-widget-text-editor:not(.elementor-drop-cap-view-default) .elementor-drop-cap-letter{width:1em;height:1em}.elementor-widget-text-editor .elementor-drop-cap{float:left;text-align:center;line-height:1;font-size:50px}.elementor-widget-text-editor .elementor-drop-cap-letter{display:inline-block}<\/style>\t\t\t\t<p><!-- wp:paragraph --><\/p>\n<p>El Vicerrectorado de Investigaci\u00f3n contribuye al fortalecimiento de la formaci\u00f3n acad\u00e9mica y profesional mediante la investigaci\u00f3n formativa donde participan estudiantes y egresados. Tiene como objetivos: Desarrollar habilidades investigativas b\u00e1sicas para que los estudiantes fortalezcan sus conocimientos relacionados a la investigaci\u00f3n y ejecutar proyectos de investigaci\u00f3n que le permitan cumplir con los requisitos de graduaci\u00f3n y titulaci\u00f3n dentro del periodo de formaci\u00f3n.<\/p>\n<p><!-- \/wp:paragraph --><\/p>\n<p><!-- wp:paragraph --><\/p>\n<p><!-- \/wp:paragraph --><\/p>\t\t\t\t\t\t<\/div>\n\t\t\t\t<\/div>\n\t\t\t\t\t<\/div>\n\t\t<\/div>\n\t\t\t\t\t<\/div>\n\t\t<\/section>\n\t\t\t\t<\/div>\n\t\t","protected":false},"excerpt":{"rendered":"<p>El Vicerrectorado de Investigaci\u00f3n contribuye al fortalecimiento de la formaci\u00f3n acad\u00e9mica y profesional mediante la investigaci\u00f3n formativa donde participan estudiantes y egresados. Tiene como objetivos: Desarrollar habilidades investigativas b\u00e1sicas para que los estudiantes fortalezcan sus conocimientos relacionados a la investigaci\u00f3n y ejecutar proyectos de investigaci\u00f3n que le permitan cumplir con los requisitos de graduaci\u00f3n y [&hellip;]<\/p>\n","protected":false},"author":2,"featured_media":0,"parent":128,"menu_order":1,"comment_status":"closed","ping_status":"closed","template":"","meta":{"_uag_custom_page_level_css":"","site-sidebar-layout":"default","site-content-layout":"","ast-site-content-layout":"","site-content-style":"default","site-sidebar-style":"default","ast-global-header-display":"","ast-banner-title-visibility":"","ast-main-header-display":"","ast-hfb-above-header-display":"","ast-hfb-below-header-display":"","ast-hfb-mobile-header-display":"","site-post-title":"","ast-breadcrumbs-content":"","ast-featured-img":"","footer-sml-layout":"","theme-transparent-header-meta":"","adv-header-id-meta":"","stick-header-meta":"","header-above-stick-meta":"","header-main-stick-meta":"","header-below-stick-meta":"","astra-migrate-meta-layouts":"default","ast-page-background-enabled":"default","ast-page-background-meta":{"desktop":{"background-color":"var(--ast-global-color-4)","background-image":"","background-repeat":"repeat","background-position":"center center","background-size":"auto","background-attachment":"scroll","background-type":"","background-media":"","overlay-type":"","overlay-color":"","overlay-opacity":"","overlay-gradient":""},"tablet":{"background-color":"","background-image":"","background-repeat":"repeat","background-position":"center center","background-size":"auto","background-attachment":"scroll","background-type":"","background-media":"","overlay-type":"","overlay-color":"","overlay-opacity":"","overlay-gradient":""},"mobile":{"background-color":"","background-image":"","background-repeat":"repeat","background-position":"center center","background-size":"auto","background-attachment":"scroll","background-type":"","background-media":"","overlay-type":"","overlay-color":"","overlay-opacity":"","overlay-gradient":""}},"ast-content-background-meta":{"desktop":{"background-color":"var(--ast-global-color-5)","background-image":"","background-repeat":"repeat","background-position":"center center","background-size":"auto","background-attachment":"scroll","background-type":"","background-media":"","overlay-type":"","overlay-color":"","overlay-opacity":"","overlay-gradient":""},"tablet":{"background-color":"var(--ast-global-color-5)","background-image":"","background-repeat":"repeat","background-position":"center center","background-size":"auto","background-attachment":"scroll","background-type":"","background-media":"","overlay-type":"","overlay-color":"","overlay-opacity":"","overlay-gradient":""},"mobile":{"background-color":"var(--ast-global-color-5)","background-image":"","background-repeat":"repeat","background-position":"center center","background-size":"auto","background-attachment":"scroll","background-type":"","background-media":"","overlay-type":"","overlay-color":"","overlay-opacity":"","overlay-gradient":""}},"footnotes":""},"class_list":["post-5396","page","type-page","status-publish","hentry"],"yoast_head":"<!-- This site is optimized with the Yoast SEO Premium plugin v23.0 (Yoast SEO v23.0) - https:\/\/yoast.com\/wordpress\/plugins\/seo\/ -->\n<title>Investigaci\u00f3n Formativa - ULADECH Cat\u00f3lica<\/title>\n<meta name=\"robots\" content=\"index, follow, max-snippet:-1, max-image-preview:large, max-video-preview:-1\" \/>\n<link rel=\"canonical\" href=\"https:\/\/www.uladech.edu.pe\/en\/investigacion\/investigacion-formativa\/\" \/>\n<meta property=\"og:locale\" content=\"en_US\" \/>\n<meta property=\"og:type\" content=\"article\" \/>\n<meta property=\"og:title\" content=\"Investigaci\u00f3n Formativa\" \/>\n<meta property=\"og:description\" content=\"El Vicerrectorado de Investigaci\u00f3n contribuye al fortalecimiento de la formaci\u00f3n acad\u00e9mica y profesional mediante la investigaci\u00f3n formativa donde participan estudiantes y egresados. Tiene como objetivos: Desarrollar habilidades investigativas b\u00e1sicas para que los estudiantes fortalezcan sus conocimientos relacionados a la investigaci\u00f3n y ejecutar proyectos de investigaci\u00f3n que le permitan cumplir con los requisitos de graduaci\u00f3n y [&hellip;]\" \/>\n<meta property=\"og:url\" content=\"https:\/\/www.uladech.edu.pe\/en\/investigacion\/investigacion-formativa\/\" \/>\n<meta property=\"og:site_name\" content=\"ULADECH Cat\u00f3lica\" \/>\n<meta property=\"article:publisher\" content=\"https:\/\/www.facebook.com\/uladechcatolicaoficial\" \/>\n<meta property=\"article:modified_time\" content=\"2022-12-13T00:05:35+00:00\" \/>\n<meta name=\"twitter:card\" content=\"summary_large_image\" \/>\n<meta name=\"twitter:site\" content=\"@uladechcatolica\" \/>\n<script type=\"application\/ld+json\" class=\"yoast-schema-graph\">{\"@context\":\"https:\/\/schema.org\",\"@graph\":[{\"@type\":\"WebPage\",\"@id\":\"https:\/\/www.uladech.edu.pe\/en\/investigacion\/investigacion-formativa\/\",\"url\":\"https:\/\/www.uladech.edu.pe\/en\/investigacion\/investigacion-formativa\/\",\"name\":\"Investigaci\u00f3n Formativa - ULADECH Cat\u00f3lica\",\"isPartOf\":{\"@id\":\"https:\/\/www.uladech.edu.pe\/en\/#website\"},\"datePublished\":\"2022-11-28T22:17:57+00:00\",\"dateModified\":\"2022-12-13T00:05:35+00:00\",\"breadcrumb\":{\"@id\":\"https:\/\/www.uladech.edu.pe\/en\/investigacion\/investigacion-formativa\/#breadcrumb\"},\"inLanguage\":\"en-US\",\"potentialAction\":[{\"@type\":\"ReadAction\",\"target\":[\"https:\/\/www.uladech.edu.pe\/en\/investigacion\/investigacion-formativa\/\"]}]},{\"@type\":\"BreadcrumbList\",\"@id\":\"https:\/\/www.uladech.edu.pe\/en\/investigacion\/investigacion-formativa\/#breadcrumb\",\"itemListElement\":[{\"@type\":\"ListItem\",\"position\":1,\"name\":\"Portada\",\"item\":\"https:\/\/www.uladech.edu.pe\/en\/\"},{\"@type\":\"ListItem\",\"position\":2,\"name\":\"Investigaci\u00f3n\",\"item\":\"https:\/\/www.uladech.edu.pe\/en\/investigacion\/\"},{\"@type\":\"ListItem\",\"position\":3,\"name\":\"Investigaci\u00f3n Formativa\"}]},{\"@type\":\"WebSite\",\"@id\":\"https:\/\/www.uladech.edu.pe\/en\/#website\",\"url\":\"https:\/\/www.uladech.edu.pe\/en\/\",\"name\":\"ULADECH CAT\u00d3LICA: Universidad Cat\u00f3lica Los \u00c1ngeles de Chimbote\",\"description\":\"Catholic University Los Angeles de Chimbote\",\"publisher\":{\"@id\":\"https:\/\/www.uladech.edu.pe\/en\/#organization\"},\"alternateName\":\"ULADECH CAT\u00d3LICA\",\"potentialAction\":[{\"@type\":\"SearchAction\",\"target\":{\"@type\":\"EntryPoint\",\"urlTemplate\":\"https:\/\/www.uladech.edu.pe\/en\/?s={search_term_string}\"},\"query-input\":\"required name=search_term_string\"}],\"inLanguage\":\"en-US\"},{\"@type\":\"Organization\",\"@id\":\"https:\/\/www.uladech.edu.pe\/en\/#organization\",\"name\":\"Universidad Cat\u00f3lica Los \u00c1ngeles de Chimbote\",\"alternateName\":\"ULADECH CAT\u00d3LICA\",\"url\":\"https:\/\/www.uladech.edu.pe\/en\/\",\"logo\":{\"@type\":\"ImageObject\",\"inLanguage\":\"en-US\",\"@id\":\"https:\/\/www.uladech.edu.pe\/en\/#\/schema\/logo\/image\/\",\"url\":\"https:\/\/www.uladech.edu.pe\/en\/wp-content\/uploads\/2022\/11\/uladechcatolica-logo-purple.png\",\"contentUrl\":\"https:\/\/www.uladech.edu.pe\/en\/wp-content\/uploads\/2022\/11\/uladechcatolica-logo-purple.png\",\"width\":626,\"height\":445,\"caption\":\"Universidad Cat\u00f3lica Los \u00c1ngeles de Chimbote\"},\"image\":{\"@id\":\"https:\/\/www.uladech.edu.pe\/en\/#\/schema\/logo\/image\/\"},\"sameAs\":[\"https:\/\/www.facebook.com\/uladechcatolicaoficial\",\"https:\/\/x.com\/uladechcatolica\",\"https:\/\/www.youtube.com\/user\/UladechCatolica\",\"https:\/\/www.instagram.com\/uladechcatolica\"]}]}<\/script>\n<!-- \/ Yoast SEO Premium plugin. -->","yoast_head_json":{"title":"Investigaci\u00f3n Formativa - ULADECH Cat\u00f3lica","robots":{"index":"index","follow":"follow","max-snippet":"max-snippet:-1","max-image-preview":"max-image-preview:large","max-video-preview":"max-video-preview:-1"},"canonical":"https:\/\/www.uladech.edu.pe\/en\/investigacion\/investigacion-formativa\/","og_locale":"en_US","og_type":"article","og_title":"Investigaci\u00f3n Formativa","og_description":"El Vicerrectorado de Investigaci\u00f3n contribuye al fortalecimiento de la formaci\u00f3n acad\u00e9mica y profesional mediante la investigaci\u00f3n formativa donde participan estudiantes y egresados. Tiene como objetivos: Desarrollar habilidades investigativas b\u00e1sicas para que los estudiantes fortalezcan sus conocimientos relacionados a la investigaci\u00f3n y ejecutar proyectos de investigaci\u00f3n que le permitan cumplir con los requisitos de graduaci\u00f3n y [&hellip;]","og_url":"https:\/\/www.uladech.edu.pe\/en\/investigacion\/investigacion-formativa\/","og_site_name":"ULADECH Cat\u00f3lica","article_publisher":"https:\/\/www.facebook.com\/uladechcatolicaoficial","article_modified_time":"2022-12-13T00:05:35+00:00","twitter_card":"summary_large_image","twitter_site":"@uladechcatolica","schema":{"@context":"https:\/\/schema.org","@graph":[{"@type":"WebPage","@id":"https:\/\/www.uladech.edu.pe\/en\/investigacion\/investigacion-formativa\/","url":"https:\/\/www.uladech.edu.pe\/en\/investigacion\/investigacion-formativa\/","name":"Investigaci\u00f3n Formativa - ULADECH Cat\u00f3lica","isPartOf":{"@id":"https:\/\/www.uladech.edu.pe\/en\/#website"},"datePublished":"2022-11-28T22:17:57+00:00","dateModified":"2022-12-13T00:05:35+00:00","breadcrumb":{"@id":"https:\/\/www.uladech.edu.pe\/en\/investigacion\/investigacion-formativa\/#breadcrumb"},"inLanguage":"en-US","potentialAction":[{"@type":"ReadAction","target":["https:\/\/www.uladech.edu.pe\/en\/investigacion\/investigacion-formativa\/"]}]},{"@type":"BreadcrumbList","@id":"https:\/\/www.uladech.edu.pe\/en\/investigacion\/investigacion-formativa\/#breadcrumb","itemListElement":[{"@type":"ListItem","position":1,"name":"Portada","item":"https:\/\/www.uladech.edu.pe\/en\/"},{"@type":"ListItem","position":2,"name":"Investigaci\u00f3n","item":"https:\/\/www.uladech.edu.pe\/en\/investigacion\/"},{"@type":"ListItem","position":3,"name":"Investigaci\u00f3n Formativa"}]},{"@type":"WebSite","@id":"https:\/\/www.uladech.edu.pe\/en\/#website","url":"https:\/\/www.uladech.edu.pe\/en\/","name":"ULADECH CAT\u00d3LICA: Universidad Cat\u00f3lica Los \u00c1ngeles de Chimbote","description":"Catholic University Los Angeles de Chimbote","publisher":{"@id":"https:\/\/www.uladech.edu.pe\/en\/#organization"},"alternateName":"ULADECH CAT\u00d3LICA","potentialAction":[{"@type":"SearchAction","target":{"@type":"EntryPoint","urlTemplate":"https:\/\/www.uladech.edu.pe\/en\/?s={search_term_string}"},"query-input":"required name=search_term_string"}],"inLanguage":"en-US"},{"@type":"Organization","@id":"https:\/\/www.uladech.edu.pe\/en\/#organization","name":"Universidad Cat\u00f3lica Los \u00c1ngeles de Chimbote","alternateName":"ULADECH CAT\u00d3LICA","url":"https:\/\/www.uladech.edu.pe\/en\/","logo":{"@type":"ImageObject","inLanguage":"en-US","@id":"https:\/\/www.uladech.edu.pe\/en\/#\/schema\/logo\/image\/","url":"https:\/\/www.uladech.edu.pe\/en\/wp-content\/uploads\/2022\/11\/uladechcatolica-logo-purple.png","contentUrl":"https:\/\/www.uladech.edu.pe\/en\/wp-content\/uploads\/2022\/11\/uladechcatolica-logo-purple.png","width":626,"height":445,"caption":"Universidad Cat\u00f3lica Los \u00c1ngeles de Chimbote"},"image":{"@id":"https:\/\/www.uladech.edu.pe\/en\/#\/schema\/logo\/image\/"},"sameAs":["https:\/\/www.facebook.com\/uladechcatolicaoficial","https:\/\/x.com\/uladechcatolica","https:\/\/www.youtube.com\/user\/UladechCatolica","https:\/\/www.instagram.com\/uladechcatolica"]}]}},"uagb_featured_image_src":{"full":false,"thumbnail":false,"medium":false,"medium_large":false,"large":false,"1536x1536":false,"2048x2048":false},"uagb_author_info":{"display_name":"Especialista Tecnolog\u00eda Web","author_link":"https:\/\/www.uladech.edu.pe\/en\/author\/tw_especialista\/"},"uagb_comment_info":0,"uagb_excerpt":"El Vicerrectorado de Investigaci\u00f3n contribuye al fortalecimiento de la formaci\u00f3n acad\u00e9mica y profesional mediante la investigaci\u00f3n formativa donde participan estudiantes y egresados. Tiene como objetivos: Desarrollar habilidades investigativas b\u00e1sicas para que los estudiantes fortalezcan sus conocimientos relacionados a la investigaci\u00f3n y ejecutar proyectos de investigaci\u00f3n que le permitan cumplir con los requisitos de graduaci\u00f3n y&hellip;","_links":{"self":[{"href":"https:\/\/www.uladech.edu.pe\/en\/wp-json\/wp\/v2\/pages\/5396","targetHints":{"allow":["GET"]}}],"collection":[{"href":"https:\/\/www.uladech.edu.pe\/en\/wp-json\/wp\/v2\/pages"}],"about":[{"href":"https:\/\/www.uladech.edu.pe\/en\/wp-json\/wp\/v2\/types\/page"}],"author":[{"embeddable":true,"href":"https:\/\/www.uladech.edu.pe\/en\/wp-json\/wp\/v2\/users\/2"}],"replies":[{"embeddable":true,"href":"https:\/\/www.uladech.edu.pe\/en\/wp-json\/wp\/v2\/comments?post=5396"}],"version-history":[{"count":20,"href":"https:\/\/www.uladech.edu.pe\/en\/wp-json\/wp\/v2\/pages\/5396\/revisions"}],"predecessor-version":[{"id":5514,"href":"https:\/\/www.uladech.edu.pe\/en\/wp-json\/wp\/v2\/pages\/5396\/revisions\/5514"}],"up":[{"embeddable":true,"href":"https:\/\/www.uladech.edu.pe\/en\/wp-json\/wp\/v2\/pages\/128"}],"wp:attachment":[{"href":"https:\/\/www.uladech.edu.pe\/en\/wp-json\/wp\/v2\/media?parent=5396"}],"curies":[{"name":"wp","href":"https:\/\/api.w.org\/{rel}","templated":true}]}}