{"id":136,"date":"2022-08-12T11:53:00","date_gmt":"2022-08-12T16:53:00","guid":{"rendered":"https:\/\/webdev.uladech.edu.pe\/?page_id=136"},"modified":"2023-08-05T10:33:03","modified_gmt":"2023-08-05T15:33:03","slug":"historia","status":"publish","type":"page","link":"https:\/\/www.uladech.edu.pe\/qu\/la-universidad\/historia\/","title":{"rendered":"ULADECHPA KAWSAKUSQAN"},"content":{"rendered":"\n<p>Catolica Los \u00c1ngeles de Chimbote Qapaq Yachay Wasiqa, waynakuna sipaskuna munasqanraykum (12) chunka iskayniyuq hunyu killapi, (1985) waranqa isqun pachak pusaqchunka pichqayuq watapim, Piruw suyupa Parlamento de la Rep\u00fablicanmi (24163) iskay chunka tawayuq waranqa, pachak suqta chunka kimsayuq kamachikuywanmi, Qapaq Yachay Wasi sutichaspa paqarichirqa. Kay qapaq wasiqa umayuq warmiqarikuna llamkaypi qispichinanpaqmi, chaynallataq lluqsikuna Chimbote, lliw Piruw suyu yanapaspa wichayman apanankupaq.<\/p>\n\n\n\n<p>Asamblea Nacional de Rectores\u00f1ataq (1045-98) waranqa tawa chunka pisqayuq, 98 watapi, hinaspa (1124-98) waranqa pachak iskay chunka tawayuq chay watallapitaq, kamachikuykunawan Rimana \u201cEl Peruano\u201d nisqanpi kay Qapaq Wasita llamkay hallarinanpaq kicharqa .<\/p>\n\n\n\n<p>Kay Qapaq Yachay Wasiqa, unay watakuna purisqanpi, (22) iska chunka iskayniyuq punchaw nuwimri killa, (2008) iskay waranqa pusaqniyuq watataqa, Cat\u00f3lica en la Catedral de la Di\u00f3cesis Chimbote llaqtapi sutiwan wi\u00f1apaq paqarirqa, chaymantaqa sumaq allichasqa Estatututa Derecho Can\u00f3nicoman, Constituci\u00f3n Apost\u00f3lika Ex Corde Ecclesiaeman kamaylla tupisqam.<\/p>\n\n\n\n<p>Obispo hinaspa Qapaq Yachay Wasipa hatun Cancillernin Monse\u00f1or \u00c1ngel Francisco Sim\u00f3n Piornoqa, Consejo Nacional de Rectores nisqantam kay yachana wasi wichayman puririnanpaq ma\u00f1akurqa. Chaymi, (2009) iskay waranqa watata, (11) chunka hukniyuq marsu killapi llamkay hallarinanpaq 119-2002 CONAFU qillqasqawan kamachikurqa.<\/p>\n\n\n\n<p>Kay imapas watapunchaw rurasqa kasqanmantam, ULADECH Catolicaqa qari warmikunata taytachapi i\u00f1inankama yachachispa yanapan. Chaynallataq yachakuqkunapa umanman allin runahina kananpaq, chaninchasqa yachaykunata hillpun. Chaymi, sumaq llamkaykuna kanapaq, hatun muyu pachapi hamutaqkunawanpas tinkuspa kay qapaq yachay wasita wichayman apuyachin.<\/p>\n\n\n\n<p>Kunan punchawpi qapaq yachay wasi Cat\u00f3lica Los \u00c1ngeles de Chimboteqa pichqa hatun yachana wasikunam kapun. chaynallataqmi chunka hukniyuq yachay kallpi wasikunapas kapuntaq. Hatun yachay wasiqa pregrado, postgrado nisqan, hinaspa iskay \u00f1iqi yachaykunapas kapuntaqmi; chamantapas chunkapi mallkisqa yachay wasikunam kay hatun suyupi yachachinapaq kichasqa kachkan.<\/p>\n\n\n\n<p>(2020) Iskay waranqa iskay chunka wata, (26) iskay chuka suqtayuq aqustu killapim, akllasqa umalliq musuq Ricturqa hu\u00f1ulla uniwirsirarpi llamkaqkunawan kuska, kay qapaq yachay wasita ukunman hawankama allin \u00f1anman tikrakurqaku. Tikrasqa uniwirsirarqa muyu pachapi chaninchasqa yachanakunatam allichaspan hatun \u00f1anta purichinqa.<\/p>\n\n\n\n<p>Uniwirsirar ULADECHqa runa, pacha kuyakuqta, ayllu sunqu, ruraysapa kayta, qillqasqakuna \u00f1awinchaqta, imatapas taripakuqta, allin kawsaytapas yachapakuqkunata yachachinqa. Chaynallataq qipa punchawpi unanchaqkunata qispichinqa. Chaschiki paqarin minchakunaqa hukllawasqa ruraykunapi sumaqta llamkanqaku, qapaq yachay wasitapas riqsikunqakutaq.<\/p>\n\n\n\n<p>Hawa suyu yaya wasi kaqkunam kanchik, llapa tiqsi muyupi yaya wasi hu\u00f1usqan, FIUC (Federaci\u00f3n Internacional de Universidades Cat\u00f3licas) chayman hu\u00f1usqam 200 yaya wasi hatun yachay wasikuna, llapa tiqsi muyupi hinallataq ODUCAL (Organizaci\u00f3n de Universidades Cat\u00f3licas de Am\u00e9rica y el Caribe), chaymi FIUC suyu hu\u00f1unakuy.<\/p>\n","protected":false},"excerpt":{"rendered":"<p>Catolica Los \u00c1ngeles de Chimbote Qapaq Yachay Wasiqa, waynakuna sipaskuna munasqanraykum (12) chunka iskayniyuq hunyu killapi, (1985) waranqa isqun pachak pusaqchunka pichqayuq watapim, Piruw suyupa Parlamento de la Rep\u00fablicanmi (24163) iskay chunka tawayuq waranqa, pachak suqta chunka kimsayuq kamachikuywanmi, Qapaq Yachay Wasi sutichaspa paqarichirqa. Kay qapaq wasiqa umayuq warmiqarikuna llamkaypi qispichinanpaqmi, chaynallataq lluqsikuna Chimbote, lliw [&hellip;]<\/p>\n","protected":false},"author":1,"featured_media":0,"parent":126,"menu_order":2,"comment_status":"closed","ping_status":"closed","template":"","meta":{"site-sidebar-layout":"default","site-content-layout":"","ast-site-content-layout":"","site-content-style":"default","site-sidebar-style":"default","ast-global-header-display":"","ast-banner-title-visibility":"","ast-main-header-display":"","ast-hfb-above-header-display":"","ast-hfb-below-header-display":"","ast-hfb-mobile-header-display":"","site-post-title":"","ast-breadcrumbs-content":"","ast-featured-img":"","footer-sml-layout":"","theme-transparent-header-meta":"","adv-header-id-meta":"","stick-header-meta":"","header-above-stick-meta":"","header-main-stick-meta":"","header-below-stick-meta":"","astra-migrate-meta-layouts":"default","ast-page-background-enabled":"default","ast-page-background-meta":{"desktop":{"background-color":"var(--ast-global-color-4)","background-image":"","background-repeat":"repeat","background-position":"center center","background-size":"auto","background-attachment":"scroll","background-type":"","background-media":"","overlay-type":"","overlay-color":"","overlay-opacity":"","overlay-gradient":""},"tablet":{"background-color":"","background-image":"","background-repeat":"repeat","background-position":"center center","background-size":"auto","background-attachment":"scroll","background-type":"","background-media":"","overlay-type":"","overlay-color":"","overlay-opacity":"","overlay-gradient":""},"mobile":{"background-color":"","background-image":"","background-repeat":"repeat","background-position":"center center","background-size":"auto","background-attachment":"scroll","background-type":"","background-media":"","overlay-type":"","overlay-color":"","overlay-opacity":"","overlay-gradient":""}},"ast-content-background-meta":{"desktop":{"background-color":"var(--ast-global-color-5)","background-image":"","background-repeat":"repeat","background-position":"center center","background-size":"auto","background-attachment":"scroll","background-type":"","background-media":"","overlay-type":"","overlay-color":"","overlay-opacity":"","overlay-gradient":""},"tablet":{"background-color":"var(--ast-global-color-5)","background-image":"","background-repeat":"repeat","background-position":"center center","background-size":"auto","background-attachment":"scroll","background-type":"","background-media":"","overlay-type":"","overlay-color":"","overlay-opacity":"","overlay-gradient":""},"mobile":{"background-color":"var(--ast-global-color-5)","background-image":"","background-repeat":"repeat","background-position":"center center","background-size":"auto","background-attachment":"scroll","background-type":"","background-media":"","overlay-type":"","overlay-color":"","overlay-opacity":"","overlay-gradient":""}},"footnotes":""},"class_list":["post-136","page","type-page","status-publish","hentry"],"_links":{"self":[{"href":"https:\/\/www.uladech.edu.pe\/qu\/wp-json\/wp\/v2\/pages\/136"}],"collection":[{"href":"https:\/\/www.uladech.edu.pe\/qu\/wp-json\/wp\/v2\/pages"}],"about":[{"href":"https:\/\/www.uladech.edu.pe\/qu\/wp-json\/wp\/v2\/types\/page"}],"author":[{"embeddable":true,"href":"https:\/\/www.uladech.edu.pe\/qu\/wp-json\/wp\/v2\/users\/1"}],"replies":[{"embeddable":true,"href":"https:\/\/www.uladech.edu.pe\/qu\/wp-json\/wp\/v2\/comments?post=136"}],"version-history":[{"count":20,"href":"https:\/\/www.uladech.edu.pe\/qu\/wp-json\/wp\/v2\/pages\/136\/revisions"}],"predecessor-version":[{"id":5378,"href":"https:\/\/www.uladech.edu.pe\/qu\/wp-json\/wp\/v2\/pages\/136\/revisions\/5378"}],"up":[{"embeddable":true,"href":"https:\/\/www.uladech.edu.pe\/qu\/wp-json\/wp\/v2\/pages\/126"}],"wp:attachment":[{"href":"https:\/\/www.uladech.edu.pe\/qu\/wp-json\/wp\/v2\/media?parent=136"}],"curies":[{"name":"wp","href":"https:\/\/api.w.org\/{rel}","templated":true}]}}