{"id":138,"date":"2022-08-12T11:53:38","date_gmt":"2022-08-12T16:53:38","guid":{"rendered":"https:\/\/webdev.uladech.edu.pe\/?page_id=138"},"modified":"2023-08-05T10:44:15","modified_gmt":"2023-08-05T15:44:15","slug":"valores","status":"publish","type":"page","link":"https:\/\/www.uladech.edu.pe\/qu\/la-universidad\/valores\/","title":{"rendered":"Sumaq kawsakuykuna"},"content":{"rendered":"\n<p>Llamkana wasipi sumaq kawsakuykuna i\u00f1iychaykunawan imakay yachaykunam allinkultura hu\u00f1usqa sunqu, kaniyuqman churan, imayna aypasqa, kamachikusqan pusasqan, kaqkuna hu\u00f1usqanpas, chaypunim sumaq kawsakuykuna ULADECH Catolicapi kaykuna:<\/p>\n\n\n\n<ul class=\"wp-block-list\">\n<li>Sumaq sunqu<\/li>\n\n\n\n<li>Siqsichisqa<\/li>\n\n\n\n<li>Lliw kawsay pacha tikray<\/li>\n\n\n\n<li>Kuyakuq \/ allin sunquyuq<\/li>\n\n\n\n<li>Sumaq kawsaywan yanapay<\/li>\n\n\n\n<li>Alli\u00f1iqin<\/li>\n\n\n\n<li>Qispisqa kaywan kuskachay<\/li>\n<\/ul>\n","protected":false},"excerpt":{"rendered":"<p>Llamkana wasipi sumaq kawsakuykuna i\u00f1iychaykunawan imakay yachaykunam allinkultura hu\u00f1usqa sunqu, kaniyuqman churan, imayna aypasqa, kamachikusqan pusasqan, kaqkuna hu\u00f1usqanpas, chaypunim sumaq kawsakuykuna ULADECH Catolicapi kaykuna:<\/p>\n","protected":false},"author":1,"featured_media":0,"parent":126,"menu_order":3,"comment_status":"closed","ping_status":"closed","template":"","meta":{"site-sidebar-layout":"default","site-content-layout":"","ast-site-content-layout":"","site-content-style":"default","site-sidebar-style":"default","ast-global-header-display":"","ast-banner-title-visibility":"","ast-main-header-display":"","ast-hfb-above-header-display":"","ast-hfb-below-header-display":"","ast-hfb-mobile-header-display":"","site-post-title":"","ast-breadcrumbs-content":"","ast-featured-img":"","footer-sml-layout":"","theme-transparent-header-meta":"","adv-header-id-meta":"","stick-header-meta":"","header-above-stick-meta":"","header-main-stick-meta":"","header-below-stick-meta":"","astra-migrate-meta-layouts":"default","ast-page-background-enabled":"default","ast-page-background-meta":{"desktop":{"background-color":"var(--ast-global-color-4)","background-image":"","background-repeat":"repeat","background-position":"center center","background-size":"auto","background-attachment":"scroll","background-type":"","background-media":"","overlay-type":"","overlay-color":"","overlay-opacity":"","overlay-gradient":""},"tablet":{"background-color":"","background-image":"","background-repeat":"repeat","background-position":"center center","background-size":"auto","background-attachment":"scroll","background-type":"","background-media":"","overlay-type":"","overlay-color":"","overlay-opacity":"","overlay-gradient":""},"mobile":{"background-color":"","background-image":"","background-repeat":"repeat","background-position":"center center","background-size":"auto","background-attachment":"scroll","background-type":"","background-media":"","overlay-type":"","overlay-color":"","overlay-opacity":"","overlay-gradient":""}},"ast-content-background-meta":{"desktop":{"background-color":"var(--ast-global-color-5)","background-image":"","background-repeat":"repeat","background-position":"center center","background-size":"auto","background-attachment":"scroll","background-type":"","background-media":"","overlay-type":"","overlay-color":"","overlay-opacity":"","overlay-gradient":""},"tablet":{"background-color":"var(--ast-global-color-5)","background-image":"","background-repeat":"repeat","background-position":"center center","background-size":"auto","background-attachment":"scroll","background-type":"","background-media":"","overlay-type":"","overlay-color":"","overlay-opacity":"","overlay-gradient":""},"mobile":{"background-color":"var(--ast-global-color-5)","background-image":"","background-repeat":"repeat","background-position":"center center","background-size":"auto","background-attachment":"scroll","background-type":"","background-media":"","overlay-type":"","overlay-color":"","overlay-opacity":"","overlay-gradient":""}},"footnotes":""},"class_list":["post-138","page","type-page","status-publish","hentry"],"_links":{"self":[{"href":"https:\/\/www.uladech.edu.pe\/qu\/wp-json\/wp\/v2\/pages\/138"}],"collection":[{"href":"https:\/\/www.uladech.edu.pe\/qu\/wp-json\/wp\/v2\/pages"}],"about":[{"href":"https:\/\/www.uladech.edu.pe\/qu\/wp-json\/wp\/v2\/types\/page"}],"author":[{"embeddable":true,"href":"https:\/\/www.uladech.edu.pe\/qu\/wp-json\/wp\/v2\/users\/1"}],"replies":[{"embeddable":true,"href":"https:\/\/www.uladech.edu.pe\/qu\/wp-json\/wp\/v2\/comments?post=138"}],"version-history":[{"count":16,"href":"https:\/\/www.uladech.edu.pe\/qu\/wp-json\/wp\/v2\/pages\/138\/revisions"}],"predecessor-version":[{"id":5384,"href":"https:\/\/www.uladech.edu.pe\/qu\/wp-json\/wp\/v2\/pages\/138\/revisions\/5384"}],"up":[{"embeddable":true,"href":"https:\/\/www.uladech.edu.pe\/qu\/wp-json\/wp\/v2\/pages\/126"}],"wp:attachment":[{"href":"https:\/\/www.uladech.edu.pe\/qu\/wp-json\/wp\/v2\/media?parent=138"}],"curies":[{"name":"wp","href":"https:\/\/api.w.org\/{rel}","templated":true}]}}