{"id":157,"date":"2022-08-12T12:17:59","date_gmt":"2022-08-12T17:17:59","guid":{"rendered":"https:\/\/webdev.uladech.edu.pe\/?page_id=157"},"modified":"2022-09-12T19:03:14","modified_gmt":"2022-09-13T00:03:14","slug":"servicios-deportivos","status":"publish","type":"page","link":"https:\/\/www.uladech.edu.pe\/qu\/servicios\/bienestar-universitario\/servicios-deportivos\/","title":{"rendered":"Servicios Deportivos"},"content":{"rendered":"\t\t<div data-elementor-type=\"wp-page\" data-elementor-id=\"157\" class=\"elementor elementor-157\" data-elementor-post-type=\"page\">\n\t\t\t\t\t\t<section class=\"elementor-section elementor-top-section elementor-element elementor-element-5a3e2169 elementor-section-boxed elementor-section-height-default elementor-section-height-default\" data-id=\"5a3e2169\" data-element_type=\"section\">\n\t\t\t\t\t\t<div class=\"elementor-container elementor-column-gap-default\">\n\t\t\t\t\t<div class=\"elementor-column elementor-col-33 elementor-top-column elementor-element elementor-element-746e8ad5\" data-id=\"746e8ad5\" data-element_type=\"column\" data-settings=\"{&quot;background_background&quot;:&quot;classic&quot;}\">\n\t\t\t<div class=\"elementor-widget-wrap elementor-element-populated\">\n\t\t\t\t\t\t<div class=\"elementor-element elementor-element-4d0441ce elementor-widget elementor-widget-heading\" data-id=\"4d0441ce\" data-element_type=\"widget\" data-widget_type=\"heading.default\">\n\t\t\t\t<div class=\"elementor-widget-container\">\n\t\t\t<style>\/*! elementor - v3.23.0 - 05-08-2024 *\/\n.elementor-heading-title{padding:0;margin:0;line-height:1}.elementor-widget-heading .elementor-heading-title[class*=elementor-size-]>a{color:inherit;font-size:inherit;line-height:inherit}.elementor-widget-heading .elementor-heading-title.elementor-size-small{font-size:15px}.elementor-widget-heading .elementor-heading-title.elementor-size-medium{font-size:19px}.elementor-widget-heading .elementor-heading-title.elementor-size-large{font-size:29px}.elementor-widget-heading .elementor-heading-title.elementor-size-xl{font-size:39px}.elementor-widget-heading .elementor-heading-title.elementor-size-xxl{font-size:59px}<\/style><h4 class=\"elementor-heading-title elementor-size-default\">Servicios Deportivos<\/h4>\t\t<\/div>\n\t\t\t\t<\/div>\n\t\t\t\t<div class=\"elementor-element elementor-element-11f0ece9 elementor-nav-menu__align-justify elementor-nav-menu--stretch elementor-nav-menu--dropdown-tablet elementor-nav-menu__text-align-aside elementor-nav-menu--toggle elementor-nav-menu--burger elementor-widget elementor-widget-nav-menu\" data-id=\"11f0ece9\" data-element_type=\"widget\" data-settings=\"{&quot;layout&quot;:&quot;vertical&quot;,&quot;full_width&quot;:&quot;stretch&quot;,&quot;submenu_icon&quot;:{&quot;value&quot;:&quot;&lt;i class=\\&quot;fas fa-caret-down\\&quot;&gt;&lt;\\\/i&gt;&quot;,&quot;library&quot;:&quot;fa-solid&quot;},&quot;toggle&quot;:&quot;burger&quot;}\" data-widget_type=\"nav-menu.default\">\n\t\t\t\t<div class=\"elementor-widget-container\">\n\t\t\t<link rel=\"stylesheet\" href=\"https:\/\/www.uladech.edu.pe\/qu\/wp-content\/plugins\/elementor-pro\/assets\/css\/widget-nav-menu.min.css?ver=1723247772\">\t\t\t<nav aria-label=\"Menu\" class=\"elementor-nav-menu--main elementor-nav-menu__container elementor-nav-menu--layout-vertical e--pointer-none\">\n\t\t\t\t<ul id=\"menu-1-11f0ece9\" class=\"elementor-nav-menu sm-vertical\"><li class=\"menu-item menu-item-type-post_type menu-item-object-page menu-item-3336\"><a href=\"https:\/\/www.uladech.edu.pe\/qu\/servicios\/bienestar-universitario\/servicios-deportivos\/\" class=\"elementor-item menu-link\">Presentaci\u00f3n<\/a><\/li>\n<li class=\"menu-item menu-item-type-post_type menu-item-object-page menu-item-3339\"><a href=\"https:\/\/www.uladech.edu.pe\/qu\/servicios\/bienestar-universitario\/servicios-deportivos\/actividades\/\" class=\"elementor-item menu-link\">Ruraykuna<\/a><\/li>\n<li class=\"menu-item menu-item-type-post_type menu-item-object-page menu-item-3338\"><a href=\"https:\/\/www.uladech.edu.pe\/qu\/servicios\/bienestar-universitario\/servicios-deportivos\/elementor-1956\/\" class=\"elementor-item menu-link\">Informes<\/a><\/li>\n<li class=\"menu-item menu-item-type-post_type menu-item-object-page menu-item-3337\"><a href=\"https:\/\/www.uladech.edu.pe\/qu\/servicios\/bienestar-universitario\/servicios-deportivos\/coliseo-uladech-catolica\/\" class=\"elementor-item menu-link\">ULADECH Catolicapa hatun pukllana wasin<\/a><\/li>\n<li class=\"menu-item menu-item-type-post_type menu-item-object-page menu-item-3340\"><a href=\"https:\/\/www.uladech.edu.pe\/qu\/servicios\/bienestar-universitario\/servicios-deportivos\/disciplinas-deportivas\/\" class=\"elementor-item menu-link\">Pukllaykunapa Pallqan<\/a><\/li>\n<li class=\"menu-item menu-item-type-post_type menu-item-object-page menu-item-3341\"><a href=\"https:\/\/www.uladech.edu.pe\/qu\/servicios\/bienestar-universitario\/servicios-deportivos\/logros-deportivos\/\" class=\"elementor-item menu-link\">Pukllaykunapa allin atisqapa ruraynin<\/a><\/li>\n<\/ul>\t\t\t<\/nav>\n\t\t\t\t\t<div class=\"elementor-menu-toggle\" role=\"button\" tabindex=\"0\" aria-label=\"Menu Toggle\" aria-expanded=\"false\">\n\t\t\t<i aria-hidden=\"true\" role=\"presentation\" class=\"elementor-menu-toggle__icon--open eicon-menu-bar\"><\/i><i aria-hidden=\"true\" role=\"presentation\" class=\"elementor-menu-toggle__icon--close eicon-close\"><\/i>\t\t\t<span class=\"elementor-screen-only\">Menu<\/span>\n\t\t<\/div>\n\t\t\t\t\t<nav class=\"elementor-nav-menu--dropdown elementor-nav-menu__container\" aria-hidden=\"true\">\n\t\t\t\t<ul id=\"menu-2-11f0ece9\" class=\"elementor-nav-menu sm-vertical\"><li class=\"menu-item menu-item-type-post_type menu-item-object-page menu-item-3336\"><a href=\"https:\/\/www.uladech.edu.pe\/qu\/servicios\/bienestar-universitario\/servicios-deportivos\/\" class=\"elementor-item menu-link\" tabindex=\"-1\">Presentaci\u00f3n<\/a><\/li>\n<li class=\"menu-item menu-item-type-post_type menu-item-object-page menu-item-3339\"><a href=\"https:\/\/www.uladech.edu.pe\/qu\/servicios\/bienestar-universitario\/servicios-deportivos\/actividades\/\" class=\"elementor-item menu-link\" tabindex=\"-1\">Ruraykuna<\/a><\/li>\n<li class=\"menu-item menu-item-type-post_type menu-item-object-page menu-item-3338\"><a href=\"https:\/\/www.uladech.edu.pe\/qu\/servicios\/bienestar-universitario\/servicios-deportivos\/elementor-1956\/\" class=\"elementor-item menu-link\" tabindex=\"-1\">Informes<\/a><\/li>\n<li class=\"menu-item menu-item-type-post_type menu-item-object-page menu-item-3337\"><a href=\"https:\/\/www.uladech.edu.pe\/qu\/servicios\/bienestar-universitario\/servicios-deportivos\/coliseo-uladech-catolica\/\" class=\"elementor-item menu-link\" tabindex=\"-1\">ULADECH Catolicapa hatun pukllana wasin<\/a><\/li>\n<li class=\"menu-item menu-item-type-post_type menu-item-object-page menu-item-3340\"><a href=\"https:\/\/www.uladech.edu.pe\/qu\/servicios\/bienestar-universitario\/servicios-deportivos\/disciplinas-deportivas\/\" class=\"elementor-item menu-link\" tabindex=\"-1\">Pukllaykunapa Pallqan<\/a><\/li>\n<li class=\"menu-item menu-item-type-post_type menu-item-object-page menu-item-3341\"><a href=\"https:\/\/www.uladech.edu.pe\/qu\/servicios\/bienestar-universitario\/servicios-deportivos\/logros-deportivos\/\" class=\"elementor-item menu-link\" tabindex=\"-1\">Pukllaykunapa allin atisqapa ruraynin<\/a><\/li>\n<\/ul>\t\t\t<\/nav>\n\t\t\t\t<\/div>\n\t\t\t\t<\/div>\n\t\t\t\t\t<\/div>\n\t\t<\/div>\n\t\t\t\t<div class=\"elementor-column elementor-col-66 elementor-top-column elementor-element elementor-element-50d36d2e\" data-id=\"50d36d2e\" data-element_type=\"column\">\n\t\t\t<div class=\"elementor-widget-wrap elementor-element-populated\">\n\t\t\t\t\t\t<section class=\"elementor-section elementor-inner-section elementor-element elementor-element-34c24228 elementor-section-boxed elementor-section-height-default elementor-section-height-default\" data-id=\"34c24228\" data-element_type=\"section\">\n\t\t\t\t\t\t<div class=\"elementor-container elementor-column-gap-default\">\n\t\t\t\t\t<div class=\"elementor-column elementor-col-100 elementor-inner-column elementor-element elementor-element-2c7febd3\" data-id=\"2c7febd3\" data-element_type=\"column\">\n\t\t\t<div class=\"elementor-widget-wrap elementor-element-populated\">\n\t\t\t\t\t\t<div class=\"elementor-element elementor-element-1c2f8e8 elementor-widget elementor-widget-heading\" data-id=\"1c2f8e8\" data-element_type=\"widget\" data-widget_type=\"heading.default\">\n\t\t\t\t<div class=\"elementor-widget-container\">\n\t\t\t<h2 class=\"elementor-heading-title elementor-size-default\">Presentaci\u00f3n<\/h2>\t\t<\/div>\n\t\t\t\t<\/div>\n\t\t\t\t<div class=\"elementor-element elementor-element-115b2c4 elementor-widget elementor-widget-text-editor\" data-id=\"115b2c4\" data-element_type=\"widget\" data-widget_type=\"text-editor.default\">\n\t\t\t\t<div class=\"elementor-widget-container\">\n\t\t\t<style>\/*! elementor - v3.23.0 - 05-08-2024 *\/\n.elementor-widget-text-editor.elementor-drop-cap-view-stacked .elementor-drop-cap{background-color:#69727d;color:#fff}.elementor-widget-text-editor.elementor-drop-cap-view-framed .elementor-drop-cap{color:#69727d;border:3px solid;background-color:transparent}.elementor-widget-text-editor:not(.elementor-drop-cap-view-default) .elementor-drop-cap{margin-top:8px}.elementor-widget-text-editor:not(.elementor-drop-cap-view-default) .elementor-drop-cap-letter{width:1em;height:1em}.elementor-widget-text-editor .elementor-drop-cap{float:left;text-align:center;line-height:1;font-size:50px}.elementor-widget-text-editor .elementor-drop-cap-letter{display:inline-block}<\/style>\t\t\t\t<p>ULADECH Cat\u00f3lica a trav\u00e9s de los Servicios Deportivos de la Divisi\u00f3n de Bienestar gestiona y asegura el desarrollo del deporte a toda la Comunidad Universitaria a trav\u00e9s de los siguientes programas:<\/p><p><strong>1)<\/strong> PROGRAMA DEPORTIVO DE FORMACI\u00d3N Y RECREACI\u00d3N.<br \/><strong>2)<\/strong> PROGRAMA DEPORTIVO DE ALTA COMPETENCIA \u2013 PRODAC.<br \/><strong>3)<\/strong> PROGRAMA INTEGRAL DE VIDA SALUDABLE YMCA PER\u00da \u2013 ULADECH CAT\u00d3LICA.<\/p><p>Estos programas buscan a trav\u00e9s del deporte mejorar la condici\u00f3n f\u00edsica,\u00a0 calidad de vida y patrones de alimentaci\u00f3n pocos sanos, contribuyendo as\u00ed al desarrollo y bienestar de los estudiantes, docentes y no docentes de la Universidad.<\/p><p>Los Servicios Deportivos de la Divisi\u00f3n de Bienestar tiene la responsabilidad en coordinaci\u00f3n con los Coordinadores de Bienestar de filiales e Instructores de los Servicios Deportivos de gestionar la planificaci\u00f3n, ejecuci\u00f3n, evaluaci\u00f3n y mejora de los programas deportivos.<\/p><p><strong>1.1.\u00a0 PROGRAMA DEPORTIVO DE FORMACI\u00d3N Y RECREACI\u00d3N<\/strong><br \/>Este programa ha sido dise\u00f1ado adapt\u00e1ndose a la actual situaci\u00f3n de crisis sanitaria que atraviesa el pa\u00eds, para ello oferta en el presente a\u00f1o acad\u00e9mico 2022 y de forma virtual el desarrollo continuo de las disciplinas deportivas de Futsal, V\u00f3ley, Ajedrez y Tae Kwon Do, as\u00ed como tambi\u00e9n la ejecuci\u00f3n de eventos y\/o torneos deportivos, con el objetivo de fomentar la participaci\u00f3n y desarrollo de todos los estudiantes, personal docente y no docente de la Universidad.<\/p><p>Objetivo Del Programa: Promover la pr\u00e1ctica del deporte a trav\u00e9s de eventos deportivos, programas, talleres, torneos, de forma individual y\/o colectiva, que permitan fortalecer la identidad, competencia, formaci\u00f3n y\u00a0 la integraci\u00f3n de los miembros de la comunidad universitaria a nivel de Sede Central y filiales, y\u00a0 de esta manera contribuir al desarrollo personal, el cuidado de la salud, asegurando un servicio completo y de calidad a sus beneficiarios.<\/p><p><strong>Requisitos para participar del Programa:<\/strong><\/p><p>Para estudiantes: Registrar matricula vigente en el presente semestre.<br \/>Ser Personal Docente y no docente de la Universidad.<\/p><p><strong>1.2. PROGRAMA DEPORTIVO DE ALTA COMPETENCIA \u2013 PRODAC<\/strong><br \/>Es un programa exclusivo de entrenamiento que permite seleccionar a los estudiantes deportistas m\u00e1s destacados que sobresalen en las disciplinas de ajedrez, v\u00f3ley y futsal que oferta el PROGRAMA DEPORTIVO DE FORMACI\u00d3N Y RECREACI\u00d3N, tanto en sede central como en filiales.<\/p><p>Objetivo del Programa de PRODAC: Preparar a los estudiantes seleccionados en las disciplinas de ajedrez, v\u00f3ley y futsal con el prop\u00f3sito de que representen a la Universidad en campeonatos locales, nacionales o internacionales.<\/p><p><strong>Requisitos para participar del Programa PRODAC:<\/strong><\/p><p>Ser seleccionado por el Instructor de los Servicios Deportivos.<br \/>Evidenciar ser deportista calificado en las disciplinas de ajedrez, v\u00f3ley y futsal.<\/p><p><strong>1.3. PROGRAMA INTEGRAL DE VIDA SALUDABLE YMCA PER\u00da \u2013 ULADECH CAT\u00d3LICA<\/strong><br \/>Permite conocer y tener un mejor alcance sobre c\u00f3mo llevar una vida saludable, desarrollando de manera equilibrada el cuerpo, la mente y el esp\u00edritu.<\/p><p>Este programa promueve una alimentaci\u00f3n balanceada y equilibrada, contribuyendo a la salud de los estudiantes, docentes y personal no docente de la universidad, con el prop\u00f3sito de disminuir niveles de estr\u00e9s y previniendo enfermedades derivadas del sobrepeso, obesidad o delgadez.<\/p><p>Objetivo del programa: Llegar a la comunidad universitaria a trav\u00e9s de las redes sociales, generando consciencia a trav\u00e9s de h\u00e1bitos de vida saludable y mejores estilos de vida.<\/p><p><strong>Requisitos para participar del Programa:<\/strong><\/p><p style=\"text-align: left;\">Ser parte activa de la comunidad universitaria.<\/p>\t\t\t\t\t\t<\/div>\n\t\t\t\t<\/div>\n\t\t\t\t\t<\/div>\n\t\t<\/div>\n\t\t\t\t\t<\/div>\n\t\t<\/section>\n\t\t\t\t\t<\/div>\n\t\t<\/div>\n\t\t\t\t\t<\/div>\n\t\t<\/section>\n\t\t\t\t<\/div>\n\t\t","protected":false},"excerpt":{"rendered":"<p>Servicios Deportivos Presentaci\u00f3n ULADECH Cat\u00f3lica a trav\u00e9s de los Servicios Deportivos de la Divisi\u00f3n de Bienestar gestiona y asegura el desarrollo del deporte a toda la Comunidad Universitaria a trav\u00e9s de los siguientes programas: 1) PROGRAMA DEPORTIVO DE FORMACI\u00d3N Y RECREACI\u00d3N.2) PROGRAMA DEPORTIVO DE ALTA COMPETENCIA \u2013 PRODAC.3) PROGRAMA INTEGRAL DE VIDA SALUDABLE YMCA PER\u00da [&hellip;]<\/p>\n","protected":false},"author":1,"featured_media":0,"parent":147,"menu_order":3,"comment_status":"closed","ping_status":"closed","template":"","meta":{"site-sidebar-layout":"no-sidebar","site-content-layout":"page-builder","ast-site-content-layout":"","site-content-style":"default","site-sidebar-style":"default","ast-global-header-display":"","ast-banner-title-visibility":"","ast-main-header-display":"","ast-hfb-above-header-display":"","ast-hfb-below-header-display":"","ast-hfb-mobile-header-display":"","site-post-title":"disabled","ast-breadcrumbs-content":"","ast-featured-img":"disabled","footer-sml-layout":"","theme-transparent-header-meta":"","adv-header-id-meta":"","stick-header-meta":"","header-above-stick-meta":"","header-main-stick-meta":"","header-below-stick-meta":"","astra-migrate-meta-layouts":"default","ast-page-background-enabled":"default","ast-page-background-meta":{"desktop":{"background-color":"var(--ast-global-color-4)","background-image":"","background-repeat":"repeat","background-position":"center center","background-size":"auto","background-attachment":"scroll","background-type":"","background-media":"","overlay-type":"","overlay-color":"","overlay-opacity":"","overlay-gradient":""},"tablet":{"background-color":"","background-image":"","background-repeat":"repeat","background-position":"center center","background-size":"auto","background-attachment":"scroll","background-type":"","background-media":"","overlay-type":"","overlay-color":"","overlay-opacity":"","overlay-gradient":""},"mobile":{"background-color":"","background-image":"","background-repeat":"repeat","background-position":"center center","background-size":"auto","background-attachment":"scroll","background-type":"","background-media":"","overlay-type":"","overlay-color":"","overlay-opacity":"","overlay-gradient":""}},"ast-content-background-meta":{"desktop":{"background-color":"var(--ast-global-color-5)","background-image":"","background-repeat":"repeat","background-position":"center center","background-size":"auto","background-attachment":"scroll","background-type":"","background-media":"","overlay-type":"","overlay-color":"","overlay-opacity":"","overlay-gradient":""},"tablet":{"background-color":"var(--ast-global-color-5)","background-image":"","background-repeat":"repeat","background-position":"center center","background-size":"auto","background-attachment":"scroll","background-type":"","background-media":"","overlay-type":"","overlay-color":"","overlay-opacity":"","overlay-gradient":""},"mobile":{"background-color":"var(--ast-global-color-5)","background-image":"","background-repeat":"repeat","background-position":"center center","background-size":"auto","background-attachment":"scroll","background-type":"","background-media":"","overlay-type":"","overlay-color":"","overlay-opacity":"","overlay-gradient":""}},"footnotes":""},"class_list":["post-157","page","type-page","status-publish","hentry"],"_links":{"self":[{"href":"https:\/\/www.uladech.edu.pe\/qu\/wp-json\/wp\/v2\/pages\/157"}],"collection":[{"href":"https:\/\/www.uladech.edu.pe\/qu\/wp-json\/wp\/v2\/pages"}],"about":[{"href":"https:\/\/www.uladech.edu.pe\/qu\/wp-json\/wp\/v2\/types\/page"}],"author":[{"embeddable":true,"href":"https:\/\/www.uladech.edu.pe\/qu\/wp-json\/wp\/v2\/users\/1"}],"replies":[{"embeddable":true,"href":"https:\/\/www.uladech.edu.pe\/qu\/wp-json\/wp\/v2\/comments?post=157"}],"version-history":[{"count":16,"href":"https:\/\/www.uladech.edu.pe\/qu\/wp-json\/wp\/v2\/pages\/157\/revisions"}],"predecessor-version":[{"id":3500,"href":"https:\/\/www.uladech.edu.pe\/qu\/wp-json\/wp\/v2\/pages\/157\/revisions\/3500"}],"up":[{"embeddable":true,"href":"https:\/\/www.uladech.edu.pe\/qu\/wp-json\/wp\/v2\/pages\/147"}],"wp:attachment":[{"href":"https:\/\/www.uladech.edu.pe\/qu\/wp-json\/wp\/v2\/media?parent=157"}],"curies":[{"name":"wp","href":"https:\/\/api.w.org\/{rel}","templated":true}]}}