{"id":1924,"date":"2022-08-31T12:36:45","date_gmt":"2022-08-31T17:36:45","guid":{"rendered":"https:\/\/webdev.uladech.edu.pe\/?page_id=1924"},"modified":"2022-11-02T16:30:09","modified_gmt":"2022-11-02T21:30:09","slug":"actividades","status":"publish","type":"page","link":"https:\/\/www.uladech.edu.pe\/qu\/servicios\/bienestar-universitario\/servicios-deportivos\/actividades\/","title":{"rendered":"Ruraykuna"},"content":{"rendered":"\t\t<div data-elementor-type=\"wp-page\" data-elementor-id=\"1924\" class=\"elementor elementor-1924\" data-elementor-post-type=\"page\">\n\t\t\t\t\t\t<section class=\"elementor-section elementor-top-section elementor-element elementor-element-dc80fa4 elementor-section-boxed elementor-section-height-default elementor-section-height-default\" data-id=\"dc80fa4\" data-element_type=\"section\">\n\t\t\t\t\t\t<div class=\"elementor-container elementor-column-gap-default\">\n\t\t\t\t\t<div class=\"elementor-column elementor-col-33 elementor-top-column elementor-element elementor-element-5e1285d\" data-id=\"5e1285d\" data-element_type=\"column\" data-settings=\"{&quot;background_background&quot;:&quot;classic&quot;}\">\n\t\t\t<div class=\"elementor-widget-wrap elementor-element-populated\">\n\t\t\t\t\t\t<div class=\"elementor-element elementor-element-c6cb410 elementor-widget elementor-widget-heading\" data-id=\"c6cb410\" data-element_type=\"widget\" data-widget_type=\"heading.default\">\n\t\t\t\t<div class=\"elementor-widget-container\">\n\t\t\t<style>\/*! elementor - v3.23.0 - 05-08-2024 *\/\n.elementor-heading-title{padding:0;margin:0;line-height:1}.elementor-widget-heading .elementor-heading-title[class*=elementor-size-]>a{color:inherit;font-size:inherit;line-height:inherit}.elementor-widget-heading .elementor-heading-title.elementor-size-small{font-size:15px}.elementor-widget-heading .elementor-heading-title.elementor-size-medium{font-size:19px}.elementor-widget-heading .elementor-heading-title.elementor-size-large{font-size:29px}.elementor-widget-heading .elementor-heading-title.elementor-size-xl{font-size:39px}.elementor-widget-heading .elementor-heading-title.elementor-size-xxl{font-size:59px}<\/style><h4 class=\"elementor-heading-title elementor-size-default\">Servicios Deportivos<\/h4>\t\t<\/div>\n\t\t\t\t<\/div>\n\t\t\t\t<div class=\"elementor-element elementor-element-dabdb01 elementor-nav-menu__align-justify elementor-nav-menu--stretch elementor-nav-menu--dropdown-tablet elementor-nav-menu__text-align-aside elementor-nav-menu--toggle elementor-nav-menu--burger elementor-widget elementor-widget-nav-menu\" data-id=\"dabdb01\" data-element_type=\"widget\" data-settings=\"{&quot;layout&quot;:&quot;vertical&quot;,&quot;full_width&quot;:&quot;stretch&quot;,&quot;submenu_icon&quot;:{&quot;value&quot;:&quot;&lt;i class=\\&quot;fas fa-caret-down\\&quot;&gt;&lt;\\\/i&gt;&quot;,&quot;library&quot;:&quot;fa-solid&quot;},&quot;toggle&quot;:&quot;burger&quot;}\" data-widget_type=\"nav-menu.default\">\n\t\t\t\t<div class=\"elementor-widget-container\">\n\t\t\t<link rel=\"stylesheet\" href=\"https:\/\/www.uladech.edu.pe\/qu\/wp-content\/plugins\/elementor-pro\/assets\/css\/widget-nav-menu.min.css?ver=1723247772\">\t\t\t<nav aria-label=\"Menu\" class=\"elementor-nav-menu--main elementor-nav-menu__container elementor-nav-menu--layout-vertical e--pointer-none\">\n\t\t\t\t<ul id=\"menu-1-dabdb01\" class=\"elementor-nav-menu sm-vertical\"><li class=\"menu-item menu-item-type-post_type menu-item-object-page menu-item-3336\"><a href=\"https:\/\/www.uladech.edu.pe\/qu\/servicios\/bienestar-universitario\/servicios-deportivos\/\" class=\"elementor-item menu-link\">Presentaci\u00f3n<\/a><\/li>\n<li class=\"menu-item menu-item-type-post_type menu-item-object-page menu-item-3339\"><a href=\"https:\/\/www.uladech.edu.pe\/qu\/servicios\/bienestar-universitario\/servicios-deportivos\/actividades\/\" class=\"elementor-item menu-link\">Ruraykuna<\/a><\/li>\n<li class=\"menu-item menu-item-type-post_type menu-item-object-page menu-item-3338\"><a href=\"https:\/\/www.uladech.edu.pe\/qu\/servicios\/bienestar-universitario\/servicios-deportivos\/elementor-1956\/\" class=\"elementor-item menu-link\">Informes<\/a><\/li>\n<li class=\"menu-item menu-item-type-post_type menu-item-object-page menu-item-3337\"><a href=\"https:\/\/www.uladech.edu.pe\/qu\/servicios\/bienestar-universitario\/servicios-deportivos\/coliseo-uladech-catolica\/\" class=\"elementor-item menu-link\">ULADECH Catolicapa hatun pukllana wasin<\/a><\/li>\n<li class=\"menu-item menu-item-type-post_type menu-item-object-page menu-item-3340\"><a href=\"https:\/\/www.uladech.edu.pe\/qu\/servicios\/bienestar-universitario\/servicios-deportivos\/disciplinas-deportivas\/\" class=\"elementor-item menu-link\">Pukllaykunapa Pallqan<\/a><\/li>\n<li class=\"menu-item menu-item-type-post_type menu-item-object-page menu-item-3341\"><a href=\"https:\/\/www.uladech.edu.pe\/qu\/servicios\/bienestar-universitario\/servicios-deportivos\/logros-deportivos\/\" class=\"elementor-item menu-link\">Pukllaykunapa allin atisqapa ruraynin<\/a><\/li>\n<\/ul>\t\t\t<\/nav>\n\t\t\t\t\t<div class=\"elementor-menu-toggle\" role=\"button\" tabindex=\"0\" aria-label=\"Menu Toggle\" aria-expanded=\"false\">\n\t\t\t<i aria-hidden=\"true\" role=\"presentation\" class=\"elementor-menu-toggle__icon--open eicon-menu-bar\"><\/i><i aria-hidden=\"true\" role=\"presentation\" class=\"elementor-menu-toggle__icon--close eicon-close\"><\/i>\t\t\t<span class=\"elementor-screen-only\">Menu<\/span>\n\t\t<\/div>\n\t\t\t\t\t<nav class=\"elementor-nav-menu--dropdown elementor-nav-menu__container\" aria-hidden=\"true\">\n\t\t\t\t<ul id=\"menu-2-dabdb01\" class=\"elementor-nav-menu sm-vertical\"><li class=\"menu-item menu-item-type-post_type menu-item-object-page menu-item-3336\"><a href=\"https:\/\/www.uladech.edu.pe\/qu\/servicios\/bienestar-universitario\/servicios-deportivos\/\" class=\"elementor-item menu-link\" tabindex=\"-1\">Presentaci\u00f3n<\/a><\/li>\n<li class=\"menu-item menu-item-type-post_type menu-item-object-page menu-item-3339\"><a href=\"https:\/\/www.uladech.edu.pe\/qu\/servicios\/bienestar-universitario\/servicios-deportivos\/actividades\/\" class=\"elementor-item menu-link\" tabindex=\"-1\">Ruraykuna<\/a><\/li>\n<li class=\"menu-item menu-item-type-post_type menu-item-object-page menu-item-3338\"><a href=\"https:\/\/www.uladech.edu.pe\/qu\/servicios\/bienestar-universitario\/servicios-deportivos\/elementor-1956\/\" class=\"elementor-item menu-link\" tabindex=\"-1\">Informes<\/a><\/li>\n<li class=\"menu-item menu-item-type-post_type menu-item-object-page menu-item-3337\"><a href=\"https:\/\/www.uladech.edu.pe\/qu\/servicios\/bienestar-universitario\/servicios-deportivos\/coliseo-uladech-catolica\/\" class=\"elementor-item menu-link\" tabindex=\"-1\">ULADECH Catolicapa hatun pukllana wasin<\/a><\/li>\n<li class=\"menu-item menu-item-type-post_type menu-item-object-page menu-item-3340\"><a href=\"https:\/\/www.uladech.edu.pe\/qu\/servicios\/bienestar-universitario\/servicios-deportivos\/disciplinas-deportivas\/\" class=\"elementor-item menu-link\" tabindex=\"-1\">Pukllaykunapa Pallqan<\/a><\/li>\n<li class=\"menu-item menu-item-type-post_type menu-item-object-page menu-item-3341\"><a href=\"https:\/\/www.uladech.edu.pe\/qu\/servicios\/bienestar-universitario\/servicios-deportivos\/logros-deportivos\/\" class=\"elementor-item menu-link\" tabindex=\"-1\">Pukllaykunapa allin atisqapa ruraynin<\/a><\/li>\n<\/ul>\t\t\t<\/nav>\n\t\t\t\t<\/div>\n\t\t\t\t<\/div>\n\t\t\t\t\t<\/div>\n\t\t<\/div>\n\t\t\t\t<div class=\"elementor-column elementor-col-66 elementor-top-column elementor-element elementor-element-a211ec2\" data-id=\"a211ec2\" data-element_type=\"column\">\n\t\t\t<div class=\"elementor-widget-wrap elementor-element-populated\">\n\t\t\t\t\t\t<section class=\"elementor-section elementor-inner-section elementor-element elementor-element-2c13801 elementor-section-boxed elementor-section-height-default elementor-section-height-default\" data-id=\"2c13801\" data-element_type=\"section\">\n\t\t\t\t\t\t<div class=\"elementor-container elementor-column-gap-default\">\n\t\t\t\t\t<div class=\"elementor-column elementor-col-100 elementor-inner-column elementor-element elementor-element-02bafa3\" data-id=\"02bafa3\" data-element_type=\"column\">\n\t\t\t<div class=\"elementor-widget-wrap elementor-element-populated\">\n\t\t\t\t\t\t<div class=\"elementor-element elementor-element-40107e0 elementor-widget elementor-widget-heading\" data-id=\"40107e0\" data-element_type=\"widget\" data-widget_type=\"heading.default\">\n\t\t\t\t<div class=\"elementor-widget-container\">\n\t\t\t<h2 class=\"elementor-heading-title elementor-size-default\">Ruraykuna<\/h2>\t\t<\/div>\n\t\t\t\t<\/div>\n\t\t\t\t<div class=\"elementor-element elementor-element-0dba14f elementor-widget elementor-widget-text-editor\" data-id=\"0dba14f\" data-element_type=\"widget\" data-widget_type=\"text-editor.default\">\n\t\t\t\t<div class=\"elementor-widget-container\">\n\t\t\t<style>\/*! elementor - v3.23.0 - 05-08-2024 *\/\n.elementor-widget-text-editor.elementor-drop-cap-view-stacked .elementor-drop-cap{background-color:#69727d;color:#fff}.elementor-widget-text-editor.elementor-drop-cap-view-framed .elementor-drop-cap{color:#69727d;border:3px solid;background-color:transparent}.elementor-widget-text-editor:not(.elementor-drop-cap-view-default) .elementor-drop-cap{margin-top:8px}.elementor-widget-text-editor:not(.elementor-drop-cap-view-default) .elementor-drop-cap-letter{width:1em;height:1em}.elementor-widget-text-editor .elementor-drop-cap{float:left;text-align:center;line-height:1;font-size:50px}.elementor-widget-text-editor .elementor-drop-cap-letter{display:inline-block}<\/style>\t\t\t\t<p><strong>FORMACI\u00d3N Y RECREACI\u00d3N NISQANPA PUKLLAYPA <\/strong>Allichasqanqa iskaypi chiqtasqa watakamam chanin yachakuyqa takyan, chaynallataqmi kay pukllaypa allichasqanqa huk watakama takyaspa imapas curso de nivelaci\u00f3n nisqanta ruran.<\/p><p><strong>2.1. <\/strong><strong>Pukllaykunapa ruraynin<\/strong>: Formaci\u00f3n y Recreaci\u00f3n nisqan pukllaypa allichasqanmi chaninchasqa watakama qawan kay pukllaykunata:<\/p><p>Kay pukllaykunata talleres virtuales nisqanpi ruraykuna:<\/p><ul><li>Ajedrez.<\/li><li>V\u00f3ley.<\/li><li>Piluta laqyay<\/li><li>Taksa pampapi piluta haytay<\/li><li>Tae Kwon Do.<\/li><\/ul><p>Eventos hinaspa virtuales nisqan pukllaypi atipanakuy<\/p><p><strong>2.2. Pukllaypi rurayninkunapa pachan:<br \/><\/strong><\/p><p>Kay pukllaykunata talleres virtuales nisqanpi ruraykuna:<\/p>\t\t\t\t\t\t<\/div>\n\t\t\t\t<\/div>\n\t\t\t\t\t<\/div>\n\t\t<\/div>\n\t\t\t\t\t<\/div>\n\t\t<\/section>\n\t\t\t\t<section class=\"elementor-section elementor-inner-section elementor-element elementor-element-beb727e elementor-section-boxed elementor-section-height-default elementor-section-height-default\" data-id=\"beb727e\" data-element_type=\"section\">\n\t\t\t\t\t\t<div class=\"elementor-container elementor-column-gap-default\">\n\t\t\t\t\t<div class=\"elementor-column elementor-col-100 elementor-inner-column elementor-element elementor-element-683b245\" data-id=\"683b245\" data-element_type=\"column\">\n\t\t\t<div class=\"elementor-widget-wrap elementor-element-populated\">\n\t\t\t\t\t\t<div class=\"elementor-element elementor-element-377ef3c elementor-widget elementor-widget-text-editor\" data-id=\"377ef3c\" data-element_type=\"widget\" data-widget_type=\"text-editor.default\">\n\t\t\t\t<div class=\"elementor-widget-container\">\n\t\t\t\t\t\t\t<div class=\"table-responsive\">\n<table class=\"table table-bordered\">\n<tbody>\n<tr>\n<td style=\"text-align: center;\"><span style=\"color: #800000;\"><strong>TALLERES<\/strong><\/span><\/td>\n<td style=\"text-align: center;\" colspan=\"2\"><span style=\"color: #800000;\"><strong>SEMESTRE 2022-1<\/strong><\/span><span style=\"color: #800000;\"><strong>\u00a0<\/strong><\/span><\/td>\n<td style=\"text-align: center;\" colspan=\"2\"><span style=\"color: #800000;\"><strong>SEMESTRE 2022-2<\/strong><\/span><span style=\"color: #800000;\"><strong>\u00a0<\/strong><\/span><\/td>\n<td style=\"text-align: center;\" colspan=\"2\"><span style=\"color: #800000;\"><strong>CURSOS DE NIVELACI\u00d3N<\/strong><\/span><span style=\"color: #800000;\"><strong>\u00a0<\/strong><\/span><\/td>\n<\/tr>\n<tr>\n<td><\/td>\n<td style=\"text-align: center;\"><strong>INCIO<\/strong><\/td>\n<td style=\"text-align: center;\"><strong>FINALIZACI\u00d3N<\/strong><\/td>\n<td style=\"text-align: center;\"><strong>INICIO<\/strong><\/td>\n<td style=\"text-align: center;\"><strong>FINALIZACI\u00d3N<\/strong><\/td>\n<td style=\"text-align: center;\"><strong>INICIO<\/strong><\/td>\n<td style=\"text-align: center;\"><strong>FINALIZACI\u00d3N<\/strong><\/td>\n<\/tr>\n<tr>\n<td><strong>VOLEY<\/strong><\/td>\n<td rowspan=\"4\">\u00a031 de enero<\/td>\n<td rowspan=\"4\">\u00a029 de mayo<\/td>\n<td rowspan=\"4\">\u00a027 de junio<\/td>\n<td rowspan=\"4\">\u00a023 de octubre<\/td>\n<td rowspan=\"4\">\u00a007 de noviembre<\/td>\n<td rowspan=\"4\">\u00a017 de diciembre<\/td>\n<\/tr>\n<tr>\n<td><strong>AJEDREZ<\/strong><\/td>\n<\/tr>\n<tr>\n<td><strong>FUTSAL<\/strong><\/td>\n<\/tr>\n<tr>\n<td><strong>TAE KWON DO<\/strong><\/td>\n<\/tr>\n<tr>\n<td><strong>PRODAC: Voley, Futsal y <\/strong>\n<strong>Ajedrez<\/strong><\/td>\n<td>14 de febrero<\/td>\n<td>21 de mayo<\/td>\n<td>11 de julio<\/td>\n<td>15 de octubre<\/td>\n<td>&#8212;-<\/td>\n<td>&#8212;-<\/td>\n<\/tr>\n<\/tbody>\n<\/table>\n<\/div>\t\t\t\t\t\t<\/div>\n\t\t\t\t<\/div>\n\t\t\t\t\t<\/div>\n\t\t<\/div>\n\t\t\t\t\t<\/div>\n\t\t<\/section>\n\t\t\t\t<section class=\"elementor-section elementor-inner-section elementor-element elementor-element-89786b0 elementor-section-boxed elementor-section-height-default elementor-section-height-default\" data-id=\"89786b0\" data-element_type=\"section\">\n\t\t\t\t\t\t<div class=\"elementor-container elementor-column-gap-default\">\n\t\t\t\t\t<div class=\"elementor-column elementor-col-100 elementor-inner-column elementor-element elementor-element-3877f4f\" data-id=\"3877f4f\" data-element_type=\"column\">\n\t\t\t<div class=\"elementor-widget-wrap elementor-element-populated\">\n\t\t\t\t\t\t<div class=\"elementor-element elementor-element-8dfd87a elementor-widget elementor-widget-text-editor\" data-id=\"8dfd87a\" data-element_type=\"widget\" data-widget_type=\"text-editor.default\">\n\t\t\t\t<div class=\"elementor-widget-container\">\n\t\t\t\t\t\t\t<div class=\"table-responsive\">\n<table class=\"table table-hover\">\n    <tbody>\n    <tr>\n        <td><br><strong>Eventos y\/o Torneos<\/strong><\/td>\n        <td style=\"text-align: center; font-weight:bold;\">Semestre 2022-1<\/td>\n        <td style=\"text-align: center; font-weight:bold;\">Semestre 2022-2<\/td>\n    <\/tr>\n    <tr>\n        <td>01 Evento y\/o Torneo Virtual (*)<\/td>\n        <td style=\"text-align: center;\">&nbsp;x<\/td>\n        <td style=\"text-align: center;\">&nbsp;x<\/td>\n    <\/tr>\n    <\/tbody>\n<\/table>\n<\/div>\t\t\t\t\t\t<\/div>\n\t\t\t\t<\/div>\n\t\t\t\t\t<\/div>\n\t\t<\/div>\n\t\t\t\t\t<\/div>\n\t\t<\/section>\n\t\t\t\t\t<\/div>\n\t\t<\/div>\n\t\t\t\t\t<\/div>\n\t\t<\/section>\n\t\t\t\t<\/div>\n\t\t","protected":false},"excerpt":{"rendered":"<p>Servicios Deportivos Ruraykuna FORMACI\u00d3N Y RECREACI\u00d3N NISQANPA PUKLLAYPA Allichasqanqa iskaypi chiqtasqa watakamam chanin yachakuyqa takyan, chaynallataqmi kay pukllaypa allichasqanqa huk watakama takyaspa imapas curso de nivelaci\u00f3n nisqanta ruran. 2.1. Pukllaykunapa ruraynin: Formaci\u00f3n y Recreaci\u00f3n nisqan pukllaypa allichasqanmi chaninchasqa watakama qawan kay pukllaykunata: Kay pukllaykunata talleres virtuales nisqanpi ruraykuna: Ajedrez. V\u00f3ley. Piluta laqyay Taksa pampapi piluta [&hellip;]<\/p>\n","protected":false},"author":2,"featured_media":0,"parent":157,"menu_order":0,"comment_status":"closed","ping_status":"closed","template":"","meta":{"site-sidebar-layout":"no-sidebar","site-content-layout":"page-builder","ast-site-content-layout":"","site-content-style":"default","site-sidebar-style":"default","ast-global-header-display":"","ast-banner-title-visibility":"","ast-main-header-display":"","ast-hfb-above-header-display":"","ast-hfb-below-header-display":"","ast-hfb-mobile-header-display":"","site-post-title":"disabled","ast-breadcrumbs-content":"","ast-featured-img":"disabled","footer-sml-layout":"","theme-transparent-header-meta":"","adv-header-id-meta":"","stick-header-meta":"","header-above-stick-meta":"","header-main-stick-meta":"","header-below-stick-meta":"","astra-migrate-meta-layouts":"default","ast-page-background-enabled":"default","ast-page-background-meta":{"desktop":{"background-color":"var(--ast-global-color-4)","background-image":"","background-repeat":"repeat","background-position":"center center","background-size":"auto","background-attachment":"scroll","background-type":"","background-media":"","overlay-type":"","overlay-color":"","overlay-opacity":"","overlay-gradient":""},"tablet":{"background-color":"","background-image":"","background-repeat":"repeat","background-position":"center center","background-size":"auto","background-attachment":"scroll","background-type":"","background-media":"","overlay-type":"","overlay-color":"","overlay-opacity":"","overlay-gradient":""},"mobile":{"background-color":"","background-image":"","background-repeat":"repeat","background-position":"center center","background-size":"auto","background-attachment":"scroll","background-type":"","background-media":"","overlay-type":"","overlay-color":"","overlay-opacity":"","overlay-gradient":""}},"ast-content-background-meta":{"desktop":{"background-color":"var(--ast-global-color-5)","background-image":"","background-repeat":"repeat","background-position":"center center","background-size":"auto","background-attachment":"scroll","background-type":"","background-media":"","overlay-type":"","overlay-color":"","overlay-opacity":"","overlay-gradient":""},"tablet":{"background-color":"var(--ast-global-color-5)","background-image":"","background-repeat":"repeat","background-position":"center center","background-size":"auto","background-attachment":"scroll","background-type":"","background-media":"","overlay-type":"","overlay-color":"","overlay-opacity":"","overlay-gradient":""},"mobile":{"background-color":"var(--ast-global-color-5)","background-image":"","background-repeat":"repeat","background-position":"center center","background-size":"auto","background-attachment":"scroll","background-type":"","background-media":"","overlay-type":"","overlay-color":"","overlay-opacity":"","overlay-gradient":""}},"footnotes":""},"class_list":["post-1924","page","type-page","status-publish","hentry"],"_links":{"self":[{"href":"https:\/\/www.uladech.edu.pe\/qu\/wp-json\/wp\/v2\/pages\/1924"}],"collection":[{"href":"https:\/\/www.uladech.edu.pe\/qu\/wp-json\/wp\/v2\/pages"}],"about":[{"href":"https:\/\/www.uladech.edu.pe\/qu\/wp-json\/wp\/v2\/types\/page"}],"author":[{"embeddable":true,"href":"https:\/\/www.uladech.edu.pe\/qu\/wp-json\/wp\/v2\/users\/2"}],"replies":[{"embeddable":true,"href":"https:\/\/www.uladech.edu.pe\/qu\/wp-json\/wp\/v2\/comments?post=1924"}],"version-history":[{"count":105,"href":"https:\/\/www.uladech.edu.pe\/qu\/wp-json\/wp\/v2\/pages\/1924\/revisions"}],"predecessor-version":[{"id":4415,"href":"https:\/\/www.uladech.edu.pe\/qu\/wp-json\/wp\/v2\/pages\/1924\/revisions\/4415"}],"up":[{"embeddable":true,"href":"https:\/\/www.uladech.edu.pe\/qu\/wp-json\/wp\/v2\/pages\/157"}],"wp:attachment":[{"href":"https:\/\/www.uladech.edu.pe\/qu\/wp-json\/wp\/v2\/media?parent=1924"}],"curies":[{"name":"wp","href":"https:\/\/api.w.org\/{rel}","templated":true}]}}