{"id":1956,"date":"2022-08-31T17:21:17","date_gmt":"2022-08-31T22:21:17","guid":{"rendered":"https:\/\/webdev.uladech.edu.pe\/?page_id=1956"},"modified":"2022-09-12T19:08:09","modified_gmt":"2022-09-13T00:08:09","slug":"elementor-1956","status":"publish","type":"page","link":"https:\/\/www.uladech.edu.pe\/qu\/servicios\/bienestar-universitario\/servicios-deportivos\/elementor-1956\/","title":{"rendered":"Informes &#8211; Servicios Deportivos"},"content":{"rendered":"\t\t<div data-elementor-type=\"wp-page\" data-elementor-id=\"1956\" class=\"elementor elementor-1956\" data-elementor-post-type=\"page\">\n\t\t\t\t\t\t<section class=\"elementor-section elementor-top-section elementor-element elementor-element-7d6781ec elementor-section-boxed elementor-section-height-default elementor-section-height-default\" data-id=\"7d6781ec\" data-element_type=\"section\">\n\t\t\t\t\t\t<div class=\"elementor-container elementor-column-gap-default\">\n\t\t\t\t\t<div class=\"elementor-column elementor-col-33 elementor-top-column elementor-element elementor-element-e3b1a82\" data-id=\"e3b1a82\" data-element_type=\"column\" data-settings=\"{&quot;background_background&quot;:&quot;classic&quot;}\">\n\t\t\t<div class=\"elementor-widget-wrap elementor-element-populated\">\n\t\t\t\t\t\t<div class=\"elementor-element elementor-element-7a0fd210 elementor-widget elementor-widget-heading\" data-id=\"7a0fd210\" data-element_type=\"widget\" data-widget_type=\"heading.default\">\n\t\t\t\t<div class=\"elementor-widget-container\">\n\t\t\t<style>\/*! elementor - v3.23.0 - 05-08-2024 *\/\n.elementor-heading-title{padding:0;margin:0;line-height:1}.elementor-widget-heading .elementor-heading-title[class*=elementor-size-]>a{color:inherit;font-size:inherit;line-height:inherit}.elementor-widget-heading .elementor-heading-title.elementor-size-small{font-size:15px}.elementor-widget-heading .elementor-heading-title.elementor-size-medium{font-size:19px}.elementor-widget-heading .elementor-heading-title.elementor-size-large{font-size:29px}.elementor-widget-heading .elementor-heading-title.elementor-size-xl{font-size:39px}.elementor-widget-heading .elementor-heading-title.elementor-size-xxl{font-size:59px}<\/style><h4 class=\"elementor-heading-title elementor-size-default\">Servicios Deportivos<\/h4>\t\t<\/div>\n\t\t\t\t<\/div>\n\t\t\t\t<div class=\"elementor-element elementor-element-62f69acc elementor-nav-menu__align-justify elementor-nav-menu--stretch elementor-nav-menu--dropdown-tablet elementor-nav-menu__text-align-aside elementor-nav-menu--toggle elementor-nav-menu--burger elementor-widget elementor-widget-nav-menu\" data-id=\"62f69acc\" data-element_type=\"widget\" data-settings=\"{&quot;layout&quot;:&quot;vertical&quot;,&quot;full_width&quot;:&quot;stretch&quot;,&quot;submenu_icon&quot;:{&quot;value&quot;:&quot;&lt;i class=\\&quot;fas fa-caret-down\\&quot;&gt;&lt;\\\/i&gt;&quot;,&quot;library&quot;:&quot;fa-solid&quot;},&quot;toggle&quot;:&quot;burger&quot;}\" data-widget_type=\"nav-menu.default\">\n\t\t\t\t<div class=\"elementor-widget-container\">\n\t\t\t<link rel=\"stylesheet\" href=\"https:\/\/www.uladech.edu.pe\/qu\/wp-content\/plugins\/elementor-pro\/assets\/css\/widget-nav-menu.min.css?ver=1723247772\">\t\t\t<nav aria-label=\"Menu\" class=\"elementor-nav-menu--main elementor-nav-menu__container elementor-nav-menu--layout-vertical e--pointer-none\">\n\t\t\t\t<ul id=\"menu-1-62f69acc\" class=\"elementor-nav-menu sm-vertical\"><li class=\"menu-item menu-item-type-post_type menu-item-object-page menu-item-3336\"><a href=\"https:\/\/www.uladech.edu.pe\/qu\/servicios\/bienestar-universitario\/servicios-deportivos\/\" class=\"elementor-item menu-link\">Presentaci\u00f3n<\/a><\/li>\n<li class=\"menu-item menu-item-type-post_type menu-item-object-page menu-item-3339\"><a href=\"https:\/\/www.uladech.edu.pe\/qu\/servicios\/bienestar-universitario\/servicios-deportivos\/actividades\/\" class=\"elementor-item menu-link\">Ruraykuna<\/a><\/li>\n<li class=\"menu-item menu-item-type-post_type menu-item-object-page menu-item-3338\"><a href=\"https:\/\/www.uladech.edu.pe\/qu\/servicios\/bienestar-universitario\/servicios-deportivos\/elementor-1956\/\" class=\"elementor-item menu-link\">Informes<\/a><\/li>\n<li class=\"menu-item menu-item-type-post_type menu-item-object-page menu-item-3337\"><a href=\"https:\/\/www.uladech.edu.pe\/qu\/servicios\/bienestar-universitario\/servicios-deportivos\/coliseo-uladech-catolica\/\" class=\"elementor-item menu-link\">ULADECH Catolicapa hatun pukllana wasin<\/a><\/li>\n<li class=\"menu-item menu-item-type-post_type menu-item-object-page menu-item-3340\"><a href=\"https:\/\/www.uladech.edu.pe\/qu\/servicios\/bienestar-universitario\/servicios-deportivos\/disciplinas-deportivas\/\" class=\"elementor-item menu-link\">Pukllaykunapa Pallqan<\/a><\/li>\n<li class=\"menu-item menu-item-type-post_type menu-item-object-page menu-item-3341\"><a href=\"https:\/\/www.uladech.edu.pe\/qu\/servicios\/bienestar-universitario\/servicios-deportivos\/logros-deportivos\/\" class=\"elementor-item menu-link\">Pukllaykunapa allin atisqapa ruraynin<\/a><\/li>\n<\/ul>\t\t\t<\/nav>\n\t\t\t\t\t<div class=\"elementor-menu-toggle\" role=\"button\" tabindex=\"0\" aria-label=\"Menu Toggle\" aria-expanded=\"false\">\n\t\t\t<i aria-hidden=\"true\" role=\"presentation\" class=\"elementor-menu-toggle__icon--open eicon-menu-bar\"><\/i><i aria-hidden=\"true\" role=\"presentation\" class=\"elementor-menu-toggle__icon--close eicon-close\"><\/i>\t\t\t<span class=\"elementor-screen-only\">Menu<\/span>\n\t\t<\/div>\n\t\t\t\t\t<nav class=\"elementor-nav-menu--dropdown elementor-nav-menu__container\" aria-hidden=\"true\">\n\t\t\t\t<ul id=\"menu-2-62f69acc\" class=\"elementor-nav-menu sm-vertical\"><li class=\"menu-item menu-item-type-post_type menu-item-object-page menu-item-3336\"><a href=\"https:\/\/www.uladech.edu.pe\/qu\/servicios\/bienestar-universitario\/servicios-deportivos\/\" class=\"elementor-item menu-link\" tabindex=\"-1\">Presentaci\u00f3n<\/a><\/li>\n<li class=\"menu-item menu-item-type-post_type menu-item-object-page menu-item-3339\"><a href=\"https:\/\/www.uladech.edu.pe\/qu\/servicios\/bienestar-universitario\/servicios-deportivos\/actividades\/\" class=\"elementor-item menu-link\" tabindex=\"-1\">Ruraykuna<\/a><\/li>\n<li class=\"menu-item menu-item-type-post_type menu-item-object-page menu-item-3338\"><a href=\"https:\/\/www.uladech.edu.pe\/qu\/servicios\/bienestar-universitario\/servicios-deportivos\/elementor-1956\/\" class=\"elementor-item menu-link\" tabindex=\"-1\">Informes<\/a><\/li>\n<li class=\"menu-item menu-item-type-post_type menu-item-object-page menu-item-3337\"><a href=\"https:\/\/www.uladech.edu.pe\/qu\/servicios\/bienestar-universitario\/servicios-deportivos\/coliseo-uladech-catolica\/\" class=\"elementor-item menu-link\" tabindex=\"-1\">ULADECH Catolicapa hatun pukllana wasin<\/a><\/li>\n<li class=\"menu-item menu-item-type-post_type menu-item-object-page menu-item-3340\"><a href=\"https:\/\/www.uladech.edu.pe\/qu\/servicios\/bienestar-universitario\/servicios-deportivos\/disciplinas-deportivas\/\" class=\"elementor-item menu-link\" tabindex=\"-1\">Pukllaykunapa Pallqan<\/a><\/li>\n<li class=\"menu-item menu-item-type-post_type menu-item-object-page menu-item-3341\"><a href=\"https:\/\/www.uladech.edu.pe\/qu\/servicios\/bienestar-universitario\/servicios-deportivos\/logros-deportivos\/\" class=\"elementor-item menu-link\" tabindex=\"-1\">Pukllaykunapa allin atisqapa ruraynin<\/a><\/li>\n<\/ul>\t\t\t<\/nav>\n\t\t\t\t<\/div>\n\t\t\t\t<\/div>\n\t\t\t\t\t<\/div>\n\t\t<\/div>\n\t\t\t\t<div class=\"elementor-column elementor-col-66 elementor-top-column elementor-element elementor-element-1be8b38f\" data-id=\"1be8b38f\" data-element_type=\"column\">\n\t\t\t<div class=\"elementor-widget-wrap elementor-element-populated\">\n\t\t\t\t\t\t<section class=\"elementor-section elementor-inner-section elementor-element elementor-element-662757f9 elementor-section-boxed elementor-section-height-default elementor-section-height-default\" data-id=\"662757f9\" data-element_type=\"section\">\n\t\t\t\t\t\t<div class=\"elementor-container elementor-column-gap-default\">\n\t\t\t\t\t<div class=\"elementor-column elementor-col-100 elementor-inner-column elementor-element elementor-element-322053fd\" data-id=\"322053fd\" data-element_type=\"column\">\n\t\t\t<div class=\"elementor-widget-wrap elementor-element-populated\">\n\t\t\t\t\t\t<div class=\"elementor-element elementor-element-5ea4968 elementor-widget elementor-widget-heading\" data-id=\"5ea4968\" data-element_type=\"widget\" data-widget_type=\"heading.default\">\n\t\t\t\t<div class=\"elementor-widget-container\">\n\t\t\t<h2 class=\"elementor-heading-title elementor-size-default\">Informes<\/h2>\t\t<\/div>\n\t\t\t\t<\/div>\n\t\t\t\t<div class=\"elementor-element elementor-element-b24b78c elementor-widget elementor-widget-text-editor\" data-id=\"b24b78c\" data-element_type=\"widget\" data-widget_type=\"text-editor.default\">\n\t\t\t\t<div class=\"elementor-widget-container\">\n\t\t\t<style>\/*! elementor - v3.23.0 - 05-08-2024 *\/\n.elementor-widget-text-editor.elementor-drop-cap-view-stacked .elementor-drop-cap{background-color:#69727d;color:#fff}.elementor-widget-text-editor.elementor-drop-cap-view-framed .elementor-drop-cap{color:#69727d;border:3px solid;background-color:transparent}.elementor-widget-text-editor:not(.elementor-drop-cap-view-default) .elementor-drop-cap{margin-top:8px}.elementor-widget-text-editor:not(.elementor-drop-cap-view-default) .elementor-drop-cap-letter{width:1em;height:1em}.elementor-widget-text-editor .elementor-drop-cap{float:left;text-align:center;line-height:1;font-size:50px}.elementor-widget-text-editor .elementor-drop-cap-letter{display:inline-block}<\/style>\t\t\t\t<ul><li><strong>LE\u00d3N GONZ\u00c1LEZ MAR\u00cdA<\/strong><br \/>Especialista de los Servicios Deportivos &#8211; Sede Central<br \/>M\u00f3vil 970990560<br \/>Email: mleong@uladech.edu.pe<\/li><li><strong>ABANTO VERA OSCAR MANUEL<\/strong><br \/>Coordinador de Bienestar filiales Trujillo, Sullana, Piura y Tumbes<br \/>M\u00f3vil: 924010600<br \/>Email: oabantov@uladech.edu.pe<\/li><li><strong>MACHADO PANTA MILAGROS JULISSA<\/strong><br \/>Coordinadora de Bienestar filial Lima, Ca\u00f1ete y Huaraz<br \/>M\u00f3vil: 919445653<br \/>Email: mmachadop@uladech.edu.pe<\/li><li><strong>ROJAS FIERRO NOLLY ETTI<\/strong><br \/>Coordinadora de Bienestar filial Ayacucho, Satipo y Pucallpa<br \/>M\u00f3vil: 947637335<br \/>Email: nrojasf@uladech.edu.pe<\/li><\/ul>\t\t\t\t\t\t<\/div>\n\t\t\t\t<\/div>\n\t\t\t\t\t<\/div>\n\t\t<\/div>\n\t\t\t\t\t<\/div>\n\t\t<\/section>\n\t\t\t\t\t<\/div>\n\t\t<\/div>\n\t\t\t\t\t<\/div>\n\t\t<\/section>\n\t\t\t\t<\/div>\n\t\t","protected":false},"excerpt":{"rendered":"<p>Servicios Deportivos Informes LE\u00d3N GONZ\u00c1LEZ MAR\u00cdAEspecialista de los Servicios Deportivos &#8211; Sede CentralM\u00f3vil 970990560Email: mleong@uladech.edu.pe ABANTO VERA OSCAR MANUELCoordinador de Bienestar filiales Trujillo, Sullana, Piura y TumbesM\u00f3vil: 924010600Email: oabantov@uladech.edu.pe MACHADO PANTA MILAGROS JULISSACoordinadora de Bienestar filial Lima, Ca\u00f1ete y HuarazM\u00f3vil: 919445653Email: mmachadop@uladech.edu.pe ROJAS FIERRO NOLLY ETTICoordinadora de Bienestar filial Ayacucho, Satipo y PucallpaM\u00f3vil: 947637335Email: nrojasf@uladech.edu.pe<\/p>\n","protected":false},"author":2,"featured_media":0,"parent":157,"menu_order":1,"comment_status":"closed","ping_status":"closed","template":"","meta":{"site-sidebar-layout":"no-sidebar","site-content-layout":"page-builder","ast-site-content-layout":"","site-content-style":"default","site-sidebar-style":"default","ast-global-header-display":"","ast-banner-title-visibility":"","ast-main-header-display":"","ast-hfb-above-header-display":"","ast-hfb-below-header-display":"","ast-hfb-mobile-header-display":"","site-post-title":"disabled","ast-breadcrumbs-content":"","ast-featured-img":"disabled","footer-sml-layout":"","theme-transparent-header-meta":"","adv-header-id-meta":"","stick-header-meta":"","header-above-stick-meta":"","header-main-stick-meta":"","header-below-stick-meta":"","astra-migrate-meta-layouts":"default","ast-page-background-enabled":"default","ast-page-background-meta":{"desktop":{"background-color":"var(--ast-global-color-4)","background-image":"","background-repeat":"repeat","background-position":"center center","background-size":"auto","background-attachment":"scroll","background-type":"","background-media":"","overlay-type":"","overlay-color":"","overlay-opacity":"","overlay-gradient":""},"tablet":{"background-color":"","background-image":"","background-repeat":"repeat","background-position":"center center","background-size":"auto","background-attachment":"scroll","background-type":"","background-media":"","overlay-type":"","overlay-color":"","overlay-opacity":"","overlay-gradient":""},"mobile":{"background-color":"","background-image":"","background-repeat":"repeat","background-position":"center center","background-size":"auto","background-attachment":"scroll","background-type":"","background-media":"","overlay-type":"","overlay-color":"","overlay-opacity":"","overlay-gradient":""}},"ast-content-background-meta":{"desktop":{"background-color":"var(--ast-global-color-5)","background-image":"","background-repeat":"repeat","background-position":"center center","background-size":"auto","background-attachment":"scroll","background-type":"","background-media":"","overlay-type":"","overlay-color":"","overlay-opacity":"","overlay-gradient":""},"tablet":{"background-color":"var(--ast-global-color-5)","background-image":"","background-repeat":"repeat","background-position":"center center","background-size":"auto","background-attachment":"scroll","background-type":"","background-media":"","overlay-type":"","overlay-color":"","overlay-opacity":"","overlay-gradient":""},"mobile":{"background-color":"var(--ast-global-color-5)","background-image":"","background-repeat":"repeat","background-position":"center center","background-size":"auto","background-attachment":"scroll","background-type":"","background-media":"","overlay-type":"","overlay-color":"","overlay-opacity":"","overlay-gradient":""}},"footnotes":""},"class_list":["post-1956","page","type-page","status-publish","hentry"],"_links":{"self":[{"href":"https:\/\/www.uladech.edu.pe\/qu\/wp-json\/wp\/v2\/pages\/1956"}],"collection":[{"href":"https:\/\/www.uladech.edu.pe\/qu\/wp-json\/wp\/v2\/pages"}],"about":[{"href":"https:\/\/www.uladech.edu.pe\/qu\/wp-json\/wp\/v2\/types\/page"}],"author":[{"embeddable":true,"href":"https:\/\/www.uladech.edu.pe\/qu\/wp-json\/wp\/v2\/users\/2"}],"replies":[{"embeddable":true,"href":"https:\/\/www.uladech.edu.pe\/qu\/wp-json\/wp\/v2\/comments?post=1956"}],"version-history":[{"count":13,"href":"https:\/\/www.uladech.edu.pe\/qu\/wp-json\/wp\/v2\/pages\/1956\/revisions"}],"predecessor-version":[{"id":3504,"href":"https:\/\/www.uladech.edu.pe\/qu\/wp-json\/wp\/v2\/pages\/1956\/revisions\/3504"}],"up":[{"embeddable":true,"href":"https:\/\/www.uladech.edu.pe\/qu\/wp-json\/wp\/v2\/pages\/157"}],"wp:attachment":[{"href":"https:\/\/www.uladech.edu.pe\/qu\/wp-json\/wp\/v2\/media?parent=1956"}],"curies":[{"name":"wp","href":"https:\/\/api.w.org\/{rel}","templated":true}]}}