{"id":1974,"date":"2022-08-31T18:17:34","date_gmt":"2022-08-31T23:17:34","guid":{"rendered":"https:\/\/webdev.uladech.edu.pe\/?page_id=1974"},"modified":"2022-11-02T16:10:27","modified_gmt":"2022-11-02T21:10:27","slug":"coliseo-uladech-catolica","status":"publish","type":"page","link":"https:\/\/www.uladech.edu.pe\/qu\/servicios\/bienestar-universitario\/servicios-deportivos\/coliseo-uladech-catolica\/","title":{"rendered":"ULADECH Catolicapa hatun pukllana wasin"},"content":{"rendered":"\t\t<div data-elementor-type=\"wp-page\" data-elementor-id=\"1974\" class=\"elementor elementor-1974\" data-elementor-post-type=\"page\">\n\t\t\t\t\t\t<section class=\"elementor-section elementor-top-section elementor-element elementor-element-1c93ab96 elementor-section-boxed elementor-section-height-default elementor-section-height-default\" data-id=\"1c93ab96\" data-element_type=\"section\">\n\t\t\t\t\t\t<div class=\"elementor-container elementor-column-gap-default\">\n\t\t\t\t\t<div class=\"elementor-column elementor-col-33 elementor-top-column elementor-element elementor-element-63870b6a\" data-id=\"63870b6a\" data-element_type=\"column\" data-settings=\"{&quot;background_background&quot;:&quot;classic&quot;}\">\n\t\t\t<div class=\"elementor-widget-wrap elementor-element-populated\">\n\t\t\t\t\t\t<div class=\"elementor-element elementor-element-f2ebeac elementor-widget elementor-widget-heading\" data-id=\"f2ebeac\" data-element_type=\"widget\" data-widget_type=\"heading.default\">\n\t\t\t\t<div class=\"elementor-widget-container\">\n\t\t\t<style>\/*! elementor - v3.23.0 - 05-08-2024 *\/\n.elementor-heading-title{padding:0;margin:0;line-height:1}.elementor-widget-heading .elementor-heading-title[class*=elementor-size-]>a{color:inherit;font-size:inherit;line-height:inherit}.elementor-widget-heading .elementor-heading-title.elementor-size-small{font-size:15px}.elementor-widget-heading .elementor-heading-title.elementor-size-medium{font-size:19px}.elementor-widget-heading .elementor-heading-title.elementor-size-large{font-size:29px}.elementor-widget-heading .elementor-heading-title.elementor-size-xl{font-size:39px}.elementor-widget-heading .elementor-heading-title.elementor-size-xxl{font-size:59px}<\/style><h4 class=\"elementor-heading-title elementor-size-default\">Servicios Deportivos<\/h4>\t\t<\/div>\n\t\t\t\t<\/div>\n\t\t\t\t<div class=\"elementor-element elementor-element-41cc436f elementor-nav-menu__align-justify elementor-nav-menu--stretch elementor-nav-menu--dropdown-tablet elementor-nav-menu__text-align-aside elementor-nav-menu--toggle elementor-nav-menu--burger elementor-widget elementor-widget-nav-menu\" data-id=\"41cc436f\" data-element_type=\"widget\" data-settings=\"{&quot;layout&quot;:&quot;vertical&quot;,&quot;full_width&quot;:&quot;stretch&quot;,&quot;submenu_icon&quot;:{&quot;value&quot;:&quot;&lt;i class=\\&quot;fas fa-caret-down\\&quot;&gt;&lt;\\\/i&gt;&quot;,&quot;library&quot;:&quot;fa-solid&quot;},&quot;toggle&quot;:&quot;burger&quot;}\" data-widget_type=\"nav-menu.default\">\n\t\t\t\t<div class=\"elementor-widget-container\">\n\t\t\t<link rel=\"stylesheet\" href=\"https:\/\/www.uladech.edu.pe\/qu\/wp-content\/plugins\/elementor-pro\/assets\/css\/widget-nav-menu.min.css?ver=1723247772\">\t\t\t<nav aria-label=\"Menu\" class=\"elementor-nav-menu--main elementor-nav-menu__container elementor-nav-menu--layout-vertical e--pointer-none\">\n\t\t\t\t<ul id=\"menu-1-41cc436f\" class=\"elementor-nav-menu sm-vertical\"><li class=\"menu-item menu-item-type-post_type menu-item-object-page menu-item-3336\"><a href=\"https:\/\/www.uladech.edu.pe\/qu\/servicios\/bienestar-universitario\/servicios-deportivos\/\" class=\"elementor-item menu-link\">Presentaci\u00f3n<\/a><\/li>\n<li class=\"menu-item menu-item-type-post_type menu-item-object-page menu-item-3339\"><a href=\"https:\/\/www.uladech.edu.pe\/qu\/servicios\/bienestar-universitario\/servicios-deportivos\/actividades\/\" class=\"elementor-item menu-link\">Ruraykuna<\/a><\/li>\n<li class=\"menu-item menu-item-type-post_type menu-item-object-page menu-item-3338\"><a href=\"https:\/\/www.uladech.edu.pe\/qu\/servicios\/bienestar-universitario\/servicios-deportivos\/elementor-1956\/\" class=\"elementor-item menu-link\">Informes<\/a><\/li>\n<li class=\"menu-item menu-item-type-post_type menu-item-object-page menu-item-3337\"><a href=\"https:\/\/www.uladech.edu.pe\/qu\/servicios\/bienestar-universitario\/servicios-deportivos\/coliseo-uladech-catolica\/\" class=\"elementor-item menu-link\">ULADECH Catolicapa hatun pukllana wasin<\/a><\/li>\n<li class=\"menu-item menu-item-type-post_type menu-item-object-page menu-item-3340\"><a href=\"https:\/\/www.uladech.edu.pe\/qu\/servicios\/bienestar-universitario\/servicios-deportivos\/disciplinas-deportivas\/\" class=\"elementor-item menu-link\">Pukllaykunapa Pallqan<\/a><\/li>\n<li class=\"menu-item menu-item-type-post_type menu-item-object-page menu-item-3341\"><a href=\"https:\/\/www.uladech.edu.pe\/qu\/servicios\/bienestar-universitario\/servicios-deportivos\/logros-deportivos\/\" class=\"elementor-item menu-link\">Pukllaykunapa allin atisqapa ruraynin<\/a><\/li>\n<\/ul>\t\t\t<\/nav>\n\t\t\t\t\t<div class=\"elementor-menu-toggle\" role=\"button\" tabindex=\"0\" aria-label=\"Menu Toggle\" aria-expanded=\"false\">\n\t\t\t<i aria-hidden=\"true\" role=\"presentation\" class=\"elementor-menu-toggle__icon--open eicon-menu-bar\"><\/i><i aria-hidden=\"true\" role=\"presentation\" class=\"elementor-menu-toggle__icon--close eicon-close\"><\/i>\t\t\t<span class=\"elementor-screen-only\">Menu<\/span>\n\t\t<\/div>\n\t\t\t\t\t<nav class=\"elementor-nav-menu--dropdown elementor-nav-menu__container\" aria-hidden=\"true\">\n\t\t\t\t<ul id=\"menu-2-41cc436f\" class=\"elementor-nav-menu sm-vertical\"><li class=\"menu-item menu-item-type-post_type menu-item-object-page menu-item-3336\"><a href=\"https:\/\/www.uladech.edu.pe\/qu\/servicios\/bienestar-universitario\/servicios-deportivos\/\" class=\"elementor-item menu-link\" tabindex=\"-1\">Presentaci\u00f3n<\/a><\/li>\n<li class=\"menu-item menu-item-type-post_type menu-item-object-page menu-item-3339\"><a href=\"https:\/\/www.uladech.edu.pe\/qu\/servicios\/bienestar-universitario\/servicios-deportivos\/actividades\/\" class=\"elementor-item menu-link\" tabindex=\"-1\">Ruraykuna<\/a><\/li>\n<li class=\"menu-item menu-item-type-post_type menu-item-object-page menu-item-3338\"><a href=\"https:\/\/www.uladech.edu.pe\/qu\/servicios\/bienestar-universitario\/servicios-deportivos\/elementor-1956\/\" class=\"elementor-item menu-link\" tabindex=\"-1\">Informes<\/a><\/li>\n<li class=\"menu-item menu-item-type-post_type menu-item-object-page menu-item-3337\"><a href=\"https:\/\/www.uladech.edu.pe\/qu\/servicios\/bienestar-universitario\/servicios-deportivos\/coliseo-uladech-catolica\/\" class=\"elementor-item menu-link\" tabindex=\"-1\">ULADECH Catolicapa hatun pukllana wasin<\/a><\/li>\n<li class=\"menu-item menu-item-type-post_type menu-item-object-page menu-item-3340\"><a href=\"https:\/\/www.uladech.edu.pe\/qu\/servicios\/bienestar-universitario\/servicios-deportivos\/disciplinas-deportivas\/\" class=\"elementor-item menu-link\" tabindex=\"-1\">Pukllaykunapa Pallqan<\/a><\/li>\n<li class=\"menu-item menu-item-type-post_type menu-item-object-page menu-item-3341\"><a href=\"https:\/\/www.uladech.edu.pe\/qu\/servicios\/bienestar-universitario\/servicios-deportivos\/logros-deportivos\/\" class=\"elementor-item menu-link\" tabindex=\"-1\">Pukllaykunapa allin atisqapa ruraynin<\/a><\/li>\n<\/ul>\t\t\t<\/nav>\n\t\t\t\t<\/div>\n\t\t\t\t<\/div>\n\t\t\t\t\t<\/div>\n\t\t<\/div>\n\t\t\t\t<div class=\"elementor-column elementor-col-66 elementor-top-column elementor-element elementor-element-620371e8\" data-id=\"620371e8\" data-element_type=\"column\">\n\t\t\t<div class=\"elementor-widget-wrap elementor-element-populated\">\n\t\t\t\t\t\t<section class=\"elementor-section elementor-inner-section elementor-element elementor-element-8fae158 elementor-section-boxed elementor-section-height-default elementor-section-height-default\" data-id=\"8fae158\" data-element_type=\"section\">\n\t\t\t\t\t\t<div class=\"elementor-container elementor-column-gap-default\">\n\t\t\t\t\t<div class=\"elementor-column elementor-col-100 elementor-inner-column elementor-element elementor-element-d32cec9\" data-id=\"d32cec9\" data-element_type=\"column\">\n\t\t\t<div class=\"elementor-widget-wrap elementor-element-populated\">\n\t\t\t\t\t\t<div class=\"elementor-element elementor-element-3489cb4 elementor-widget elementor-widget-heading\" data-id=\"3489cb4\" data-element_type=\"widget\" data-widget_type=\"heading.default\">\n\t\t\t\t<div class=\"elementor-widget-container\">\n\t\t\t<h2 class=\"elementor-heading-title elementor-size-default\">\nULADECH Catolicapa hatun pukllana wasin<\/h2>\t\t<\/div>\n\t\t\t\t<\/div>\n\t\t\t\t<div class=\"elementor-element elementor-element-49075da elementor-widget elementor-widget-text-editor\" data-id=\"49075da\" data-element_type=\"widget\" data-widget_type=\"text-editor.default\">\n\t\t\t\t<div class=\"elementor-widget-container\">\n\t\t\t<style>\/*! elementor - v3.23.0 - 05-08-2024 *\/\n.elementor-widget-text-editor.elementor-drop-cap-view-stacked .elementor-drop-cap{background-color:#69727d;color:#fff}.elementor-widget-text-editor.elementor-drop-cap-view-framed .elementor-drop-cap{color:#69727d;border:3px solid;background-color:transparent}.elementor-widget-text-editor:not(.elementor-drop-cap-view-default) .elementor-drop-cap{margin-top:8px}.elementor-widget-text-editor:not(.elementor-drop-cap-view-default) .elementor-drop-cap-letter{width:1em;height:1em}.elementor-widget-text-editor .elementor-drop-cap{float:left;text-align:center;line-height:1;font-size:50px}.elementor-widget-text-editor .elementor-drop-cap-letter{display:inline-block}<\/style>\t\t\t\t<p>Uniwirsirarpam, Ubanizaci\u00f3n Buenos Aires, Distrito Musuq Chimbotepa chawpinpi achka pukllayninkuna kapun. Kay qatasqa wasipim iskay pampapi pukllakuna kachkan: voleibol, futsal, basketbol; huknin pampapitaq ajedrezpi pukllanapaq hinaspa sala SUM\u00f1ataq imapas yachaykunata llamkachinapaq.<br \/><br \/>Tukuy pukllana wasiqa fukukunawanmi kanchiqlla\u00f1a hatallikuchkan, chaynaqa tutapipas pukllankum. Kantaqmi pukllaqkunapaq, alumnukunapaq qu\u00f1i yakuwan armakunankupaq, camerino nisqanpi llutanakunankupaq. Chaypitaqmi kachkan huk yachaq hampiqpas. <br \/><br \/>Kay pukllana hatun wasiqa lliwpaqmi punkun kicharayasqa kachkan, chayna hatun \u00f1anman pukllakunata apananpaq. <br \/>Musuq Chimbote. Buenos Aires Zona Semiurbana Mz. F Lt. 2Bpi suyachkaykiku.<br \/><br \/>Chaynallataqmi imapas pukllanapi ruraykunata hatallikuspa Uniwirsirarpa kallmankunapipas tukuy pukllaykunata chiqichispa qispichina kanqa, hinaspataq yachaykunapi, pukllaykunapiwan llamkana kanantaq.<\/p>\t\t\t\t\t\t<\/div>\n\t\t\t\t<\/div>\n\t\t\t\t\t<\/div>\n\t\t<\/div>\n\t\t\t\t\t<\/div>\n\t\t<\/section>\n\t\t\t\t\t<\/div>\n\t\t<\/div>\n\t\t\t\t\t<\/div>\n\t\t<\/section>\n\t\t\t\t<\/div>\n\t\t","protected":false},"excerpt":{"rendered":"<p>Servicios Deportivos ULADECH Catolicapa hatun pukllana wasin Uniwirsirarpam, Ubanizaci\u00f3n Buenos Aires, Distrito Musuq Chimbotepa chawpinpi achka pukllayninkuna kapun. Kay qatasqa wasipim iskay pampapi pukllakuna kachkan: voleibol, futsal, basketbol; huknin pampapitaq ajedrezpi pukllanapaq hinaspa sala SUM\u00f1ataq imapas yachaykunata llamkachinapaq. Tukuy pukllana wasiqa fukukunawanmi kanchiqlla\u00f1a hatallikuchkan, chaynaqa tutapipas pukllankum. Kantaqmi pukllaqkunapaq, alumnukunapaq qu\u00f1i yakuwan armakunankupaq, camerino nisqanpi [&hellip;]<\/p>\n","protected":false},"author":2,"featured_media":0,"parent":157,"menu_order":2,"comment_status":"closed","ping_status":"closed","template":"","meta":{"site-sidebar-layout":"no-sidebar","site-content-layout":"page-builder","ast-site-content-layout":"","site-content-style":"default","site-sidebar-style":"default","ast-global-header-display":"","ast-banner-title-visibility":"","ast-main-header-display":"","ast-hfb-above-header-display":"","ast-hfb-below-header-display":"","ast-hfb-mobile-header-display":"","site-post-title":"disabled","ast-breadcrumbs-content":"","ast-featured-img":"disabled","footer-sml-layout":"","theme-transparent-header-meta":"","adv-header-id-meta":"","stick-header-meta":"","header-above-stick-meta":"","header-main-stick-meta":"","header-below-stick-meta":"","astra-migrate-meta-layouts":"default","ast-page-background-enabled":"default","ast-page-background-meta":{"desktop":{"background-color":"var(--ast-global-color-4)","background-image":"","background-repeat":"repeat","background-position":"center center","background-size":"auto","background-attachment":"scroll","background-type":"","background-media":"","overlay-type":"","overlay-color":"","overlay-opacity":"","overlay-gradient":""},"tablet":{"background-color":"","background-image":"","background-repeat":"repeat","background-position":"center center","background-size":"auto","background-attachment":"scroll","background-type":"","background-media":"","overlay-type":"","overlay-color":"","overlay-opacity":"","overlay-gradient":""},"mobile":{"background-color":"","background-image":"","background-repeat":"repeat","background-position":"center center","background-size":"auto","background-attachment":"scroll","background-type":"","background-media":"","overlay-type":"","overlay-color":"","overlay-opacity":"","overlay-gradient":""}},"ast-content-background-meta":{"desktop":{"background-color":"var(--ast-global-color-5)","background-image":"","background-repeat":"repeat","background-position":"center center","background-size":"auto","background-attachment":"scroll","background-type":"","background-media":"","overlay-type":"","overlay-color":"","overlay-opacity":"","overlay-gradient":""},"tablet":{"background-color":"var(--ast-global-color-5)","background-image":"","background-repeat":"repeat","background-position":"center center","background-size":"auto","background-attachment":"scroll","background-type":"","background-media":"","overlay-type":"","overlay-color":"","overlay-opacity":"","overlay-gradient":""},"mobile":{"background-color":"var(--ast-global-color-5)","background-image":"","background-repeat":"repeat","background-position":"center center","background-size":"auto","background-attachment":"scroll","background-type":"","background-media":"","overlay-type":"","overlay-color":"","overlay-opacity":"","overlay-gradient":""}},"footnotes":""},"class_list":["post-1974","page","type-page","status-publish","hentry"],"_links":{"self":[{"href":"https:\/\/www.uladech.edu.pe\/qu\/wp-json\/wp\/v2\/pages\/1974"}],"collection":[{"href":"https:\/\/www.uladech.edu.pe\/qu\/wp-json\/wp\/v2\/pages"}],"about":[{"href":"https:\/\/www.uladech.edu.pe\/qu\/wp-json\/wp\/v2\/types\/page"}],"author":[{"embeddable":true,"href":"https:\/\/www.uladech.edu.pe\/qu\/wp-json\/wp\/v2\/users\/2"}],"replies":[{"embeddable":true,"href":"https:\/\/www.uladech.edu.pe\/qu\/wp-json\/wp\/v2\/comments?post=1974"}],"version-history":[{"count":18,"href":"https:\/\/www.uladech.edu.pe\/qu\/wp-json\/wp\/v2\/pages\/1974\/revisions"}],"predecessor-version":[{"id":4407,"href":"https:\/\/www.uladech.edu.pe\/qu\/wp-json\/wp\/v2\/pages\/1974\/revisions\/4407"}],"up":[{"embeddable":true,"href":"https:\/\/www.uladech.edu.pe\/qu\/wp-json\/wp\/v2\/pages\/157"}],"wp:attachment":[{"href":"https:\/\/www.uladech.edu.pe\/qu\/wp-json\/wp\/v2\/media?parent=1974"}],"curies":[{"name":"wp","href":"https:\/\/api.w.org\/{rel}","templated":true}]}}