{"id":2014,"date":"2022-08-31T18:58:39","date_gmt":"2022-08-31T23:58:39","guid":{"rendered":"https:\/\/webdev.uladech.edu.pe\/?page_id=2014"},"modified":"2022-09-13T10:29:21","modified_gmt":"2022-09-13T15:29:21","slug":"logros-culturales","status":"publish","type":"page","link":"https:\/\/www.uladech.edu.pe\/qu\/servicios\/servicios-culturales\/logros-culturales\/","title":{"rendered":"Logros Culturales"},"content":{"rendered":"\t\t<div data-elementor-type=\"wp-page\" data-elementor-id=\"2014\" class=\"elementor elementor-2014\" data-elementor-post-type=\"page\">\n\t\t\t\t\t\t<section class=\"elementor-section elementor-top-section elementor-element elementor-element-916ee89 elementor-section-boxed elementor-section-height-default elementor-section-height-default\" data-id=\"916ee89\" data-element_type=\"section\">\n\t\t\t\t\t\t<div class=\"elementor-container elementor-column-gap-default\">\n\t\t\t\t\t<div class=\"elementor-column elementor-col-100 elementor-top-column elementor-element elementor-element-d9fbe70\" data-id=\"d9fbe70\" data-element_type=\"column\">\n\t\t\t<div class=\"elementor-widget-wrap\">\n\t\t\t\t\t\t\t<\/div>\n\t\t<\/div>\n\t\t\t\t\t<\/div>\n\t\t<\/section>\n\t\t\t\t<section class=\"elementor-section elementor-top-section elementor-element elementor-element-59a9539c elementor-section-boxed elementor-section-height-default elementor-section-height-default\" data-id=\"59a9539c\" data-element_type=\"section\">\n\t\t\t\t\t\t<div class=\"elementor-container elementor-column-gap-default\">\n\t\t\t\t\t<div class=\"elementor-column elementor-col-33 elementor-top-column elementor-element elementor-element-2093ed49\" data-id=\"2093ed49\" data-element_type=\"column\" data-settings=\"{&quot;background_background&quot;:&quot;classic&quot;}\">\n\t\t\t<div class=\"elementor-widget-wrap elementor-element-populated\">\n\t\t\t\t\t\t<div class=\"elementor-element elementor-element-1b4af4a4 elementor-widget elementor-widget-heading\" data-id=\"1b4af4a4\" data-element_type=\"widget\" data-widget_type=\"heading.default\">\n\t\t\t\t<div class=\"elementor-widget-container\">\n\t\t\t<style>\/*! elementor - v3.23.0 - 05-08-2024 *\/\n.elementor-heading-title{padding:0;margin:0;line-height:1}.elementor-widget-heading .elementor-heading-title[class*=elementor-size-]>a{color:inherit;font-size:inherit;line-height:inherit}.elementor-widget-heading .elementor-heading-title.elementor-size-small{font-size:15px}.elementor-widget-heading .elementor-heading-title.elementor-size-medium{font-size:19px}.elementor-widget-heading .elementor-heading-title.elementor-size-large{font-size:29px}.elementor-widget-heading .elementor-heading-title.elementor-size-xl{font-size:39px}.elementor-widget-heading .elementor-heading-title.elementor-size-xxl{font-size:59px}<\/style><h4 class=\"elementor-heading-title elementor-size-default\">Servicios Culturales<\/h4>\t\t<\/div>\n\t\t\t\t<\/div>\n\t\t\t\t<div class=\"elementor-element elementor-element-4502e56b elementor-nav-menu__align-justify elementor-nav-menu--stretch elementor-nav-menu--dropdown-tablet elementor-nav-menu__text-align-aside elementor-nav-menu--toggle elementor-nav-menu--burger elementor-widget elementor-widget-nav-menu\" data-id=\"4502e56b\" data-element_type=\"widget\" data-settings=\"{&quot;layout&quot;:&quot;vertical&quot;,&quot;full_width&quot;:&quot;stretch&quot;,&quot;submenu_icon&quot;:{&quot;value&quot;:&quot;&lt;i class=\\&quot;fas fa-caret-down\\&quot;&gt;&lt;\\\/i&gt;&quot;,&quot;library&quot;:&quot;fa-solid&quot;},&quot;toggle&quot;:&quot;burger&quot;}\" data-widget_type=\"nav-menu.default\">\n\t\t\t\t<div class=\"elementor-widget-container\">\n\t\t\t<link rel=\"stylesheet\" href=\"https:\/\/www.uladech.edu.pe\/qu\/wp-content\/plugins\/elementor-pro\/assets\/css\/widget-nav-menu.min.css?ver=1723247772\">\t\t\t<nav aria-label=\"Menu\" class=\"elementor-nav-menu--main elementor-nav-menu__container elementor-nav-menu--layout-vertical e--pointer-none\">\n\t\t\t\t<ul id=\"menu-1-4502e56b\" class=\"elementor-nav-menu sm-vertical\"><li class=\"menu-item menu-item-type-post_type menu-item-object-page menu-item-3649\"><a href=\"https:\/\/www.uladech.edu.pe\/qu\/servicios\/servicios-culturales\/\" class=\"elementor-item menu-link\">Yachaytarpu\/Kulturarpa Yanapaynin<\/a><\/li>\n<li class=\"menu-item menu-item-type-custom menu-item-object-custom menu-item-has-children menu-item-3656\"><a aria-expanded=\"false\" href=\"#\" class=\"elementor-item elementor-item-anchor menu-link\">Kapchiypa, Yachaytarpupa Rurayninkuna<\/a>\n<ul class=\"sub-menu elementor-nav-menu--dropdown\">\n\t<li class=\"menu-item menu-item-type-post_type menu-item-object-page menu-item-3650\"><a href=\"https:\/\/www.uladech.edu.pe\/qu\/servicios\/servicios-culturales\/taller-de-danzas\/\" class=\"elementor-sub-item menu-link\">Tusuykunapa Ruraynin<\/a><\/li>\n\t<li class=\"menu-item menu-item-type-post_type menu-item-object-page menu-item-3651\"><a href=\"https:\/\/www.uladech.edu.pe\/qu\/servicios\/servicios-culturales\/taller-de-musica\/\" class=\"elementor-sub-item menu-link\">Takiypa ruraynin<\/a><\/li>\n<\/ul>\n<\/li>\n<li class=\"menu-item menu-item-type-post_type menu-item-object-page menu-item-3652\"><a href=\"https:\/\/www.uladech.edu.pe\/qu\/servicios\/servicios-culturales\/requisitos-y-beneficios\/\" class=\"elementor-item menu-link\">Allinn kaqnin, Allichasqa chiqap siqisqan<\/a><\/li>\n<li class=\"menu-item menu-item-type-post_type menu-item-object-page menu-item-3653\"><a href=\"https:\/\/www.uladech.edu.pe\/qu\/servicios\/servicios-culturales\/logros-culturales\/\" class=\"elementor-item menu-link\">Logros Culturales<\/a><\/li>\n<li class=\"menu-item menu-item-type-post_type menu-item-object-page menu-item-3664\"><a href=\"https:\/\/www.uladech.edu.pe\/qu\/servicios\/servicios-culturales\/galeria-de-fotos\/\" class=\"elementor-item menu-link\">Rikchaykunapa qawana kiqllun<\/a><\/li>\n<li class=\"menu-item menu-item-type-post_type menu-item-object-page menu-item-3655\"><a href=\"https:\/\/www.uladech.edu.pe\/qu\/servicios\/servicios-culturales\/informes-servicios-culturales\/\" class=\"elementor-item menu-link\">Informes<\/a><\/li>\n<\/ul>\t\t\t<\/nav>\n\t\t\t\t\t<div class=\"elementor-menu-toggle\" role=\"button\" tabindex=\"0\" aria-label=\"Menu Toggle\" aria-expanded=\"false\">\n\t\t\t<i aria-hidden=\"true\" role=\"presentation\" class=\"elementor-menu-toggle__icon--open eicon-menu-bar\"><\/i><i aria-hidden=\"true\" role=\"presentation\" class=\"elementor-menu-toggle__icon--close eicon-close\"><\/i>\t\t\t<span class=\"elementor-screen-only\">Menu<\/span>\n\t\t<\/div>\n\t\t\t\t\t<nav class=\"elementor-nav-menu--dropdown elementor-nav-menu__container\" aria-hidden=\"true\">\n\t\t\t\t<ul id=\"menu-2-4502e56b\" class=\"elementor-nav-menu sm-vertical\"><li class=\"menu-item menu-item-type-post_type menu-item-object-page menu-item-3649\"><a href=\"https:\/\/www.uladech.edu.pe\/qu\/servicios\/servicios-culturales\/\" class=\"elementor-item menu-link\" tabindex=\"-1\">Yachaytarpu\/Kulturarpa Yanapaynin<\/a><\/li>\n<li class=\"menu-item menu-item-type-custom menu-item-object-custom menu-item-has-children menu-item-3656\"><a aria-expanded=\"false\" href=\"#\" class=\"elementor-item elementor-item-anchor menu-link\" tabindex=\"-1\">Kapchiypa, Yachaytarpupa Rurayninkuna<\/a>\n<ul class=\"sub-menu elementor-nav-menu--dropdown\">\n\t<li class=\"menu-item menu-item-type-post_type menu-item-object-page menu-item-3650\"><a href=\"https:\/\/www.uladech.edu.pe\/qu\/servicios\/servicios-culturales\/taller-de-danzas\/\" class=\"elementor-sub-item menu-link\" tabindex=\"-1\">Tusuykunapa Ruraynin<\/a><\/li>\n\t<li class=\"menu-item menu-item-type-post_type menu-item-object-page menu-item-3651\"><a href=\"https:\/\/www.uladech.edu.pe\/qu\/servicios\/servicios-culturales\/taller-de-musica\/\" class=\"elementor-sub-item menu-link\" tabindex=\"-1\">Takiypa ruraynin<\/a><\/li>\n<\/ul>\n<\/li>\n<li class=\"menu-item menu-item-type-post_type menu-item-object-page menu-item-3652\"><a href=\"https:\/\/www.uladech.edu.pe\/qu\/servicios\/servicios-culturales\/requisitos-y-beneficios\/\" class=\"elementor-item menu-link\" tabindex=\"-1\">Allinn kaqnin, Allichasqa chiqap siqisqan<\/a><\/li>\n<li class=\"menu-item menu-item-type-post_type menu-item-object-page menu-item-3653\"><a href=\"https:\/\/www.uladech.edu.pe\/qu\/servicios\/servicios-culturales\/logros-culturales\/\" class=\"elementor-item menu-link\" tabindex=\"-1\">Logros Culturales<\/a><\/li>\n<li class=\"menu-item menu-item-type-post_type menu-item-object-page menu-item-3664\"><a href=\"https:\/\/www.uladech.edu.pe\/qu\/servicios\/servicios-culturales\/galeria-de-fotos\/\" class=\"elementor-item menu-link\" tabindex=\"-1\">Rikchaykunapa qawana kiqllun<\/a><\/li>\n<li class=\"menu-item menu-item-type-post_type menu-item-object-page menu-item-3655\"><a href=\"https:\/\/www.uladech.edu.pe\/qu\/servicios\/servicios-culturales\/informes-servicios-culturales\/\" class=\"elementor-item menu-link\" tabindex=\"-1\">Informes<\/a><\/li>\n<\/ul>\t\t\t<\/nav>\n\t\t\t\t<\/div>\n\t\t\t\t<\/div>\n\t\t\t\t\t<\/div>\n\t\t<\/div>\n\t\t\t\t<div class=\"elementor-column elementor-col-66 elementor-top-column elementor-element elementor-element-75603be1\" data-id=\"75603be1\" data-element_type=\"column\">\n\t\t\t<div class=\"elementor-widget-wrap elementor-element-populated\">\n\t\t\t\t\t\t<div class=\"elementor-element elementor-element-f255bf9 elementor-widget elementor-widget-heading\" data-id=\"f255bf9\" data-element_type=\"widget\" data-widget_type=\"heading.default\">\n\t\t\t\t<div class=\"elementor-widget-container\">\n\t\t\t<h2 class=\"elementor-heading-title elementor-size-default\">Logro Culturales<\/h2>\t\t<\/div>\n\t\t\t\t<\/div>\n\t\t\t\t<div class=\"elementor-element elementor-element-1f4767f9 elementor-widget elementor-widget-text-editor\" data-id=\"1f4767f9\" data-element_type=\"widget\" data-widget_type=\"text-editor.default\">\n\t\t\t\t<div class=\"elementor-widget-container\">\n\t\t\t<style>\/*! elementor - v3.23.0 - 05-08-2024 *\/\n.elementor-widget-text-editor.elementor-drop-cap-view-stacked .elementor-drop-cap{background-color:#69727d;color:#fff}.elementor-widget-text-editor.elementor-drop-cap-view-framed .elementor-drop-cap{color:#69727d;border:3px solid;background-color:transparent}.elementor-widget-text-editor:not(.elementor-drop-cap-view-default) .elementor-drop-cap{margin-top:8px}.elementor-widget-text-editor:not(.elementor-drop-cap-view-default) .elementor-drop-cap-letter{width:1em;height:1em}.elementor-widget-text-editor .elementor-drop-cap{float:left;text-align:center;line-height:1;font-size:50px}.elementor-widget-text-editor .elementor-drop-cap-letter{display:inline-block}<\/style>\t\t\t\t<p>\u00a0<\/p><table class=\"table-uladech\" style=\"height: 743px; border-color: #8f1027;\" border=\"1\"><tbody><tr style=\"height: 31px;\"><td style=\"width: 85.2833px; height: 31px;\"><strong>A\u00d1O<\/strong><\/td><td style=\"width: 157.817px; height: 31px;\"><strong>DISCIPLINA CULTURA\u00d1<br \/><\/strong><\/td><td style=\"width: 258.267px; height: 31px;\"><strong>LOGROS<\/strong><\/td><td style=\"width: 213.633px; height: 31px;\"><strong>ORGANIZACI\u00d3N<\/strong><br \/><strong>INSTITUCI\u00d3N<\/strong><\/td><\/tr><tr style=\"height: 15px;\"><td style=\"width: 85.2833px; height: 15px;\">2019<\/td><td style=\"width: 157.817px; height: 15px;\">Danzas<\/td><td style=\"width: 258.267px; height: 15px;\">Reconocimiento por el aporte art\u00edstico y cultural en la fiesta de San Pedrito.<br \/>Instructor de Danzas: Robert D\u00e1vila Qui\u00f1onez<\/td><td style=\"width: 213.633px; height: 15px;\">Sub Regi\u00f3n Pac\u00edfico<\/td><\/tr><tr style=\"height: 15px;\"><td style=\"width: 85.2833px; height: 15px;\">2019<\/td><td style=\"width: 157.817px; height: 15px;\">Canto<\/td><td style=\"width: 258.267px; height: 15px;\">Grabaci\u00f3n del CD &#8220;Celebremos la Navidad en Uladech Cat\u00f3lica&#8221; grabado por el &#8220;Coro Infantil Angelitos&#8221; de la I.E.G.P &#8220;Los \u00c1ngeles de Chimbote&#8221;<\/td><td style=\"width: 213.633px; height: 15px;\">Coro de Ni\u00f1os I.E Uladech Cat\u00f3lica<\/td><\/tr><tr style=\"height: 15px;\"><td style=\"width: 85.2833px; height: 15px;\">2018<\/td><td style=\"width: 157.817px; height: 15px;\">Danzas<\/td><td style=\"width: 258.267px; height: 15px;\">Reconocimiento por el aporte art\u00edstico y cultural en la fiesta de Nuevo Chimbote.<br \/>Instructor de Danzas: Robert D\u00e1vila Qui\u00f1onez<\/td><td style=\"width: 213.633px; height: 15px;\">Municipalidad de Nuevo Chimbote<\/td><\/tr><tr style=\"height: 15px;\"><td style=\"width: 85.2833px; height: 15px;\">2017<\/td><td style=\"width: 157.817px; height: 15px;\">Danzas<\/td><td style=\"width: 258.267px; height: 15px;\">Reconocimiento Cinta de oro Internacional 2017 al mejor docente de Arte en la regi\u00f3n por dirigir al Elenco de danzas de la Uladech cat\u00f3lica.<br \/>Instructor de Danzas: Robert D\u00e1vila Qui\u00f1onez<\/td><td style=\"width: 213.633px; height: 15px;\">Instituto Internacional de la Familia INFA<\/td><\/tr><tr style=\"height: 15px;\"><td style=\"width: 85.2833px; height: 15px;\">2015<\/td><td style=\"width: 157.817px; height: 15px;\">Canto<\/td><td style=\"width: 258.267px; height: 15px;\">1er. puesto del concurso del X Festival Nacional de la Canci\u00f3n Universitaria organizado por la Universidad Se\u00f1or de Sip\u00e1n de la ciudad de Chiclayo.<br \/>Estudiante: Lobat\u00f3n Ahumada Lidia Elena de la Escuela Profesional de Derecho<\/td><td style=\"width: 213.633px; height: 15px;\">Universidad Se\u00f1or de Sip\u00e1n de la ciudad de Chiclayo<\/td><\/tr><tr style=\"height: 15px;\"><td style=\"width: 85.2833px; height: 15px;\">2015<\/td><td style=\"width: 157.817px; height: 15px;\">Canto<\/td><td style=\"width: 258.267px; height: 15px;\">2do. puesto del concurso del X Festival Nacional de la Canci\u00f3n Universitaria organizado por la Universidad Se\u00f1or de Sip\u00e1n de la ciudad de Chiclayo.<br \/>Estudiante: Roncal Capu\u00f1ay Alexander Edinson de la Escuela Profesional de Ingenier\u00eda de Sistemas<\/td><td style=\"width: 213.633px; height: 15px;\">Universidad Se\u00f1or de Sip\u00e1n de la ciudad de Chiclayo<\/td><\/tr><tr style=\"height: 15px;\"><td style=\"width: 85.2833px; height: 15px;\">2013<\/td><td style=\"width: 157.817px; height: 15px;\">Danzas<\/td><td style=\"width: 258.267px; height: 15px;\">Reconocimiento por el aporte art\u00edstico en la ciudad de Chimbote por fiestas patrias.<br \/>Instructor de Danzas: Robert D\u00e1vila Qui\u00f1onez<\/td><td style=\"width: 213.633px; height: 15px;\">Municipalidad Provincial del Santa<\/td><\/tr><tr style=\"height: 15px;\"><td style=\"width: 85.2833px; height: 15px;\">2013<\/td><td style=\"width: 157.817px; height: 15px;\">Danzas<\/td><td style=\"width: 258.267px; height: 15px;\">Participaci\u00f3n en el I festival de danzas art\u00edstica y Cultural en la Ciudad de Sullana y Piura<\/td><td style=\"width: 213.633px; height: 15px;\">ULADECH Cat\u00f3lica<\/td><\/tr><tr style=\"height: 15.9334px;\"><td style=\"width: 85.2833px; height: 15.9334px;\">2011<\/td><td style=\"width: 157.817px; height: 15.9334px;\">Danzas<\/td><td style=\"width: 258.267px; height: 15.9334px;\">3er puesto en el II festival de danzas a nivel nacional en la ciudad de Huaraz<\/td><td style=\"width: 213.633px; height: 15.9334px;\">Universidad Nacional Santiago Ant\u00fanez de Mayolo UNASAM<\/td><\/tr><tr style=\"height: 15px;\"><td style=\"width: 85.2833px; height: 15px;\">2011<\/td><td style=\"width: 157.817px; height: 15px;\">Danzas<\/td><td style=\"width: 258.267px; height: 15px;\">Participaci\u00f3n en el 1er festival de danzas en la ciudad de Cajamarca<\/td><td style=\"width: 213.633px; height: 15px;\">Universidad Nacional de Cajamarca<\/td><\/tr><tr style=\"height: 15px;\"><td style=\"width: 85.2833px; height: 15px;\">2010<\/td><td style=\"width: 157.817px; height: 15px;\">Danzas<\/td><td style=\"width: 258.267px; height: 15px;\">Participaci\u00f3n en el festival de la Noche cultural y Art\u00edstica en el parque de la cultura en la ciudad de Lima<\/td><td style=\"width: 213.633px; height: 15px;\">Asamblea Nacional de Rectores ANR<\/td><\/tr><tr style=\"height: 15px;\"><td style=\"width: 85.2833px; height: 15px;\">2010<\/td><td style=\"width: 157.817px; height: 15px;\">Danzas<\/td><td style=\"width: 258.267px; height: 15px;\">Reconocimiento al aporte de difundir las danzas de Chimbote con la danza la Chimbotera por las fiestas de San Pedrito.<br \/>Instructor de Danzas: Robert D\u00e1vila Qui\u00f1onez<\/td><td style=\"width: 213.633px; height: 15px;\">Asociaci\u00f3n C\u00edvica de Chimbote<\/td><\/tr><tr style=\"height: 15px;\"><td style=\"width: 85.2833px; height: 15px;\">2010<\/td><td style=\"width: 157.817px; height: 15px;\">Coro Angelino<\/td><td style=\"width: 258.267px; height: 15px;\">\u00a0Participaci\u00f3n en el 1er Festival\u00a0 Cristiano\u00a0 de Solistas, Grupos , Coros e Instituciones Educativa Cat\u00f3licas \u201c Cantemos al Se\u00f1or con Alegr\u00eda \u201c<\/td><td style=\"width: 213.633px; height: 15px;\">Parroquia Perpetuo Socorro<\/td><\/tr><tr style=\"height: 15px;\"><td style=\"width: 85.2833px; height: 15px;\">2009<\/td><td style=\"width: 157.817px; height: 15px;\">Coro Angelino<\/td><td style=\"width: 258.267px; height: 15px;\">Elaboraci\u00f3n de Cancionero Cat\u00f3lico<\/td><td style=\"width: 213.633px; height: 15px;\">Pastoral<\/td><\/tr><tr style=\"height: 15px;\"><td style=\"width: 85.2833px; height: 15px;\">2009<\/td><td style=\"width: 157.817px; height: 15px;\">Danzas<\/td><td style=\"width: 258.267px; height: 15px;\">Participaci\u00f3n en el Concierto de la Cantante Fabiola de la Cuba en donde fuimos parte de su bailarines y realizamos coreograf\u00edas en su show<\/td><td style=\"width: 213.633px; height: 15px;\">Municipalidad Provincial del Santa<\/td><\/tr><tr style=\"height: 15px;\"><td style=\"width: 85.2833px; height: 15px;\">2008<\/td><td style=\"width: 157.817px; height: 15px;\">Coro Angelino\u00a0<\/td><td style=\"width: 258.267px; height: 15px;\">Producci\u00f3n y grabaci\u00f3n de CD \u201cNuestra alma Mater\u201d<\/td><td style=\"width: 213.633px; height: 15px;\">ULADECH Cat\u00f3lica<\/td><\/tr><tr style=\"height: 15px;\"><td style=\"width: 85.2833px; height: 15px;\">2006<\/td><td style=\"width: 157.817px; height: 15px;\">Danzas<\/td><td style=\"width: 258.267px; height: 15px;\">Participaci\u00f3n en el Corso Organizado por Fiestas de san Pedrito quedando en el 1er Puesto en Chimbote<\/td><td style=\"width: 213.633px; height: 15px;\">Municipalidad Provincial del Santa<\/td><\/tr><\/tbody><\/table>\t\t\t\t\t\t<\/div>\n\t\t\t\t<\/div>\n\t\t\t\t\t<\/div>\n\t\t<\/div>\n\t\t\t\t\t<\/div>\n\t\t<\/section>\n\t\t\t\t<\/div>\n\t\t","protected":false},"excerpt":{"rendered":"<p>Servicios Culturales Logro Culturales \u00a0 A\u00d1O DISCIPLINA CULTURA\u00d1 LOGROS ORGANIZACI\u00d3NINSTITUCI\u00d3N 2019 Danzas Reconocimiento por el aporte art\u00edstico y cultural en la fiesta de San Pedrito.Instructor de Danzas: Robert D\u00e1vila Qui\u00f1onez Sub Regi\u00f3n Pac\u00edfico 2019 Canto Grabaci\u00f3n del CD &#8220;Celebremos la Navidad en Uladech Cat\u00f3lica&#8221; grabado por el &#8220;Coro Infantil Angelitos&#8221; de la I.E.G.P &#8220;Los \u00c1ngeles [&hellip;]<\/p>\n","protected":false},"author":2,"featured_media":0,"parent":1991,"menu_order":2,"comment_status":"closed","ping_status":"closed","template":"","meta":{"site-sidebar-layout":"no-sidebar","site-content-layout":"page-builder","ast-site-content-layout":"","site-content-style":"default","site-sidebar-style":"default","ast-global-header-display":"","ast-banner-title-visibility":"","ast-main-header-display":"","ast-hfb-above-header-display":"","ast-hfb-below-header-display":"","ast-hfb-mobile-header-display":"","site-post-title":"disabled","ast-breadcrumbs-content":"","ast-featured-img":"disabled","footer-sml-layout":"","theme-transparent-header-meta":"","adv-header-id-meta":"","stick-header-meta":"","header-above-stick-meta":"","header-main-stick-meta":"","header-below-stick-meta":"","astra-migrate-meta-layouts":"default","ast-page-background-enabled":"default","ast-page-background-meta":{"desktop":{"background-color":"var(--ast-global-color-4)","background-image":"","background-repeat":"repeat","background-position":"center center","background-size":"auto","background-attachment":"scroll","background-type":"","background-media":"","overlay-type":"","overlay-color":"","overlay-opacity":"","overlay-gradient":""},"tablet":{"background-color":"","background-image":"","background-repeat":"repeat","background-position":"center center","background-size":"auto","background-attachment":"scroll","background-type":"","background-media":"","overlay-type":"","overlay-color":"","overlay-opacity":"","overlay-gradient":""},"mobile":{"background-color":"","background-image":"","background-repeat":"repeat","background-position":"center center","background-size":"auto","background-attachment":"scroll","background-type":"","background-media":"","overlay-type":"","overlay-color":"","overlay-opacity":"","overlay-gradient":""}},"ast-content-background-meta":{"desktop":{"background-color":"var(--ast-global-color-5)","background-image":"","background-repeat":"repeat","background-position":"center center","background-size":"auto","background-attachment":"scroll","background-type":"","background-media":"","overlay-type":"","overlay-color":"","overlay-opacity":"","overlay-gradient":""},"tablet":{"background-color":"var(--ast-global-color-5)","background-image":"","background-repeat":"repeat","background-position":"center center","background-size":"auto","background-attachment":"scroll","background-type":"","background-media":"","overlay-type":"","overlay-color":"","overlay-opacity":"","overlay-gradient":""},"mobile":{"background-color":"var(--ast-global-color-5)","background-image":"","background-repeat":"repeat","background-position":"center center","background-size":"auto","background-attachment":"scroll","background-type":"","background-media":"","overlay-type":"","overlay-color":"","overlay-opacity":"","overlay-gradient":""}},"footnotes":""},"class_list":["post-2014","page","type-page","status-publish","hentry"],"_links":{"self":[{"href":"https:\/\/www.uladech.edu.pe\/qu\/wp-json\/wp\/v2\/pages\/2014"}],"collection":[{"href":"https:\/\/www.uladech.edu.pe\/qu\/wp-json\/wp\/v2\/pages"}],"about":[{"href":"https:\/\/www.uladech.edu.pe\/qu\/wp-json\/wp\/v2\/types\/page"}],"author":[{"embeddable":true,"href":"https:\/\/www.uladech.edu.pe\/qu\/wp-json\/wp\/v2\/users\/2"}],"replies":[{"embeddable":true,"href":"https:\/\/www.uladech.edu.pe\/qu\/wp-json\/wp\/v2\/comments?post=2014"}],"version-history":[{"count":10,"href":"https:\/\/www.uladech.edu.pe\/qu\/wp-json\/wp\/v2\/pages\/2014\/revisions"}],"predecessor-version":[{"id":3633,"href":"https:\/\/www.uladech.edu.pe\/qu\/wp-json\/wp\/v2\/pages\/2014\/revisions\/3633"}],"up":[{"embeddable":true,"href":"https:\/\/www.uladech.edu.pe\/qu\/wp-json\/wp\/v2\/pages\/1991"}],"wp:attachment":[{"href":"https:\/\/www.uladech.edu.pe\/qu\/wp-json\/wp\/v2\/media?parent=2014"}],"curies":[{"name":"wp","href":"https:\/\/api.w.org\/{rel}","templated":true}]}}