{"id":2023,"date":"2022-08-31T19:35:24","date_gmt":"2022-09-01T00:35:24","guid":{"rendered":"https:\/\/webdev.uladech.edu.pe\/?page_id=2023"},"modified":"2022-10-06T11:47:14","modified_gmt":"2022-10-06T16:47:14","slug":"presentacion-servicio-pastoral","status":"publish","type":"page","link":"https:\/\/www.uladech.edu.pe\/qu\/servicios\/servicio-de-pastoral-y-espiritualidad\/presentacion-servicio-pastoral\/","title":{"rendered":"Riqsichina"},"content":{"rendered":"\t\t<div data-elementor-type=\"wp-page\" data-elementor-id=\"2023\" class=\"elementor elementor-2023\" data-elementor-post-type=\"page\">\n\t\t\t\t\t\t<section class=\"elementor-section elementor-top-section elementor-element elementor-element-13cc548 elementor-section-boxed elementor-section-height-default elementor-section-height-default\" data-id=\"13cc548\" data-element_type=\"section\">\n\t\t\t\t\t\t<div class=\"elementor-container elementor-column-gap-default\">\n\t\t\t\t\t<div class=\"elementor-column elementor-col-33 elementor-top-column elementor-element elementor-element-696aec2\" data-id=\"696aec2\" data-element_type=\"column\" data-settings=\"{&quot;background_background&quot;:&quot;classic&quot;}\">\n\t\t\t<div class=\"elementor-widget-wrap elementor-element-populated\">\n\t\t\t\t\t\t<div class=\"elementor-element elementor-element-176d998 elementor-widget elementor-widget-heading\" data-id=\"176d998\" data-element_type=\"widget\" data-widget_type=\"heading.default\">\n\t\t\t\t<div class=\"elementor-widget-container\">\n\t\t\t<style>\/*! elementor - v3.23.0 - 05-08-2024 *\/\n.elementor-heading-title{padding:0;margin:0;line-height:1}.elementor-widget-heading .elementor-heading-title[class*=elementor-size-]>a{color:inherit;font-size:inherit;line-height:inherit}.elementor-widget-heading .elementor-heading-title.elementor-size-small{font-size:15px}.elementor-widget-heading .elementor-heading-title.elementor-size-medium{font-size:19px}.elementor-widget-heading .elementor-heading-title.elementor-size-large{font-size:29px}.elementor-widget-heading .elementor-heading-title.elementor-size-xl{font-size:39px}.elementor-widget-heading .elementor-heading-title.elementor-size-xxl{font-size:59px}<\/style><h4 class=\"elementor-heading-title elementor-size-default\">Pastoral Espiritualidadpa Yanapaynin<\/h4>\t\t<\/div>\n\t\t\t\t<\/div>\n\t\t\t\t<div class=\"elementor-element elementor-element-b932307 elementor-nav-menu__align-justify elementor-nav-menu--stretch elementor-nav-menu--dropdown-tablet elementor-nav-menu__text-align-aside elementor-nav-menu--toggle elementor-nav-menu--burger elementor-widget elementor-widget-nav-menu\" data-id=\"b932307\" data-element_type=\"widget\" data-settings=\"{&quot;layout&quot;:&quot;vertical&quot;,&quot;full_width&quot;:&quot;stretch&quot;,&quot;submenu_icon&quot;:{&quot;value&quot;:&quot;&lt;i class=\\&quot;fas fa-caret-down\\&quot;&gt;&lt;\\\/i&gt;&quot;,&quot;library&quot;:&quot;fa-solid&quot;},&quot;toggle&quot;:&quot;burger&quot;}\" data-widget_type=\"nav-menu.default\">\n\t\t\t\t<div class=\"elementor-widget-container\">\n\t\t\t<link rel=\"stylesheet\" href=\"https:\/\/www.uladech.edu.pe\/qu\/wp-content\/plugins\/elementor-pro\/assets\/css\/widget-nav-menu.min.css?ver=1723247772\">\t\t\t<nav aria-label=\"Menu\" class=\"elementor-nav-menu--main elementor-nav-menu__container elementor-nav-menu--layout-vertical e--pointer-none\">\n\t\t\t\t<ul id=\"menu-1-b932307\" class=\"elementor-nav-menu sm-vertical\"><li class=\"menu-item menu-item-type-post_type menu-item-object-page menu-item-4113\"><a href=\"https:\/\/www.uladech.edu.pe\/qu\/servicios\/servicio-de-pastoral-y-espiritualidad\/presentacion-servicio-pastoral\/\" class=\"elementor-item menu-link\">Riqsichina<\/a><\/li>\n<li class=\"menu-item menu-item-type-post_type menu-item-object-page menu-item-4114\"><a href=\"https:\/\/www.uladech.edu.pe\/qu\/servicios\/servicio-de-pastoral-y-espiritualidad\/actividades-pastoral\/\" class=\"elementor-item menu-link\">Ruraykuna<\/a><\/li>\n<li class=\"menu-item menu-item-type-post_type menu-item-object-page menu-item-4115\"><a href=\"https:\/\/www.uladech.edu.pe\/qu\/servicios\/servicio-de-pastoral-y-espiritualidad\/horario-de-atencion-pastoral\/\" class=\"elementor-item menu-link\">Qawaripayanapa Uraryun<\/a><\/li>\n<li class=\"menu-item menu-item-type-post_type menu-item-object-page menu-item-4116\"><a href=\"https:\/\/www.uladech.edu.pe\/qu\/servicios\/servicio-de-pastoral-y-espiritualidad\/informes-pastoral\/\" class=\"elementor-item menu-link\">Informes<\/a><\/li>\n<\/ul>\t\t\t<\/nav>\n\t\t\t\t\t<div class=\"elementor-menu-toggle\" role=\"button\" tabindex=\"0\" aria-label=\"Menu Toggle\" aria-expanded=\"false\">\n\t\t\t<i aria-hidden=\"true\" role=\"presentation\" class=\"elementor-menu-toggle__icon--open eicon-menu-bar\"><\/i><i aria-hidden=\"true\" role=\"presentation\" class=\"elementor-menu-toggle__icon--close eicon-close\"><\/i>\t\t\t<span class=\"elementor-screen-only\">Menu<\/span>\n\t\t<\/div>\n\t\t\t\t\t<nav class=\"elementor-nav-menu--dropdown elementor-nav-menu__container\" aria-hidden=\"true\">\n\t\t\t\t<ul id=\"menu-2-b932307\" class=\"elementor-nav-menu sm-vertical\"><li class=\"menu-item menu-item-type-post_type menu-item-object-page menu-item-4113\"><a href=\"https:\/\/www.uladech.edu.pe\/qu\/servicios\/servicio-de-pastoral-y-espiritualidad\/presentacion-servicio-pastoral\/\" class=\"elementor-item menu-link\" tabindex=\"-1\">Riqsichina<\/a><\/li>\n<li class=\"menu-item menu-item-type-post_type menu-item-object-page menu-item-4114\"><a href=\"https:\/\/www.uladech.edu.pe\/qu\/servicios\/servicio-de-pastoral-y-espiritualidad\/actividades-pastoral\/\" class=\"elementor-item menu-link\" tabindex=\"-1\">Ruraykuna<\/a><\/li>\n<li class=\"menu-item menu-item-type-post_type menu-item-object-page menu-item-4115\"><a href=\"https:\/\/www.uladech.edu.pe\/qu\/servicios\/servicio-de-pastoral-y-espiritualidad\/horario-de-atencion-pastoral\/\" class=\"elementor-item menu-link\" tabindex=\"-1\">Qawaripayanapa Uraryun<\/a><\/li>\n<li class=\"menu-item menu-item-type-post_type menu-item-object-page menu-item-4116\"><a href=\"https:\/\/www.uladech.edu.pe\/qu\/servicios\/servicio-de-pastoral-y-espiritualidad\/informes-pastoral\/\" class=\"elementor-item menu-link\" tabindex=\"-1\">Informes<\/a><\/li>\n<\/ul>\t\t\t<\/nav>\n\t\t\t\t<\/div>\n\t\t\t\t<\/div>\n\t\t\t\t\t<\/div>\n\t\t<\/div>\n\t\t\t\t<div class=\"elementor-column elementor-col-66 elementor-top-column elementor-element elementor-element-efa2c3a\" data-id=\"efa2c3a\" data-element_type=\"column\">\n\t\t\t<div class=\"elementor-widget-wrap elementor-element-populated\">\n\t\t\t\t\t\t<section class=\"elementor-section elementor-inner-section elementor-element elementor-element-f281992 elementor-section-boxed elementor-section-height-default elementor-section-height-default\" data-id=\"f281992\" data-element_type=\"section\">\n\t\t\t\t\t\t<div class=\"elementor-container elementor-column-gap-default\">\n\t\t\t\t\t<div class=\"elementor-column elementor-col-100 elementor-inner-column elementor-element elementor-element-c7f9879\" data-id=\"c7f9879\" data-element_type=\"column\">\n\t\t\t<div class=\"elementor-widget-wrap elementor-element-populated\">\n\t\t\t\t\t\t<div class=\"elementor-element elementor-element-6e9a4d2 elementor-widget elementor-widget-heading\" data-id=\"6e9a4d2\" data-element_type=\"widget\" data-widget_type=\"heading.default\">\n\t\t\t\t<div class=\"elementor-widget-container\">\n\t\t\t<h2 class=\"elementor-heading-title elementor-size-default\">Riqsichina<\/h2>\t\t<\/div>\n\t\t\t\t<\/div>\n\t\t\t\t<div class=\"elementor-element elementor-element-f4a604d elementor-widget elementor-widget-text-editor\" data-id=\"f4a604d\" data-element_type=\"widget\" data-widget_type=\"text-editor.default\">\n\t\t\t\t<div class=\"elementor-widget-container\">\n\t\t\t<style>\/*! elementor - v3.23.0 - 05-08-2024 *\/\n.elementor-widget-text-editor.elementor-drop-cap-view-stacked .elementor-drop-cap{background-color:#69727d;color:#fff}.elementor-widget-text-editor.elementor-drop-cap-view-framed .elementor-drop-cap{color:#69727d;border:3px solid;background-color:transparent}.elementor-widget-text-editor:not(.elementor-drop-cap-view-default) .elementor-drop-cap{margin-top:8px}.elementor-widget-text-editor:not(.elementor-drop-cap-view-default) .elementor-drop-cap-letter{width:1em;height:1em}.elementor-widget-text-editor .elementor-drop-cap{float:left;text-align:center;line-height:1;font-size:50px}.elementor-widget-text-editor .elementor-drop-cap-letter{display:inline-block}<\/style>\t\t\t\t<p>Uniwirsirar Uladech Cat\u00f3lica Los \u00c1ngeles de Chimbotepi, ukunchimanta i\u00f1iy pullpun suyapayakuy hawa, 2009 watapi SPES \u201cServicio Pastoral y Espiritualidad nisqan paqarimurqa.<\/p><p>Latin rimaypihina sutichasqa SPES (suyapayakuy) kaptin, suyapayakuypa yanapakuyninta munan, uniwirsirarninchik hatun muyu pachaman, inlisya diocesanawan \u00a0\u00a0kuska, lliw pachapi llaqtaqkuna yachananpaq, taytachapi i\u00f1iyta hallaykunqaku .\u00a0<\/p><p>SPESmi, atenci\u00f3n y el acompa\u00f1amiento personalwan kuska, yachapakuqkuna, yachachiqkuna, lliw llamkaqkunam jornadas y talleres espirituales nisqanta aypunqa. Imakunatataq qunqa: luturqiya raymikunata hinaspa runakunapaq katikisista, Taytacha Jesuswan tinkunakunapaq, ima i\u00f1iymanta rimanapaq, llaqtapa umanpi rimanakunapaq, chaynaqa wakin ruraykuna socio.pastorales uniwirsirarpa hawanpi, ukunpi kasqankumanta.\u00a0\u00a0 \u00a0\u00a0\u00a0<\/p><p>Tukuy kay unanchasqanchikmi SPES, llamkaqkunawan kuska, hu\u00f1ulla wakin uniirsirarpi llamkaqkuna kaqpas, paykunapa rantinpim kawsanan. Carreras y unidades operativas de la ULADECH Cat\u00f3lica nisqanmi llaqta runakunaman churan. Capell\u00e1n Gran Cancillerwan, taytacha rantinpi umukunawan, hinaspa alliqman apaq SPESwan, kallmankunapiwan kuskanku wichayman apanku.\u00a0\u00a0 \u00a0\u00a0\u00a0\u00a0\u00a0\u00a0\u00a0\u00a0<\/p>\t\t\t\t\t\t<\/div>\n\t\t\t\t<\/div>\n\t\t\t\t\t<\/div>\n\t\t<\/div>\n\t\t\t\t\t<\/div>\n\t\t<\/section>\n\t\t\t\t\t<\/div>\n\t\t<\/div>\n\t\t\t\t\t<\/div>\n\t\t<\/section>\n\t\t\t\t<\/div>\n\t\t","protected":false},"excerpt":{"rendered":"<p>Pastoral Espiritualidadpa Yanapaynin Riqsichina Uniwirsirar Uladech Cat\u00f3lica Los \u00c1ngeles de Chimbotepi, ukunchimanta i\u00f1iy pullpun suyapayakuy hawa, 2009 watapi SPES \u201cServicio Pastoral y Espiritualidad nisqan paqarimurqa. Latin rimaypihina sutichasqa SPES (suyapayakuy) kaptin, suyapayakuypa yanapakuyninta munan, uniwirsirarninchik hatun muyu pachaman, inlisya diocesanawan &nbsp;&nbsp;kuska, lliw pachapi llaqtaqkuna yachananpaq, taytachapi i\u00f1iyta hallaykunqaku .&nbsp; SPESmi, atenci\u00f3n y el acompa\u00f1amiento personalwan [&hellip;]<\/p>\n","protected":false},"author":2,"featured_media":0,"parent":161,"menu_order":0,"comment_status":"closed","ping_status":"closed","template":"","meta":{"site-sidebar-layout":"no-sidebar","site-content-layout":"page-builder","ast-site-content-layout":"","site-content-style":"default","site-sidebar-style":"default","ast-global-header-display":"","ast-banner-title-visibility":"","ast-main-header-display":"","ast-hfb-above-header-display":"","ast-hfb-below-header-display":"","ast-hfb-mobile-header-display":"","site-post-title":"disabled","ast-breadcrumbs-content":"","ast-featured-img":"disabled","footer-sml-layout":"","theme-transparent-header-meta":"","adv-header-id-meta":"","stick-header-meta":"","header-above-stick-meta":"","header-main-stick-meta":"","header-below-stick-meta":"","astra-migrate-meta-layouts":"default","ast-page-background-enabled":"default","ast-page-background-meta":{"desktop":{"background-color":"var(--ast-global-color-4)","background-image":"","background-repeat":"repeat","background-position":"center center","background-size":"auto","background-attachment":"scroll","background-type":"","background-media":"","overlay-type":"","overlay-color":"","overlay-opacity":"","overlay-gradient":""},"tablet":{"background-color":"","background-image":"","background-repeat":"repeat","background-position":"center center","background-size":"auto","background-attachment":"scroll","background-type":"","background-media":"","overlay-type":"","overlay-color":"","overlay-opacity":"","overlay-gradient":""},"mobile":{"background-color":"","background-image":"","background-repeat":"repeat","background-position":"center center","background-size":"auto","background-attachment":"scroll","background-type":"","background-media":"","overlay-type":"","overlay-color":"","overlay-opacity":"","overlay-gradient":""}},"ast-content-background-meta":{"desktop":{"background-color":"var(--ast-global-color-5)","background-image":"","background-repeat":"repeat","background-position":"center center","background-size":"auto","background-attachment":"scroll","background-type":"","background-media":"","overlay-type":"","overlay-color":"","overlay-opacity":"","overlay-gradient":""},"tablet":{"background-color":"var(--ast-global-color-5)","background-image":"","background-repeat":"repeat","background-position":"center center","background-size":"auto","background-attachment":"scroll","background-type":"","background-media":"","overlay-type":"","overlay-color":"","overlay-opacity":"","overlay-gradient":""},"mobile":{"background-color":"var(--ast-global-color-5)","background-image":"","background-repeat":"repeat","background-position":"center center","background-size":"auto","background-attachment":"scroll","background-type":"","background-media":"","overlay-type":"","overlay-color":"","overlay-opacity":"","overlay-gradient":""}},"footnotes":""},"class_list":["post-2023","page","type-page","status-publish","hentry"],"_links":{"self":[{"href":"https:\/\/www.uladech.edu.pe\/qu\/wp-json\/wp\/v2\/pages\/2023"}],"collection":[{"href":"https:\/\/www.uladech.edu.pe\/qu\/wp-json\/wp\/v2\/pages"}],"about":[{"href":"https:\/\/www.uladech.edu.pe\/qu\/wp-json\/wp\/v2\/types\/page"}],"author":[{"embeddable":true,"href":"https:\/\/www.uladech.edu.pe\/qu\/wp-json\/wp\/v2\/users\/2"}],"replies":[{"embeddable":true,"href":"https:\/\/www.uladech.edu.pe\/qu\/wp-json\/wp\/v2\/comments?post=2023"}],"version-history":[{"count":17,"href":"https:\/\/www.uladech.edu.pe\/qu\/wp-json\/wp\/v2\/pages\/2023\/revisions"}],"predecessor-version":[{"id":4197,"href":"https:\/\/www.uladech.edu.pe\/qu\/wp-json\/wp\/v2\/pages\/2023\/revisions\/4197"}],"up":[{"embeddable":true,"href":"https:\/\/www.uladech.edu.pe\/qu\/wp-json\/wp\/v2\/pages\/161"}],"wp:attachment":[{"href":"https:\/\/www.uladech.edu.pe\/qu\/wp-json\/wp\/v2\/media?parent=2023"}],"curies":[{"name":"wp","href":"https:\/\/api.w.org\/{rel}","templated":true}]}}