{"id":2055,"date":"2022-09-01T10:28:38","date_gmt":"2022-09-01T15:28:38","guid":{"rendered":"https:\/\/webdev.uladech.edu.pe\/?page_id=2055"},"modified":"2022-10-07T12:04:05","modified_gmt":"2022-10-07T17:04:05","slug":"vicerrectorado-academico","status":"publish","type":"page","link":"https:\/\/www.uladech.edu.pe\/qu\/la-universidad\/autoridades\/vicerrectorado-academico\/","title":{"rendered":"Chanin Yachaq Umalliqpa Rantin"},"content":{"rendered":"\n<figure class=\"wp-block-image aligncenter size-full is-resized\"><img fetchpriority=\"high\" decoding=\"async\" src=\"https:\/\/webdev.uladech.edu.pe\/wp-content\/uploads\/2022\/09\/autoridades-vicerrector-academico.jpg\" alt=\"Vicerrector Acad\u00e9mico\" class=\"wp-image-2059\" width=\"300\" height=\"377\" srcset=\"https:\/\/www.uladech.edu.pe\/qu\/wp-content\/uploads\/2022\/09\/autoridades-vicerrector-academico.jpg 600w, https:\/\/www.uladech.edu.pe\/qu\/wp-content\/uploads\/2022\/09\/autoridades-vicerrector-academico-239x300.jpg 239w\" sizes=\"(max-width: 300px) 100vw, 300px\" \/><figcaption><strong>Dr. Jos\u00e9 Plasencia Latour<\/strong><\/figcaption><\/figure>\n\n\n\n<p class=\"has-text-align-center\"><strong>Chanin Yachaq Umalliqpa Rantin<\/strong><\/p>\n\n\n\n<p>Jos\u00e9 El\u00edas Plasencia Latourqa Tecnolog\u00edas de la Informaci\u00f3n y comunicaciones por la Universidad Nacional de Piuramanta lluqsiq Dukturmi. Facultad de Ingenier\u00edapi Chunkakamayuq yachaysapa kasqa unanchaq karqa, chaynallataq Iskuyla Profesional de Ingenier\u00eda de Sistemas de ULADECH Los \u00c1ngeles de Chimpotepi Diriktornin karqa.<br>Proceso de acreditaci\u00f3n de las carreras de contabilidadpi chaskikuspa llamkaqtaq karqa. Chaynallataq Revista Cient\u00edfica IN CRESCENDO Uniwirsirarninchikpi art\u00edculo cient\u00edficonta ruraspa lliw runakunaman willarqa.<\/p>\n\n\n\n<p><strong>CHIQAP YACHANANKAMA QISPISQAN<\/strong><\/p>\n\n\n\n<p><strong>Pusradu<\/strong><br><strong>2016<\/strong> Doctor en Tecnolog\u00eda de la Informaci\u00f3n y Comunicaciones de la Universidad Nacional de Piura<br><strong>2008<\/strong> Magister en Ingenier\u00eda de Sistemas y Computaci\u00f3n de la Universidad Cat\u00f3lica Los \u00c1ngeles de Chimbote<\/p>\n\n\n\n<p><strong>Yachapakuqpa Tukuynin, Hawan Yachapakuynintaq<br>1997<\/strong> Ingeniero de Computaci\u00f3n y Sistemas de la Universidad Privada Antenor Orrego<\/p>\n\n\n\n<p><strong>QILLQASQAKUNA WILLAKUSPA CHIQICHIY<\/strong><br><\/p>\n\n\n\n<p><strong>Qillqasqa Taksa Taripaykuna<\/strong><br><strong>2017<\/strong> &#8220;Implementaci\u00f3n de un sistema inform\u00e1tico de gesti\u00f3n de la investigaci\u00f3n para institutos de educaci\u00f3n superior p\u00fablicos de la Regi\u00f3n Ancash, Per\u00fa&#8221;<br>VII Congreso internacional de conhecimento e inovacao<br><strong>2016 <\/strong>&#8220;Nivel de gesti\u00f3n del proceso de adquisici\u00f3n e implementaci\u00f3n de las tecnolog\u00edas de la informaci\u00f3n y comunicaci\u00f3n en las instituciones p\u00fablicas del departamento de tumbes en el a\u00f1o 2014&#8221; Vol.3 N\u00b0 01 (enero &#8211; junio 2016, p\u00e1gs. del 41 al 51)<br><strong>2014<\/strong> Nivel de gesti\u00f3n de las tecnolog\u00edas de informaci\u00f3n y comunicaci\u00f3n tic en la municipalidad distrital del Santa, Ancash 2013<br>Vol. 1 n\u00b0. 01, (enero &#8211; junio) p\u00e1gs. del 37 al 46<em>.<\/em><\/p>\n\n\n\n<p><\/p>\n\n\n\n<p><\/p>\n","protected":false},"excerpt":{"rendered":"<p>Chanin Yachaq Umalliqpa Rantin Jos\u00e9 El\u00edas Plasencia Latourqa Tecnolog\u00edas de la Informaci\u00f3n y comunicaciones por la Universidad Nacional de Piuramanta lluqsiq Dukturmi. Facultad de Ingenier\u00edapi Chunkakamayuq yachaysapa kasqa unanchaq karqa, chaynallataq Iskuyla Profesional de Ingenier\u00eda de Sistemas de ULADECH Los \u00c1ngeles de Chimpotepi Diriktornin karqa.Proceso de acreditaci\u00f3n de las carreras de contabilidadpi chaskikuspa llamkaqtaq karqa. [&hellip;]<\/p>\n","protected":false},"author":1,"featured_media":0,"parent":134,"menu_order":1,"comment_status":"closed","ping_status":"closed","template":"","meta":{"site-sidebar-layout":"default","site-content-layout":"","ast-site-content-layout":"","site-content-style":"default","site-sidebar-style":"default","ast-global-header-display":"","ast-banner-title-visibility":"","ast-main-header-display":"","ast-hfb-above-header-display":"","ast-hfb-below-header-display":"","ast-hfb-mobile-header-display":"","site-post-title":"","ast-breadcrumbs-content":"","ast-featured-img":"","footer-sml-layout":"","theme-transparent-header-meta":"","adv-header-id-meta":"","stick-header-meta":"","header-above-stick-meta":"","header-main-stick-meta":"","header-below-stick-meta":"","astra-migrate-meta-layouts":"default","ast-page-background-enabled":"default","ast-page-background-meta":{"desktop":{"background-color":"var(--ast-global-color-4)","background-image":"","background-repeat":"repeat","background-position":"center center","background-size":"auto","background-attachment":"scroll","background-type":"","background-media":"","overlay-type":"","overlay-color":"","overlay-opacity":"","overlay-gradient":""},"tablet":{"background-color":"","background-image":"","background-repeat":"repeat","background-position":"center center","background-size":"auto","background-attachment":"scroll","background-type":"","background-media":"","overlay-type":"","overlay-color":"","overlay-opacity":"","overlay-gradient":""},"mobile":{"background-color":"","background-image":"","background-repeat":"repeat","background-position":"center center","background-size":"auto","background-attachment":"scroll","background-type":"","background-media":"","overlay-type":"","overlay-color":"","overlay-opacity":"","overlay-gradient":""}},"ast-content-background-meta":{"desktop":{"background-color":"var(--ast-global-color-5)","background-image":"","background-repeat":"repeat","background-position":"center center","background-size":"auto","background-attachment":"scroll","background-type":"","background-media":"","overlay-type":"","overlay-color":"","overlay-opacity":"","overlay-gradient":""},"tablet":{"background-color":"var(--ast-global-color-5)","background-image":"","background-repeat":"repeat","background-position":"center center","background-size":"auto","background-attachment":"scroll","background-type":"","background-media":"","overlay-type":"","overlay-color":"","overlay-opacity":"","overlay-gradient":""},"mobile":{"background-color":"var(--ast-global-color-5)","background-image":"","background-repeat":"repeat","background-position":"center center","background-size":"auto","background-attachment":"scroll","background-type":"","background-media":"","overlay-type":"","overlay-color":"","overlay-opacity":"","overlay-gradient":""}},"footnotes":""},"class_list":["post-2055","page","type-page","status-publish","hentry"],"_links":{"self":[{"href":"https:\/\/www.uladech.edu.pe\/qu\/wp-json\/wp\/v2\/pages\/2055"}],"collection":[{"href":"https:\/\/www.uladech.edu.pe\/qu\/wp-json\/wp\/v2\/pages"}],"about":[{"href":"https:\/\/www.uladech.edu.pe\/qu\/wp-json\/wp\/v2\/types\/page"}],"author":[{"embeddable":true,"href":"https:\/\/www.uladech.edu.pe\/qu\/wp-json\/wp\/v2\/users\/1"}],"replies":[{"embeddable":true,"href":"https:\/\/www.uladech.edu.pe\/qu\/wp-json\/wp\/v2\/comments?post=2055"}],"version-history":[{"count":15,"href":"https:\/\/www.uladech.edu.pe\/qu\/wp-json\/wp\/v2\/pages\/2055\/revisions"}],"predecessor-version":[{"id":4270,"href":"https:\/\/www.uladech.edu.pe\/qu\/wp-json\/wp\/v2\/pages\/2055\/revisions\/4270"}],"up":[{"embeddable":true,"href":"https:\/\/www.uladech.edu.pe\/qu\/wp-json\/wp\/v2\/pages\/134"}],"wp:attachment":[{"href":"https:\/\/www.uladech.edu.pe\/qu\/wp-json\/wp\/v2\/media?parent=2055"}],"curies":[{"name":"wp","href":"https:\/\/api.w.org\/{rel}","templated":true}]}}