{"id":2078,"date":"2022-09-01T11:01:25","date_gmt":"2022-09-01T16:01:25","guid":{"rendered":"https:\/\/webdev.uladech.edu.pe\/?page_id=2078"},"modified":"2022-10-07T12:16:53","modified_gmt":"2022-10-07T17:16:53","slug":"vicerrectorado-de-investigacion","status":"publish","type":"page","link":"https:\/\/www.uladech.edu.pe\/qu\/la-universidad\/autoridades\/vicerrectorado-de-investigacion\/","title":{"rendered":"Chiqap Taripaq Umalliqpa Rantin"},"content":{"rendered":"\n<figure class=\"wp-block-image aligncenter size-full is-resized\"><img fetchpriority=\"high\" decoding=\"async\" src=\"https:\/\/webdev.uladech.edu.pe\/wp-content\/uploads\/2022\/08\/autoridades-vicerrector-investigacion.jpg\" alt=\"Vicerrector de Investigaci\u00f3n ULADECH Cat\u00f3lica\" class=\"wp-image-795\" width=\"300\" height=\"377\" srcset=\"https:\/\/www.uladech.edu.pe\/qu\/wp-content\/uploads\/2022\/08\/autoridades-vicerrector-investigacion.jpg 600w, https:\/\/www.uladech.edu.pe\/qu\/wp-content\/uploads\/2022\/08\/autoridades-vicerrector-investigacion-239x300.jpg 239w\" sizes=\"(max-width: 300px) 100vw, 300px\" \/><figcaption><strong>Dr. Fernado Rubio Cabrera<\/strong><\/figcaption><\/figure>\n\n\n\n<p class=\"has-text-align-center\"><strong>Chiqap Taripaq Umalliqpa Rantin<\/strong><\/p>\n\n\n\n<p>Wilberto Fernando Rubio Cabreram kunan Chiqap taripaq umalliqpa rantin kachkan. Payqa Gesti\u00f3n y Ciencias de la Educaci\u00f3n por la Universidad Privada San Pedropim duktur kananpaq chaskikurqa. Paqyqa karqa Facultad de Ciencias Contables, Financieras y Administrativas, y director de la Escuela Profesional de Administraci\u00f3n de la Universidad Cat\u00f3lica Los \u00c1ngeles de Chimbote yachaysapa kaspa unanchaq karqa.<br>Particip\u00f3 en el proceso de acreditaci\u00f3n de las carreras profesionales de Contabilidad.<\/p>\n\n\n\n<p><strong>FORMACI\u00d3N ACAD\u00c9MICA<br><\/strong><\/p>\n\n\n\n<p><strong>Pusradu<\/strong><br><strong>2007<\/strong> Doctor en Gesti\u00f3n y Ciencias de la Educaci\u00f3n de la Universidad Privada San Pedro<br><strong>2007 <\/strong>Magister en Administraci\u00f3n de la Universidad Cat\u00f3lica Los \u00c1ngeles de Chimbote<\/p>\n\n\n\n<p><strong>Grado y Licenciatura<\/strong><br><strong>1975 <\/strong>Licenciado en Administraci\u00f3n de Empresas de la Universidad Nacional de Trujillo<br><strong>1983<\/strong> Contador P\u00fablico de la Universidad Nacional de Trujillo<\/p>\n","protected":false},"excerpt":{"rendered":"<p>Chiqap Taripaq Umalliqpa Rantin Wilberto Fernando Rubio Cabreram kunan Chiqap taripaq umalliqpa rantin kachkan. Payqa Gesti\u00f3n y Ciencias de la Educaci\u00f3n por la Universidad Privada San Pedropim duktur kananpaq chaskikurqa. Paqyqa karqa Facultad de Ciencias Contables, Financieras y Administrativas, y director de la Escuela Profesional de Administraci\u00f3n de la Universidad Cat\u00f3lica Los \u00c1ngeles de Chimbote [&hellip;]<\/p>\n","protected":false},"author":1,"featured_media":0,"parent":134,"menu_order":2,"comment_status":"closed","ping_status":"closed","template":"","meta":{"site-sidebar-layout":"default","site-content-layout":"","ast-site-content-layout":"","site-content-style":"default","site-sidebar-style":"default","ast-global-header-display":"","ast-banner-title-visibility":"","ast-main-header-display":"","ast-hfb-above-header-display":"","ast-hfb-below-header-display":"","ast-hfb-mobile-header-display":"","site-post-title":"","ast-breadcrumbs-content":"","ast-featured-img":"","footer-sml-layout":"","theme-transparent-header-meta":"","adv-header-id-meta":"","stick-header-meta":"","header-above-stick-meta":"","header-main-stick-meta":"","header-below-stick-meta":"","astra-migrate-meta-layouts":"default","ast-page-background-enabled":"default","ast-page-background-meta":{"desktop":{"background-color":"var(--ast-global-color-4)","background-image":"","background-repeat":"repeat","background-position":"center center","background-size":"auto","background-attachment":"scroll","background-type":"","background-media":"","overlay-type":"","overlay-color":"","overlay-opacity":"","overlay-gradient":""},"tablet":{"background-color":"","background-image":"","background-repeat":"repeat","background-position":"center center","background-size":"auto","background-attachment":"scroll","background-type":"","background-media":"","overlay-type":"","overlay-color":"","overlay-opacity":"","overlay-gradient":""},"mobile":{"background-color":"","background-image":"","background-repeat":"repeat","background-position":"center center","background-size":"auto","background-attachment":"scroll","background-type":"","background-media":"","overlay-type":"","overlay-color":"","overlay-opacity":"","overlay-gradient":""}},"ast-content-background-meta":{"desktop":{"background-color":"var(--ast-global-color-5)","background-image":"","background-repeat":"repeat","background-position":"center center","background-size":"auto","background-attachment":"scroll","background-type":"","background-media":"","overlay-type":"","overlay-color":"","overlay-opacity":"","overlay-gradient":""},"tablet":{"background-color":"var(--ast-global-color-5)","background-image":"","background-repeat":"repeat","background-position":"center center","background-size":"auto","background-attachment":"scroll","background-type":"","background-media":"","overlay-type":"","overlay-color":"","overlay-opacity":"","overlay-gradient":""},"mobile":{"background-color":"var(--ast-global-color-5)","background-image":"","background-repeat":"repeat","background-position":"center center","background-size":"auto","background-attachment":"scroll","background-type":"","background-media":"","overlay-type":"","overlay-color":"","overlay-opacity":"","overlay-gradient":""}},"footnotes":""},"class_list":["post-2078","page","type-page","status-publish","hentry"],"_links":{"self":[{"href":"https:\/\/www.uladech.edu.pe\/qu\/wp-json\/wp\/v2\/pages\/2078"}],"collection":[{"href":"https:\/\/www.uladech.edu.pe\/qu\/wp-json\/wp\/v2\/pages"}],"about":[{"href":"https:\/\/www.uladech.edu.pe\/qu\/wp-json\/wp\/v2\/types\/page"}],"author":[{"embeddable":true,"href":"https:\/\/www.uladech.edu.pe\/qu\/wp-json\/wp\/v2\/users\/1"}],"replies":[{"embeddable":true,"href":"https:\/\/www.uladech.edu.pe\/qu\/wp-json\/wp\/v2\/comments?post=2078"}],"version-history":[{"count":5,"href":"https:\/\/www.uladech.edu.pe\/qu\/wp-json\/wp\/v2\/pages\/2078\/revisions"}],"predecessor-version":[{"id":4275,"href":"https:\/\/www.uladech.edu.pe\/qu\/wp-json\/wp\/v2\/pages\/2078\/revisions\/4275"}],"up":[{"embeddable":true,"href":"https:\/\/www.uladech.edu.pe\/qu\/wp-json\/wp\/v2\/pages\/134"}],"wp:attachment":[{"href":"https:\/\/www.uladech.edu.pe\/qu\/wp-json\/wp\/v2\/media?parent=2078"}],"curies":[{"name":"wp","href":"https:\/\/api.w.org\/{rel}","templated":true}]}}