{"id":2287,"date":"2022-09-02T13:06:24","date_gmt":"2022-09-02T18:06:24","guid":{"rendered":"https:\/\/webdev.uladech.edu.pe\/?page_id=2287"},"modified":"2022-09-07T16:34:54","modified_gmt":"2022-09-07T21:34:54","slug":"comunicados-institucionales","status":"publish","type":"page","link":"https:\/\/www.uladech.edu.pe\/qu\/comunicados\/comunicados-institucionales\/","title":{"rendered":"Comunicados Institucionales"},"content":{"rendered":"\t\t<div data-elementor-type=\"wp-page\" data-elementor-id=\"2287\" class=\"elementor elementor-2287\" data-elementor-post-type=\"page\">\n\t\t\t\t\t\t<section class=\"elementor-section elementor-top-section elementor-element elementor-element-29bd3fa elementor-section-boxed elementor-section-height-default elementor-section-height-default\" data-id=\"29bd3fa\" data-element_type=\"section\">\n\t\t\t\t\t\t<div class=\"elementor-container elementor-column-gap-default\">\n\t\t\t\t\t<div class=\"elementor-column elementor-col-100 elementor-top-column elementor-element elementor-element-43c7814\" data-id=\"43c7814\" data-element_type=\"column\">\n\t\t\t<div class=\"elementor-widget-wrap elementor-element-populated\">\n\t\t\t\t\t\t<div class=\"elementor-element elementor-element-398f3d5 elementor-widget elementor-widget-heading\" data-id=\"398f3d5\" data-element_type=\"widget\" data-widget_type=\"heading.default\">\n\t\t\t\t<div class=\"elementor-widget-container\">\n\t\t\t<style>\/*! elementor - v3.23.0 - 05-08-2024 *\/\n.elementor-heading-title{padding:0;margin:0;line-height:1}.elementor-widget-heading .elementor-heading-title[class*=elementor-size-]>a{color:inherit;font-size:inherit;line-height:inherit}.elementor-widget-heading .elementor-heading-title.elementor-size-small{font-size:15px}.elementor-widget-heading .elementor-heading-title.elementor-size-medium{font-size:19px}.elementor-widget-heading .elementor-heading-title.elementor-size-large{font-size:29px}.elementor-widget-heading .elementor-heading-title.elementor-size-xl{font-size:39px}.elementor-widget-heading .elementor-heading-title.elementor-size-xxl{font-size:59px}<\/style><h2 class=\"elementor-heading-title elementor-size-default\">Comunicados Institucionales<\/h2>\t\t<\/div>\n\t\t\t\t<\/div>\n\t\t\t\t<div class=\"elementor-element elementor-element-ac1751f elementor-grid-1 elementor-posts--thumbnail-left elementor-grid-tablet-2 elementor-grid-mobile-1 elementor-widget elementor-widget-posts\" data-id=\"ac1751f\" data-element_type=\"widget\" data-settings=\"{&quot;classic_columns&quot;:&quot;1&quot;,&quot;pagination_type&quot;:&quot;numbers_and_prev_next&quot;,&quot;classic_columns_tablet&quot;:&quot;2&quot;,&quot;classic_columns_mobile&quot;:&quot;1&quot;,&quot;classic_row_gap&quot;:{&quot;unit&quot;:&quot;px&quot;,&quot;size&quot;:35,&quot;sizes&quot;:[]},&quot;classic_row_gap_tablet&quot;:{&quot;unit&quot;:&quot;px&quot;,&quot;size&quot;:&quot;&quot;,&quot;sizes&quot;:[]},&quot;classic_row_gap_mobile&quot;:{&quot;unit&quot;:&quot;px&quot;,&quot;size&quot;:&quot;&quot;,&quot;sizes&quot;:[]}}\" data-widget_type=\"posts.classic\">\n\t\t\t\t<div class=\"elementor-widget-container\">\n\t\t\t<link rel=\"stylesheet\" href=\"https:\/\/www.uladech.edu.pe\/qu\/wp-content\/plugins\/elementor-pro\/assets\/css\/widget-posts.min.css?ver=1723247772\">\t\t<div class=\"elementor-posts-container elementor-posts elementor-posts--skin-classic elementor-grid\">\n\t\t\t\t<article class=\"elementor-post elementor-grid-item post-4667 post type-post status-publish format-standard has-post-thumbnail hentry category-institucional\">\n\t\t\t\t<a class=\"elementor-post__thumbnail__link\" href=\"https:\/\/www.uladech.edu.pe\/qu\/willakuy-007-2022-uladech-catolica\/\" tabindex=\"-1\" >\n\t\t\t<div class=\"elementor-post__thumbnail\"><img fetchpriority=\"high\" decoding=\"async\" width=\"768\" height=\"316\" src=\"https:\/\/www.uladech.edu.pe\/qu\/wp-content\/uploads\/2022\/11\/Comunicado-007-2022-Uladech-Catolica-768x316.jpg\" class=\"attachment-medium_large size-medium_large wp-image-4668\" alt=\"Comunicado 007 - 2022 Uladech Cat\u00f3lica\" srcset=\"https:\/\/www.uladech.edu.pe\/qu\/wp-content\/uploads\/2022\/11\/Comunicado-007-2022-Uladech-Catolica-768x316.jpg 768w, https:\/\/www.uladech.edu.pe\/qu\/wp-content\/uploads\/2022\/11\/Comunicado-007-2022-Uladech-Catolica-300x124.jpg 300w, https:\/\/www.uladech.edu.pe\/qu\/wp-content\/uploads\/2022\/11\/Comunicado-007-2022-Uladech-Catolica.jpg 850w\" sizes=\"(max-width: 768px) 100vw, 768px\" \/><\/div>\n\t\t<\/a>\n\t\t\t\t<div class=\"elementor-post__text\">\n\t\t\t\t<h3 class=\"elementor-post__title\">\n\t\t\t<a href=\"https:\/\/www.uladech.edu.pe\/qu\/willakuy-007-2022-uladech-catolica\/\" >\n\t\t\t\tWillakuy 007-2022 &#8211; ULADECH Cat\u00f3lica\t\t\t<\/a>\n\t\t<\/h3>\n\t\t\t\t<div class=\"elementor-post__meta-data\">\n\t\t\t\t\t<span class=\"elementor-post-date\">\n\t\t\t30 de noviembre de 2022\t\t<\/span>\n\t\t\t\t<\/div>\n\t\t\t\t<div class=\"elementor-post__excerpt\">\n\t\t\t<p>SUNEDUm huk punchawkama UDALECH Cat\u00f3licapa kawsayninta churan. Llapan alumnukunaman chaynallataq lliwchan runamanpas kay Superintendencia Nacional de Educaci\u00f3n Superior Universitaria (SUNEDU) nisqanmi, UDALECHpa ma\u00f1akusqanta ar\u00ed nispan huk punchawkunakama kawsananpaq qun. Direcci\u00f3n de Supervisi\u00f3n de la SUNEDUqa anri nisqantam OFICIO N\u00b03663-2022-SUNEDU-02-13wan ULADECHman apachin chay chanichasqa papilwan yachaykuna yanapaspa, 12 (chunka iskayniyuq) punchaw, julyu killa, 2025 (iskay waranqa<\/p>\n\t\t<\/div>\n\t\t\n\t\t<a class=\"elementor-post__read-more\" href=\"https:\/\/www.uladech.edu.pe\/qu\/willakuy-007-2022-uladech-catolica\/\" aria-label=\"Read more about Willakuy 007-2022 &#8211; ULADECH Cat\u00f3lica\" tabindex=\"-1\" >\n\t\t\tLeer m\u00e1s \u00bb\t\t<\/a>\n\n\t\t\t\t<\/div>\n\t\t\t\t<\/article>\n\t\t\t\t<article class=\"elementor-post elementor-grid-item post-2761 post type-post status-publish format-standard has-post-thumbnail hentry category-institucional\">\n\t\t\t\t<a class=\"elementor-post__thumbnail__link\" href=\"https:\/\/www.uladech.edu.pe\/qu\/comunicado-006-2022-uladech-catolica\/\" tabindex=\"-1\" >\n\t\t\t<div class=\"elementor-post__thumbnail\"><img decoding=\"async\" width=\"768\" height=\"316\" src=\"https:\/\/www.uladech.edu.pe\/qu\/wp-content\/uploads\/2022\/08\/Comunicado-006-2022-Uladech-Catolica-768x316.jpg\" class=\"attachment-medium_large size-medium_large wp-image-4671\" alt=\"Comunicado 006 - 2022 Uladech Cat\u00f3lica\" srcset=\"https:\/\/www.uladech.edu.pe\/qu\/wp-content\/uploads\/2022\/08\/Comunicado-006-2022-Uladech-Catolica-768x316.jpg 768w, https:\/\/www.uladech.edu.pe\/qu\/wp-content\/uploads\/2022\/08\/Comunicado-006-2022-Uladech-Catolica-300x124.jpg 300w, https:\/\/www.uladech.edu.pe\/qu\/wp-content\/uploads\/2022\/08\/Comunicado-006-2022-Uladech-Catolica.jpg 850w\" sizes=\"(max-width: 768px) 100vw, 768px\" \/><\/div>\n\t\t<\/a>\n\t\t\t\t<div class=\"elementor-post__text\">\n\t\t\t\t<h3 class=\"elementor-post__title\">\n\t\t\t<a href=\"https:\/\/www.uladech.edu.pe\/qu\/comunicado-006-2022-uladech-catolica\/\" >\n\t\t\t\tWillakuy 006-2022 &#8211;  ULADECH Cat\u00f3lica\t\t\t<\/a>\n\t\t<\/h3>\n\t\t\t\t<div class=\"elementor-post__meta-data\">\n\t\t\t\t\t<span class=\"elementor-post-date\">\n\t\t\t25 de agosto de 2022\t\t<\/span>\n\t\t\t\t<\/div>\n\t\t\t\t<div class=\"elementor-post__excerpt\">\n\t\t\t<p>Universidad Cat\u00f3lica Los \u00c1ngeles de Chimbote nisqankuqa alli allin yachaykunata as qullqillawan yachapakunanpaq paqarirqa. Chayraykum alumnukuna, llapa kumun runakunaqa&nbsp; yachay maskayta taripaspanku kunankama anchata riqsikunku. Allin i\u00f1iyniyuq kaspam Uniwirsirar kallpanchaspa rurasqanta, 4 punchaw, agustu killa, 2022 watapi, Oficio N\u00b0095-2022-R-24wan ULADECH kawsayta munaspan SUNEDUman qipa punchawkama allin takyachiyta munaspa suyananpaq ma\u00f1akurqa. Chaymi SUNEDUqa qilqasqa RTD No<\/p>\n\t\t<\/div>\n\t\t\n\t\t<a class=\"elementor-post__read-more\" href=\"https:\/\/www.uladech.edu.pe\/qu\/comunicado-006-2022-uladech-catolica\/\" aria-label=\"Read more about Willakuy 006-2022 &#8211;  ULADECH Cat\u00f3lica\" tabindex=\"-1\" >\n\t\t\tLeer m\u00e1s \u00bb\t\t<\/a>\n\n\t\t\t\t<\/div>\n\t\t\t\t<\/article>\n\t\t\t\t<article class=\"elementor-post elementor-grid-item post-2754 post type-post status-publish format-standard has-post-thumbnail hentry category-institucional\">\n\t\t\t\t<a class=\"elementor-post__thumbnail__link\" href=\"https:\/\/www.uladech.edu.pe\/qu\/comunicado-005-2022-uladech-catolica\/\" tabindex=\"-1\" >\n\t\t\t<div class=\"elementor-post__thumbnail\"><img decoding=\"async\" width=\"768\" height=\"311\" src=\"https:\/\/www.uladech.edu.pe\/qu\/wp-content\/uploads\/2022\/05\/Comunicado-005-2022-Uladech-Catolica-768x311.jpg\" class=\"attachment-medium_large size-medium_large wp-image-4663\" alt=\"Comunicado 005 - 2022 Uladech Cat\u00f3lica\" srcset=\"https:\/\/www.uladech.edu.pe\/qu\/wp-content\/uploads\/2022\/05\/Comunicado-005-2022-Uladech-Catolica-768x311.jpg 768w, https:\/\/www.uladech.edu.pe\/qu\/wp-content\/uploads\/2022\/05\/Comunicado-005-2022-Uladech-Catolica-300x121.jpg 300w, https:\/\/www.uladech.edu.pe\/qu\/wp-content\/uploads\/2022\/05\/Comunicado-005-2022-Uladech-Catolica.jpg 840w\" sizes=\"(max-width: 768px) 100vw, 768px\" \/><\/div>\n\t\t<\/a>\n\t\t\t\t<div class=\"elementor-post__text\">\n\t\t\t\t<h3 class=\"elementor-post__title\">\n\t\t\t<a href=\"https:\/\/www.uladech.edu.pe\/qu\/comunicado-005-2022-uladech-catolica\/\" >\n\t\t\t\tWillakuy 005-2022 &#8211;  ULADECH Cat\u00f3lica\t\t\t<\/a>\n\t\t<\/h3>\n\t\t\t\t<div class=\"elementor-post__meta-data\">\n\t\t\t\t\t<span class=\"elementor-post-date\">\n\t\t\t23 de mayo de 2022\t\t<\/span>\n\t\t\t\t<\/div>\n\t\t\t\t<div class=\"elementor-post__excerpt\">\n\t\t\t<p>Alumnukuna, lliw kumun runakunam kay willakuyta yachananku, Oficio N\u00b0 00 0194-2022-SG-ULADECH Cat\u00f3licawanmi uniwirsirarninchik SUNIDUta hulyu killa, 2025 (iskay waranqa iskay chunka pichqayuq) watakama kawsayninchik wi\u00f1ananpaq ma\u00f1akun. Chaypaqmi kimsa simanakama imam chay qillqasqakuna rurasqata, alumnukuna yachapakuyta tukunankama SUNEDUman chayachina kanqa. Graduaci\u00f3n y titulaci\u00f3n nisqanqa alumnukuna iskay wata (2025-2027) puchupasqakama haypanqa. Chaynatam SUNEDUpa kamachikuyninpi nichkan. Uniwirsirarninchikqa allin<\/p>\n\t\t<\/div>\n\t\t\n\t\t<a class=\"elementor-post__read-more\" href=\"https:\/\/www.uladech.edu.pe\/qu\/comunicado-005-2022-uladech-catolica\/\" aria-label=\"Read more about Willakuy 005-2022 &#8211;  ULADECH Cat\u00f3lica\" tabindex=\"-1\" >\n\t\t\tLeer m\u00e1s \u00bb\t\t<\/a>\n\n\t\t\t\t<\/div>\n\t\t\t\t<\/article>\n\t\t\t\t<article class=\"elementor-post elementor-grid-item post-2747 post type-post status-publish format-standard has-post-thumbnail hentry category-institucional\">\n\t\t\t\t<a class=\"elementor-post__thumbnail__link\" href=\"https:\/\/www.uladech.edu.pe\/qu\/comunicado-004-2022-uladech-catolica\/\" tabindex=\"-1\" >\n\t\t\t<div class=\"elementor-post__thumbnail\"><img loading=\"lazy\" decoding=\"async\" width=\"768\" height=\"316\" src=\"https:\/\/www.uladech.edu.pe\/qu\/wp-content\/uploads\/2022\/02\/Comunicado-004-2022-Uladech-Catolica-768x316.jpg\" class=\"attachment-medium_large size-medium_large wp-image-4658\" alt=\"Comunicado 004 - 2022 Uladech Cat\u00f3lica\" srcset=\"https:\/\/www.uladech.edu.pe\/qu\/wp-content\/uploads\/2022\/02\/Comunicado-004-2022-Uladech-Catolica-768x316.jpg 768w, https:\/\/www.uladech.edu.pe\/qu\/wp-content\/uploads\/2022\/02\/Comunicado-004-2022-Uladech-Catolica-300x124.jpg 300w, https:\/\/www.uladech.edu.pe\/qu\/wp-content\/uploads\/2022\/02\/Comunicado-004-2022-Uladech-Catolica.jpg 850w\" sizes=\"(max-width: 768px) 100vw, 768px\" \/><\/div>\n\t\t<\/a>\n\t\t\t\t<div class=\"elementor-post__text\">\n\t\t\t\t<h3 class=\"elementor-post__title\">\n\t\t\t<a href=\"https:\/\/www.uladech.edu.pe\/qu\/comunicado-004-2022-uladech-catolica\/\" >\n\t\t\t\tWillakuy 004-2022 &#8211;  ULADECH Cat\u00f3lica\t\t\t<\/a>\n\t\t<\/h3>\n\t\t\t\t<div class=\"elementor-post__meta-data\">\n\t\t\t\t\t<span class=\"elementor-post-date\">\n\t\t\t9 de febrero de 2022\t\t<\/span>\n\t\t\t\t<\/div>\n\t\t\t\t<div class=\"elementor-post__excerpt\">\n\t\t\t<p>SUNEDUs\u00a0 portal webninpi ULADECH Cat\u00f3licamanta pantasqa willakuyta waqyachkan, \u201cactivos\u201d nisqanta mana allintachu apan nispas. Chaymi, Uniwirsirarninchikqa chiqapta willakun:\u00a0 Chimbote, 09 de febrero de 2022 Relaciones p\u00fablicas nisqan, yanapakuynin, willakuynin hukllawaq.<\/p>\n\t\t<\/div>\n\t\t\n\t\t<a class=\"elementor-post__read-more\" href=\"https:\/\/www.uladech.edu.pe\/qu\/comunicado-004-2022-uladech-catolica\/\" aria-label=\"Read more about Willakuy 004-2022 &#8211;  ULADECH Cat\u00f3lica\" tabindex=\"-1\" >\n\t\t\tLeer m\u00e1s \u00bb\t\t<\/a>\n\n\t\t\t\t<\/div>\n\t\t\t\t<\/article>\n\t\t\t\t<article class=\"elementor-post elementor-grid-item post-2741 post type-post status-publish format-standard has-post-thumbnail hentry category-institucional\">\n\t\t\t\t<a class=\"elementor-post__thumbnail__link\" href=\"https:\/\/www.uladech.edu.pe\/qu\/comunicado-003-2021-uladech-catolica\/\" tabindex=\"-1\" >\n\t\t\t<div class=\"elementor-post__thumbnail\"><img loading=\"lazy\" decoding=\"async\" width=\"768\" height=\"316\" src=\"https:\/\/www.uladech.edu.pe\/qu\/wp-content\/uploads\/2022\/01\/Comunicado-003-2021-768x316.jpg\" class=\"attachment-medium_large size-medium_large wp-image-4654\" alt=\"Comunicado 003-2021\" srcset=\"https:\/\/www.uladech.edu.pe\/qu\/wp-content\/uploads\/2022\/01\/Comunicado-003-2021-768x316.jpg 768w, https:\/\/www.uladech.edu.pe\/qu\/wp-content\/uploads\/2022\/01\/Comunicado-003-2021-300x124.jpg 300w, https:\/\/www.uladech.edu.pe\/qu\/wp-content\/uploads\/2022\/01\/Comunicado-003-2021.jpg 850w\" sizes=\"(max-width: 768px) 100vw, 768px\" \/><\/div>\n\t\t<\/a>\n\t\t\t\t<div class=\"elementor-post__text\">\n\t\t\t\t<h3 class=\"elementor-post__title\">\n\t\t\t<a href=\"https:\/\/www.uladech.edu.pe\/qu\/comunicado-003-2021-uladech-catolica\/\" >\n\t\t\t\tComunicado 003-2021 &#8211;  ULADECH Cat\u00f3lica\t\t\t<\/a>\n\t\t<\/h3>\n\t\t\t\t<div class=\"elementor-post__meta-data\">\n\t\t\t\t\t<span class=\"elementor-post-date\">\n\t\t\t27 de enero de 2022\t\t<\/span>\n\t\t\t\t<\/div>\n\t\t\t\t<div class=\"elementor-post__excerpt\">\n\t\t\t<p>Se hace de conocimiento a nuestros estudiantes y p\u00fablico en general que hemos recibido de la SUNEDU los resultados de la supervisi\u00f3n sobre&nbsp; las obligaciones establecidas en el Reglamento del Proceso de Cese de Actividades de Universidades y Escuelas de Posgrado y nos informan que nuestra Universidad cumple con las obligaciones reguladas en dicho reglamento<\/p>\n\t\t<\/div>\n\t\t\n\t\t<a class=\"elementor-post__read-more\" href=\"https:\/\/www.uladech.edu.pe\/qu\/comunicado-003-2021-uladech-catolica\/\" aria-label=\"Read more about Comunicado 003-2021 &#8211;  ULADECH Cat\u00f3lica\" tabindex=\"-1\" >\n\t\t\tLeer m\u00e1s \u00bb\t\t<\/a>\n\n\t\t\t\t<\/div>\n\t\t\t\t<\/article>\n\t\t\t\t<article class=\"elementor-post elementor-grid-item post-2732 post type-post status-publish format-standard has-post-thumbnail hentry category-institucional\">\n\t\t\t\t<a class=\"elementor-post__thumbnail__link\" href=\"https:\/\/www.uladech.edu.pe\/qu\/comunicado-002-2022-uladech-catolica\/\" tabindex=\"-1\" >\n\t\t\t<div class=\"elementor-post__thumbnail\"><img loading=\"lazy\" decoding=\"async\" width=\"768\" height=\"316\" src=\"https:\/\/www.uladech.edu.pe\/qu\/wp-content\/uploads\/2021\/02\/Comunicado-002-2021-768x316.jpg\" class=\"attachment-medium_large size-medium_large wp-image-4648\" alt=\"Comunicado 002-2021\" srcset=\"https:\/\/www.uladech.edu.pe\/qu\/wp-content\/uploads\/2021\/02\/Comunicado-002-2021-768x316.jpg 768w, https:\/\/www.uladech.edu.pe\/qu\/wp-content\/uploads\/2021\/02\/Comunicado-002-2021-300x124.jpg 300w, https:\/\/www.uladech.edu.pe\/qu\/wp-content\/uploads\/2021\/02\/Comunicado-002-2021.jpg 850w\" sizes=\"(max-width: 768px) 100vw, 768px\" \/><\/div>\n\t\t<\/a>\n\t\t\t\t<div class=\"elementor-post__text\">\n\t\t\t\t<h3 class=\"elementor-post__title\">\n\t\t\t<a href=\"https:\/\/www.uladech.edu.pe\/qu\/comunicado-002-2022-uladech-catolica\/\" >\n\t\t\t\tWillakuy 002-2021 &#8211;  ULADECH Cat\u00f3lica\t\t\t<\/a>\n\t\t<\/h3>\n\t\t\t\t<div class=\"elementor-post__meta-data\">\n\t\t\t\t\t<span class=\"elementor-post-date\">\n\t\t\t24 de enero de 2022\t\t<\/span>\n\t\t\t\t<\/div>\n\t\t\t\t<div class=\"elementor-post__excerpt\">\n\t\t\t<p>Chiqniq kuchillu simikuna Uniwirsirarninchikmanta rimasqankumantam, ama wi\u00f1aypaq supay llulla qallu kanankupaq&nbsp; sarutasunchik. Chayna kay qapaq yachay wasinchik sumaqta wi\u00f1ananpaq.DManam chay yachachiqpa nina qalluwan rimasaqanta kasunachu. Kay mana alliq yachachiqmi tukuy hinstinpi llullakuspa rimapakusqa, chaymi kay Uniwirsirarpi musuq kamachikuqkunaqa mana chiqapchankuchu. Kunan ruraykunapiqa lliw uniwirsirarpa kumunirar ukupi kaqkunam unanchaspa chuyanchana, chaynallataq allin chuyanchasqa llamkayta ruraspa licenciamiento<\/p>\n\t\t<\/div>\n\t\t\n\t\t<a class=\"elementor-post__read-more\" href=\"https:\/\/www.uladech.edu.pe\/qu\/comunicado-002-2022-uladech-catolica\/\" aria-label=\"Read more about Willakuy 002-2021 &#8211;  ULADECH Cat\u00f3lica\" tabindex=\"-1\" >\n\t\t\tLeer m\u00e1s \u00bb\t\t<\/a>\n\n\t\t\t\t<\/div>\n\t\t\t\t<\/article>\n\t\t\t\t<\/div>\n\t\t\n\t\t\t\t<div class=\"e-load-more-anchor\" data-page=\"1\" data-max-page=\"4\" data-next-page=\"https:\/\/www.uladech.edu.pe\/qu\/wp-json\/wp\/v2\/pages\/2287\/page\/2\/\"><\/div>\n\t\t\t\t<nav class=\"elementor-pagination\" aria-label=\"Pagination\">\n\t\t\t<span class=\"page-numbers prev\">&laquo; Anterior<\/span>\n<span aria-current=\"page\" class=\"page-numbers current\"><span class=\"elementor-screen-only\">Page<\/span>1<\/span>\n<a class=\"page-numbers\" href=\"https:\/\/www.uladech.edu.pe\/qu\/wp-json\/wp\/v2\/pages\/2287\/page\/2\/\"><span class=\"elementor-screen-only\">Page<\/span>2<\/a>\n<a class=\"page-numbers\" href=\"https:\/\/www.uladech.edu.pe\/qu\/wp-json\/wp\/v2\/pages\/2287\/page\/3\/\"><span class=\"elementor-screen-only\">Page<\/span>3<\/a>\n<a class=\"page-numbers\" href=\"https:\/\/www.uladech.edu.pe\/qu\/wp-json\/wp\/v2\/pages\/2287\/page\/4\/\"><span class=\"elementor-screen-only\">Page<\/span>4<\/a>\n<a class=\"page-numbers next\" href=\"https:\/\/www.uladech.edu.pe\/qu\/wp-json\/wp\/v2\/pages\/2287\/page\/2\/\">Siguiente &raquo;<\/a>\t\t<\/nav>\n\t\t\t\t<\/div>\n\t\t\t\t<\/div>\n\t\t\t\t\t<\/div>\n\t\t<\/div>\n\t\t\t\t\t<\/div>\n\t\t<\/section>\n\t\t\t\t<\/div>\n\t\t","protected":false},"excerpt":{"rendered":"<p>Comunicados Institucionales<\/p>\n","protected":false},"author":1,"featured_media":0,"parent":2320,"menu_order":0,"comment_status":"closed","ping_status":"closed","template":"","meta":{"site-sidebar-layout":"no-sidebar","site-content-layout":"page-builder","ast-site-content-layout":"","site-content-style":"default","site-sidebar-style":"default","ast-global-header-display":"","ast-banner-title-visibility":"","ast-main-header-display":"","ast-hfb-above-header-display":"","ast-hfb-below-header-display":"","ast-hfb-mobile-header-display":"","site-post-title":"disabled","ast-breadcrumbs-content":"","ast-featured-img":"disabled","footer-sml-layout":"","theme-transparent-header-meta":"","adv-header-id-meta":"","stick-header-meta":"","header-above-stick-meta":"","header-main-stick-meta":"","header-below-stick-meta":"","astra-migrate-meta-layouts":"default","ast-page-background-enabled":"default","ast-page-background-meta":{"desktop":{"background-color":"var(--ast-global-color-4)","background-image":"","background-repeat":"repeat","background-position":"center center","background-size":"auto","background-attachment":"scroll","background-type":"","background-media":"","overlay-type":"","overlay-color":"","overlay-opacity":"","overlay-gradient":""},"tablet":{"background-color":"","background-image":"","background-repeat":"repeat","background-position":"center center","background-size":"auto","background-attachment":"scroll","background-type":"","background-media":"","overlay-type":"","overlay-color":"","overlay-opacity":"","overlay-gradient":""},"mobile":{"background-color":"","background-image":"","background-repeat":"repeat","background-position":"center center","background-size":"auto","background-attachment":"scroll","background-type":"","background-media":"","overlay-type":"","overlay-color":"","overlay-opacity":"","overlay-gradient":""}},"ast-content-background-meta":{"desktop":{"background-color":"var(--ast-global-color-5)","background-image":"","background-repeat":"repeat","background-position":"center center","background-size":"auto","background-attachment":"scroll","background-type":"","background-media":"","overlay-type":"","overlay-color":"","overlay-opacity":"","overlay-gradient":""},"tablet":{"background-color":"var(--ast-global-color-5)","background-image":"","background-repeat":"repeat","background-position":"center center","background-size":"auto","background-attachment":"scroll","background-type":"","background-media":"","overlay-type":"","overlay-color":"","overlay-opacity":"","overlay-gradient":""},"mobile":{"background-color":"var(--ast-global-color-5)","background-image":"","background-repeat":"repeat","background-position":"center center","background-size":"auto","background-attachment":"scroll","background-type":"","background-media":"","overlay-type":"","overlay-color":"","overlay-opacity":"","overlay-gradient":""}},"footnotes":""},"class_list":["post-2287","page","type-page","status-publish","hentry"],"_links":{"self":[{"href":"https:\/\/www.uladech.edu.pe\/qu\/wp-json\/wp\/v2\/pages\/2287"}],"collection":[{"href":"https:\/\/www.uladech.edu.pe\/qu\/wp-json\/wp\/v2\/pages"}],"about":[{"href":"https:\/\/www.uladech.edu.pe\/qu\/wp-json\/wp\/v2\/types\/page"}],"author":[{"embeddable":true,"href":"https:\/\/www.uladech.edu.pe\/qu\/wp-json\/wp\/v2\/users\/1"}],"replies":[{"embeddable":true,"href":"https:\/\/www.uladech.edu.pe\/qu\/wp-json\/wp\/v2\/comments?post=2287"}],"version-history":[{"count":13,"href":"https:\/\/www.uladech.edu.pe\/qu\/wp-json\/wp\/v2\/pages\/2287\/revisions"}],"predecessor-version":[{"id":3177,"href":"https:\/\/www.uladech.edu.pe\/qu\/wp-json\/wp\/v2\/pages\/2287\/revisions\/3177"}],"up":[{"embeddable":true,"href":"https:\/\/www.uladech.edu.pe\/qu\/wp-json\/wp\/v2\/pages\/2320"}],"wp:attachment":[{"href":"https:\/\/www.uladech.edu.pe\/qu\/wp-json\/wp\/v2\/media?parent=2287"}],"curies":[{"name":"wp","href":"https:\/\/api.w.org\/{rel}","templated":true}]}}