{"id":4098,"date":"2022-10-05T17:55:02","date_gmt":"2022-10-05T22:55:02","guid":{"rendered":"https:\/\/webdev.uladech.edu.pe\/que\/?page_id=4098"},"modified":"2022-10-06T11:48:48","modified_gmt":"2022-10-06T16:48:48","slug":"actividades-pastoral","status":"publish","type":"page","link":"https:\/\/www.uladech.edu.pe\/qu\/servicios\/servicio-de-pastoral-y-espiritualidad\/actividades-pastoral\/","title":{"rendered":"Ruraykuna"},"content":{"rendered":"\t\t<div data-elementor-type=\"wp-page\" data-elementor-id=\"4098\" class=\"elementor elementor-4098\" data-elementor-post-type=\"page\">\n\t\t\t\t\t\t<section class=\"elementor-section elementor-top-section elementor-element elementor-element-d918e12 elementor-section-boxed elementor-section-height-default elementor-section-height-default\" data-id=\"d918e12\" data-element_type=\"section\">\n\t\t\t\t\t\t<div class=\"elementor-container elementor-column-gap-default\">\n\t\t\t\t\t<div class=\"elementor-column elementor-col-33 elementor-top-column elementor-element elementor-element-c99b38e\" data-id=\"c99b38e\" data-element_type=\"column\" data-settings=\"{&quot;background_background&quot;:&quot;classic&quot;}\">\n\t\t\t<div class=\"elementor-widget-wrap elementor-element-populated\">\n\t\t\t\t\t\t<div class=\"elementor-element elementor-element-85b9089 elementor-widget elementor-widget-heading\" data-id=\"85b9089\" data-element_type=\"widget\" data-widget_type=\"heading.default\">\n\t\t\t\t<div class=\"elementor-widget-container\">\n\t\t\t<style>\/*! elementor - v3.23.0 - 05-08-2024 *\/\n.elementor-heading-title{padding:0;margin:0;line-height:1}.elementor-widget-heading .elementor-heading-title[class*=elementor-size-]>a{color:inherit;font-size:inherit;line-height:inherit}.elementor-widget-heading .elementor-heading-title.elementor-size-small{font-size:15px}.elementor-widget-heading .elementor-heading-title.elementor-size-medium{font-size:19px}.elementor-widget-heading .elementor-heading-title.elementor-size-large{font-size:29px}.elementor-widget-heading .elementor-heading-title.elementor-size-xl{font-size:39px}.elementor-widget-heading .elementor-heading-title.elementor-size-xxl{font-size:59px}<\/style><h4 class=\"elementor-heading-title elementor-size-default\">Pastoral Espiritualidadpa Yanapaynin<\/h4>\t\t<\/div>\n\t\t\t\t<\/div>\n\t\t\t\t<div class=\"elementor-element elementor-element-73dce53 elementor-nav-menu__align-justify elementor-nav-menu--stretch elementor-nav-menu--dropdown-tablet elementor-nav-menu__text-align-aside elementor-nav-menu--toggle elementor-nav-menu--burger elementor-widget elementor-widget-nav-menu\" data-id=\"73dce53\" data-element_type=\"widget\" data-settings=\"{&quot;layout&quot;:&quot;vertical&quot;,&quot;full_width&quot;:&quot;stretch&quot;,&quot;submenu_icon&quot;:{&quot;value&quot;:&quot;&lt;i class=\\&quot;fas fa-caret-down\\&quot;&gt;&lt;\\\/i&gt;&quot;,&quot;library&quot;:&quot;fa-solid&quot;},&quot;toggle&quot;:&quot;burger&quot;}\" data-widget_type=\"nav-menu.default\">\n\t\t\t\t<div class=\"elementor-widget-container\">\n\t\t\t<link rel=\"stylesheet\" href=\"https:\/\/www.uladech.edu.pe\/qu\/wp-content\/plugins\/elementor-pro\/assets\/css\/widget-nav-menu.min.css?ver=1723247772\">\t\t\t<nav aria-label=\"Menu\" class=\"elementor-nav-menu--main elementor-nav-menu__container elementor-nav-menu--layout-vertical e--pointer-none\">\n\t\t\t\t<ul id=\"menu-1-73dce53\" class=\"elementor-nav-menu sm-vertical\"><li class=\"menu-item menu-item-type-post_type menu-item-object-page menu-item-4113\"><a href=\"https:\/\/www.uladech.edu.pe\/qu\/servicios\/servicio-de-pastoral-y-espiritualidad\/presentacion-servicio-pastoral\/\" class=\"elementor-item menu-link\">Riqsichina<\/a><\/li>\n<li class=\"menu-item menu-item-type-post_type menu-item-object-page menu-item-4114\"><a href=\"https:\/\/www.uladech.edu.pe\/qu\/servicios\/servicio-de-pastoral-y-espiritualidad\/actividades-pastoral\/\" class=\"elementor-item menu-link\">Ruraykuna<\/a><\/li>\n<li class=\"menu-item menu-item-type-post_type menu-item-object-page menu-item-4115\"><a href=\"https:\/\/www.uladech.edu.pe\/qu\/servicios\/servicio-de-pastoral-y-espiritualidad\/horario-de-atencion-pastoral\/\" class=\"elementor-item menu-link\">Qawaripayanapa Uraryun<\/a><\/li>\n<li class=\"menu-item menu-item-type-post_type menu-item-object-page menu-item-4116\"><a href=\"https:\/\/www.uladech.edu.pe\/qu\/servicios\/servicio-de-pastoral-y-espiritualidad\/informes-pastoral\/\" class=\"elementor-item menu-link\">Informes<\/a><\/li>\n<\/ul>\t\t\t<\/nav>\n\t\t\t\t\t<div class=\"elementor-menu-toggle\" role=\"button\" tabindex=\"0\" aria-label=\"Menu Toggle\" aria-expanded=\"false\">\n\t\t\t<i aria-hidden=\"true\" role=\"presentation\" class=\"elementor-menu-toggle__icon--open eicon-menu-bar\"><\/i><i aria-hidden=\"true\" role=\"presentation\" class=\"elementor-menu-toggle__icon--close eicon-close\"><\/i>\t\t\t<span class=\"elementor-screen-only\">Menu<\/span>\n\t\t<\/div>\n\t\t\t\t\t<nav class=\"elementor-nav-menu--dropdown elementor-nav-menu__container\" aria-hidden=\"true\">\n\t\t\t\t<ul id=\"menu-2-73dce53\" class=\"elementor-nav-menu sm-vertical\"><li class=\"menu-item menu-item-type-post_type menu-item-object-page menu-item-4113\"><a href=\"https:\/\/www.uladech.edu.pe\/qu\/servicios\/servicio-de-pastoral-y-espiritualidad\/presentacion-servicio-pastoral\/\" class=\"elementor-item menu-link\" tabindex=\"-1\">Riqsichina<\/a><\/li>\n<li class=\"menu-item menu-item-type-post_type menu-item-object-page menu-item-4114\"><a href=\"https:\/\/www.uladech.edu.pe\/qu\/servicios\/servicio-de-pastoral-y-espiritualidad\/actividades-pastoral\/\" class=\"elementor-item menu-link\" tabindex=\"-1\">Ruraykuna<\/a><\/li>\n<li class=\"menu-item menu-item-type-post_type menu-item-object-page menu-item-4115\"><a href=\"https:\/\/www.uladech.edu.pe\/qu\/servicios\/servicio-de-pastoral-y-espiritualidad\/horario-de-atencion-pastoral\/\" class=\"elementor-item menu-link\" tabindex=\"-1\">Qawaripayanapa Uraryun<\/a><\/li>\n<li class=\"menu-item menu-item-type-post_type menu-item-object-page menu-item-4116\"><a href=\"https:\/\/www.uladech.edu.pe\/qu\/servicios\/servicio-de-pastoral-y-espiritualidad\/informes-pastoral\/\" class=\"elementor-item menu-link\" tabindex=\"-1\">Informes<\/a><\/li>\n<\/ul>\t\t\t<\/nav>\n\t\t\t\t<\/div>\n\t\t\t\t<\/div>\n\t\t\t\t\t<\/div>\n\t\t<\/div>\n\t\t\t\t<div class=\"elementor-column elementor-col-66 elementor-top-column elementor-element elementor-element-e35f455\" data-id=\"e35f455\" data-element_type=\"column\">\n\t\t\t<div class=\"elementor-widget-wrap elementor-element-populated\">\n\t\t\t\t\t\t<section class=\"elementor-section elementor-inner-section elementor-element elementor-element-8a777c5 elementor-section-boxed elementor-section-height-default elementor-section-height-default\" data-id=\"8a777c5\" data-element_type=\"section\">\n\t\t\t\t\t\t<div class=\"elementor-container elementor-column-gap-default\">\n\t\t\t\t\t<div class=\"elementor-column elementor-col-100 elementor-inner-column elementor-element elementor-element-551f196\" data-id=\"551f196\" data-element_type=\"column\">\n\t\t\t<div class=\"elementor-widget-wrap elementor-element-populated\">\n\t\t\t\t\t\t<div class=\"elementor-element elementor-element-61b0eea elementor-widget elementor-widget-heading\" data-id=\"61b0eea\" data-element_type=\"widget\" data-widget_type=\"heading.default\">\n\t\t\t\t<div class=\"elementor-widget-container\">\n\t\t\t<h2 class=\"elementor-heading-title elementor-size-default\">Ruraykuna <\/h2>\t\t<\/div>\n\t\t\t\t<\/div>\n\t\t\t\t<div class=\"elementor-element elementor-element-1dc8a05 elementor-widget elementor-widget-text-editor\" data-id=\"1dc8a05\" data-element_type=\"widget\" data-widget_type=\"text-editor.default\">\n\t\t\t\t<div class=\"elementor-widget-container\">\n\t\t\t<style>\/*! elementor - v3.23.0 - 05-08-2024 *\/\n.elementor-widget-text-editor.elementor-drop-cap-view-stacked .elementor-drop-cap{background-color:#69727d;color:#fff}.elementor-widget-text-editor.elementor-drop-cap-view-framed .elementor-drop-cap{color:#69727d;border:3px solid;background-color:transparent}.elementor-widget-text-editor:not(.elementor-drop-cap-view-default) .elementor-drop-cap{margin-top:8px}.elementor-widget-text-editor:not(.elementor-drop-cap-view-default) .elementor-drop-cap-letter{width:1em;height:1em}.elementor-widget-text-editor .elementor-drop-cap{float:left;text-align:center;line-height:1;font-size:50px}.elementor-widget-text-editor .elementor-drop-cap-letter{display:inline-block}<\/style>\t\t\t\t<p>Servicio de Pastoral y Espiritualidad \u201cSPES\u201dmi llapan ULADECHpi kaqkunamanmi (yachapakuqkuna, yachachiqkuna, oficina nisqanmpi llamkaqkuna, Sede Central nisqan, uniwirsirarpa kallmankuna) kay rimakuykuna chayan, allin sapinchanapaq, chiqapman apanapaq, ancha taytacha Jesuspi i\u00f1inapaq, chaynallataq allin kawsayman, taytachapi i\u00f1iyman tikranapaqpas yachanantaq.\u00a0<\/p><p>Kay ruraykunam llamkanapaq kachkan:<\/p><ul><li><p>Cristopi i\u00f1iqkunatam sapinchachina chaynallataq Sema Santapi, taytacha llullu wawacha kaptin punchawninpi, wakin tiempos lit\u00fagicos nisqanpipas aynikunan.<\/p><\/li><li><p>Pastoral y Espiritualta pusaykachay, Taytachawan minutupi kay, Oraciones, Celebraciones ma\u00f1akuy kanantaq.<\/p><\/li><li><p>Animapi llamkaynin.<\/p><\/li><li><p>Munaqkunapa llamkaynin<\/p><\/li><li><p>Yanayasqa Taytacha Milagrospa raymin<\/p><\/li><li><p>ULADECH Catolicapa punchawninpi raymin..<\/p><\/li><\/ul>\t\t\t\t\t\t<\/div>\n\t\t\t\t<\/div>\n\t\t\t\t\t<\/div>\n\t\t<\/div>\n\t\t\t\t\t<\/div>\n\t\t<\/section>\n\t\t\t\t\t<\/div>\n\t\t<\/div>\n\t\t\t\t\t<\/div>\n\t\t<\/section>\n\t\t\t\t<\/div>\n\t\t","protected":false},"excerpt":{"rendered":"<p>Pastoral Espiritualidadpa Yanapaynin Ruraykuna Servicio de Pastoral y Espiritualidad \u201cSPES\u201dmi llapan ULADECHpi kaqkunamanmi (yachapakuqkuna, yachachiqkuna, oficina nisqanmpi llamkaqkuna, Sede Central nisqan, uniwirsirarpa kallmankuna) kay rimakuykuna chayan, allin sapinchanapaq, chiqapman apanapaq, ancha taytacha Jesuspi i\u00f1inapaq, chaynallataq allin kawsayman, taytachapi i\u00f1iyman tikranapaqpas yachanantaq.&nbsp; Kay ruraykunam llamkanapaq kachkan: Cristopi i\u00f1iqkunatam sapinchachina chaynallataq Sema Santapi, taytacha llullu wawacha kaptin [&hellip;]<\/p>\n","protected":false},"author":2,"featured_media":0,"parent":161,"menu_order":2,"comment_status":"closed","ping_status":"closed","template":"","meta":{"site-sidebar-layout":"no-sidebar","site-content-layout":"page-builder","ast-site-content-layout":"","site-content-style":"default","site-sidebar-style":"default","ast-global-header-display":"","ast-banner-title-visibility":"","ast-main-header-display":"","ast-hfb-above-header-display":"","ast-hfb-below-header-display":"","ast-hfb-mobile-header-display":"","site-post-title":"disabled","ast-breadcrumbs-content":"","ast-featured-img":"disabled","footer-sml-layout":"","theme-transparent-header-meta":"","adv-header-id-meta":"","stick-header-meta":"","header-above-stick-meta":"","header-main-stick-meta":"","header-below-stick-meta":"","astra-migrate-meta-layouts":"default","ast-page-background-enabled":"default","ast-page-background-meta":{"desktop":{"background-color":"var(--ast-global-color-4)","background-image":"","background-repeat":"repeat","background-position":"center center","background-size":"auto","background-attachment":"scroll","background-type":"","background-media":"","overlay-type":"","overlay-color":"","overlay-opacity":"","overlay-gradient":""},"tablet":{"background-color":"","background-image":"","background-repeat":"repeat","background-position":"center center","background-size":"auto","background-attachment":"scroll","background-type":"","background-media":"","overlay-type":"","overlay-color":"","overlay-opacity":"","overlay-gradient":""},"mobile":{"background-color":"","background-image":"","background-repeat":"repeat","background-position":"center center","background-size":"auto","background-attachment":"scroll","background-type":"","background-media":"","overlay-type":"","overlay-color":"","overlay-opacity":"","overlay-gradient":""}},"ast-content-background-meta":{"desktop":{"background-color":"var(--ast-global-color-5)","background-image":"","background-repeat":"repeat","background-position":"center center","background-size":"auto","background-attachment":"scroll","background-type":"","background-media":"","overlay-type":"","overlay-color":"","overlay-opacity":"","overlay-gradient":""},"tablet":{"background-color":"var(--ast-global-color-5)","background-image":"","background-repeat":"repeat","background-position":"center center","background-size":"auto","background-attachment":"scroll","background-type":"","background-media":"","overlay-type":"","overlay-color":"","overlay-opacity":"","overlay-gradient":""},"mobile":{"background-color":"var(--ast-global-color-5)","background-image":"","background-repeat":"repeat","background-position":"center center","background-size":"auto","background-attachment":"scroll","background-type":"","background-media":"","overlay-type":"","overlay-color":"","overlay-opacity":"","overlay-gradient":""}},"footnotes":""},"class_list":["post-4098","page","type-page","status-publish","hentry"],"_links":{"self":[{"href":"https:\/\/www.uladech.edu.pe\/qu\/wp-json\/wp\/v2\/pages\/4098"}],"collection":[{"href":"https:\/\/www.uladech.edu.pe\/qu\/wp-json\/wp\/v2\/pages"}],"about":[{"href":"https:\/\/www.uladech.edu.pe\/qu\/wp-json\/wp\/v2\/types\/page"}],"author":[{"embeddable":true,"href":"https:\/\/www.uladech.edu.pe\/qu\/wp-json\/wp\/v2\/users\/2"}],"replies":[{"embeddable":true,"href":"https:\/\/www.uladech.edu.pe\/qu\/wp-json\/wp\/v2\/comments?post=4098"}],"version-history":[{"count":8,"href":"https:\/\/www.uladech.edu.pe\/qu\/wp-json\/wp\/v2\/pages\/4098\/revisions"}],"predecessor-version":[{"id":4198,"href":"https:\/\/www.uladech.edu.pe\/qu\/wp-json\/wp\/v2\/pages\/4098\/revisions\/4198"}],"up":[{"embeddable":true,"href":"https:\/\/www.uladech.edu.pe\/qu\/wp-json\/wp\/v2\/pages\/161"}],"wp:attachment":[{"href":"https:\/\/www.uladech.edu.pe\/qu\/wp-json\/wp\/v2\/media?parent=4098"}],"curies":[{"name":"wp","href":"https:\/\/api.w.org\/{rel}","templated":true}]}}