{"id":855,"date":"2022-08-12T12:32:06","date_gmt":"2022-08-24T17:58:45","guid":{"rendered":"https:\/\/webdev.uladech.edu.pe\/?page_id=855"},"modified":"2023-08-05T10:38:06","modified_gmt":"2023-08-05T15:38:06","slug":"ruranawan-qaway","status":"publish","type":"page","link":"https:\/\/www.uladech.edu.pe\/qu\/la-universidad\/ruranawan-qaway\/","title":{"rendered":"Ruranawan qaway"},"content":{"rendered":"\n<h2 class=\"wp-block-heading\">Ruray<\/h2>\n\n\n\n<p>Imayna kaynin llapan kamayuq musuq maskay atiyniyuq, imaymanay hamutayniyuq hinallataq hu\u00f1u runawan pacha kawsay sinchiyaywan tikrachiq, allin kulturawan, allin maskay qatiywan, yaya wasi kanchaywan hinallataq hu\u00f1u kawsakuywan, all\u00edn simiwan.<\/p>\n\n\n\n<h2 class=\"wp-block-heading\">Qaway<\/h2>\n\n\n\n<p>ULADECH Cat\u00f3lica 2030kama, allin ayllu yachachisqan riqsisqan, ancha allin sunqu rinakunata, atiq kamayuqkunata, yayapi i\u00f1iyniyuqkuna, kaqkamalla kawsakuyniyuqkunata, \u00f1awraykuna yupaychayniyuqta, yachaykuna wallpaq, chiqichiq, hatun pir\u00fa suyuta sayapasqa wi\u00f1aypi yanapayta.<\/p>\n","protected":false},"excerpt":{"rendered":"<p>Ruray Imayna kaynin llapan kamayuq musuq maskay atiyniyuq, imaymanay hamutayniyuq hinallataq hu\u00f1u runawan pacha kawsay sinchiyaywan tikrachiq, allin kulturawan, allin maskay qatiywan, yaya wasi kanchaywan hinallataq hu\u00f1u kawsakuywan, all\u00edn simiwan. Qaway ULADECH Cat\u00f3lica 2030kama, allin ayllu yachachisqan riqsisqan, ancha allin sunqu rinakunata, atiq kamayuqkunata, yayapi i\u00f1iyniyuqkuna, kaqkamalla kawsakuyniyuqkunata, \u00f1awraykuna yupaychayniyuqta, yachaykuna wallpaq, chiqichiq, hatun pir\u00fa [&hellip;]<\/p>\n","protected":false},"author":1,"featured_media":0,"parent":126,"menu_order":0,"comment_status":"closed","ping_status":"closed","template":"","meta":{"site-sidebar-layout":"default","site-content-layout":"","ast-site-content-layout":"","site-content-style":"default","site-sidebar-style":"default","ast-global-header-display":"","ast-banner-title-visibility":"","ast-main-header-display":"","ast-hfb-above-header-display":"","ast-hfb-below-header-display":"","ast-hfb-mobile-header-display":"","site-post-title":"","ast-breadcrumbs-content":"","ast-featured-img":"","footer-sml-layout":"","theme-transparent-header-meta":"","adv-header-id-meta":"","stick-header-meta":"","header-above-stick-meta":"","header-main-stick-meta":"","header-below-stick-meta":"","astra-migrate-meta-layouts":"default","ast-page-background-enabled":"default","ast-page-background-meta":{"desktop":{"background-color":"var(--ast-global-color-4)","background-image":"","background-repeat":"repeat","background-position":"center center","background-size":"auto","background-attachment":"scroll","background-type":"","background-media":"","overlay-type":"","overlay-color":"","overlay-opacity":"","overlay-gradient":""},"tablet":{"background-color":"","background-image":"","background-repeat":"repeat","background-position":"center center","background-size":"auto","background-attachment":"scroll","background-type":"","background-media":"","overlay-type":"","overlay-color":"","overlay-opacity":"","overlay-gradient":""},"mobile":{"background-color":"","background-image":"","background-repeat":"repeat","background-position":"center center","background-size":"auto","background-attachment":"scroll","background-type":"","background-media":"","overlay-type":"","overlay-color":"","overlay-opacity":"","overlay-gradient":""}},"ast-content-background-meta":{"desktop":{"background-color":"var(--ast-global-color-5)","background-image":"","background-repeat":"repeat","background-position":"center center","background-size":"auto","background-attachment":"scroll","background-type":"","background-media":"","overlay-type":"","overlay-color":"","overlay-opacity":"","overlay-gradient":""},"tablet":{"background-color":"var(--ast-global-color-5)","background-image":"","background-repeat":"repeat","background-position":"center center","background-size":"auto","background-attachment":"scroll","background-type":"","background-media":"","overlay-type":"","overlay-color":"","overlay-opacity":"","overlay-gradient":""},"mobile":{"background-color":"var(--ast-global-color-5)","background-image":"","background-repeat":"repeat","background-position":"center center","background-size":"auto","background-attachment":"scroll","background-type":"","background-media":"","overlay-type":"","overlay-color":"","overlay-opacity":"","overlay-gradient":""}},"footnotes":""},"class_list":["post-855","page","type-page","status-publish","hentry"],"_links":{"self":[{"href":"https:\/\/www.uladech.edu.pe\/qu\/wp-json\/wp\/v2\/pages\/855"}],"collection":[{"href":"https:\/\/www.uladech.edu.pe\/qu\/wp-json\/wp\/v2\/pages"}],"about":[{"href":"https:\/\/www.uladech.edu.pe\/qu\/wp-json\/wp\/v2\/types\/page"}],"author":[{"embeddable":true,"href":"https:\/\/www.uladech.edu.pe\/qu\/wp-json\/wp\/v2\/users\/1"}],"replies":[{"embeddable":true,"href":"https:\/\/www.uladech.edu.pe\/qu\/wp-json\/wp\/v2\/comments?post=855"}],"version-history":[{"count":31,"href":"https:\/\/www.uladech.edu.pe\/qu\/wp-json\/wp\/v2\/pages\/855\/revisions"}],"predecessor-version":[{"id":5381,"href":"https:\/\/www.uladech.edu.pe\/qu\/wp-json\/wp\/v2\/pages\/855\/revisions\/5381"}],"up":[{"embeddable":true,"href":"https:\/\/www.uladech.edu.pe\/qu\/wp-json\/wp\/v2\/pages\/126"}],"wp:attachment":[{"href":"https:\/\/www.uladech.edu.pe\/qu\/wp-json\/wp\/v2\/media?parent=855"}],"curies":[{"name":"wp","href":"https:\/\/api.w.org\/{rel}","templated":true}]}}