{"id":955,"date":"2022-08-24T17:35:34","date_gmt":"2022-08-24T22:35:34","guid":{"rendered":"https:\/\/webdev.uladech.edu.pe\/?page_id=955"},"modified":"2022-10-06T13:08:08","modified_gmt":"2022-10-06T18:08:08","slug":"rector","status":"publish","type":"page","link":"https:\/\/www.uladech.edu.pe\/qu\/la-universidad\/autoridades\/rector\/","title":{"rendered":"Umalliq"},"content":{"rendered":"\n<figure class=\"wp-block-image aligncenter size-full is-resized\"><img decoding=\"async\" src=\"https:\/\/webdev.uladech.edu.pe\/que\/wp-content\/uploads\/2022\/10\/image.png\" alt=\"\" class=\"wp-image-4176\" width=\"300\" srcset=\"https:\/\/www.uladech.edu.pe\/qu\/wp-content\/uploads\/2022\/10\/image.png 600w, https:\/\/www.uladech.edu.pe\/qu\/wp-content\/uploads\/2022\/10\/image-239x300.png 239w\" sizes=\"(max-width: 600px) 100vw, 600px\" \/><figcaption><strong>Pbro. Dr. Juan Roger Rodr\u00edguez Ruizqa<\/strong><\/figcaption><\/figure>\n\n\n\n<p class=\"has-text-align-center\"><strong>Umalliq<\/strong><\/p>\n\n\n\n<p>Tayta kura, Qapaq Yachay Wasi Cat\u00f3lica Los \u00c1ngeles Chimbotepa Umalliqnin. Pontificia Universidad Gregoriana (Romamanta) Derecho Can\u00f3nicopi Duktur karqa, Educaci\u00f3n por la UNED \u2013 Espa\u00f1api Duktur Karqa hinaspa Universidad An\u00e1huac M\u00e9xicopipas Bio\u00e9ticapipas Dukturtur karqataq. Achka qillqa maytukunatam rurarqa: Inlisya-Istadumanta, wakin taripasqa chiqap Derecho-Can\u00f3nico nisqanmanta, hinaspa Yachachinakunatam mastarispan uyaycharqa. Sistema universitario peruano SINEACE nisqanpipas ima yachana qillqasqakunatapas chaninchaqmi karqa. Revista cient\u00edfica In Crescendotapas, nisqantapas, paymi paqarichirqa. Chaymantapas Facultad de Educaci\u00f3n y Humanidades, hinaspa Rector de la Catedral de Chimbotepipas karqa. <br><a href=\"https:\/\/ctivitae.concytec.gob.pe\/appDirectorioCTI\/VerDatosInvestigador.do?id_investigador=19666\">https:\/\/ctivitae.concytec.gob.pe\/appDirectorioCTI\/VerDatosInvestigador.do?id_investigador=19666<\/a><\/p>\n\n\n\n<p><\/p>\n\n\n\n<p><strong>CHIQAP YACHANANKAMA QISPISQAN<\/strong><\/p>\n\n\n\n<p><strong>Pusradu<\/strong><br>Tukuy kay Umalliq imapas kawsayninpi rurasqantamispa\u00f1ul simillapi\u00f1a kanqa.<br><strong>2016<\/strong> Magister en Bio\u00e9tica y Biojur\u00eddica de la Universidad Cat\u00f3lica Santo Toribio De Mogrovejo de Chiclayo<br><strong>2015<\/strong> Doctor en Educaci\u00f3n de la Universidad Nacional de Educaci\u00f3n a Distancia de Madrid (UNED)<br><strong>2005<\/strong> Doctor en Derecho Can\u00f3nico de la Pontificia Universidad Gregoriana de Roma<br><strong>2002<\/strong> (Maestr\u00eda) Licenciado en Derecho Can\u00f3nico de la Pontificia Universidad Cat\u00f3lica Argentina Santa Mar\u00eda de los Buenos Aires &#8211; Facultad De Derecho Can\u00f3nico<\/p>\n\n\n\n<p><strong>Yachapakuqpa Tukuynin, Hawan Yachapakuynintaq<\/strong><br><strong>2011<\/strong>  Licenciado en Educaci\u00f3n, menci\u00f3n Teolog\u00eda de la Universidad Cat\u00f3lica Los \u00c1ngeles de Chimbote<br><strong>1990<\/strong>  Bachiller en Teolog\u00eda de la Facultad de Teolog\u00eda Pontificia y Civil de Lima<\/p>\n\n\n\n<p><strong>CHANIN YACHAYKUNAPI LLAMKASQAN<\/strong><\/p>\n\n\n\n<p><strong>2019 <\/strong>Director del Instituto de Investigaci\u00f3n de la Universidad Cat\u00f3lica Los \u00c1ngeles de Chimbote.<br><strong>2018<\/strong> Asesor de Rectorado. Resoluci\u00f3n No 1328-2018-CU-U.C con TD 1034561.<br><strong>2018<\/strong> Jefe (e) de la Divisi\u00f3n de Seguridad y Mantenimiento. Julio -octubre.<br><strong>2018<\/strong> Coordinador de la Filial Ayacucho de la Universidad Cat\u00f3lica Los \u00c1ngeles de Chimbote, abril.<br><strong>2013<\/strong> Evaluador externo del sistema universitario peruano. Resoluci\u00f3n No. 012-2013-SINEACE-P. Lima.<br><strong>2017 \u2013 2010<\/strong> Director de Revista cient\u00edfica In Crescendo, 12 abril.<br><strong>2010<\/strong> Decano de la Facultad de Educaci\u00f3n y Humanidades. Cargo calificado como de Direcci\u00f3n, seg\u00fan Carta M\u00faltiple N\u00b0 001-2010-DPER. Art. 43 Decreto Supremo N\u00b0 003-97-TR, TUO del D. Legislativo N\u00b0 728 (16 agosto).<br><strong>2010<\/strong> Docente Ordinario Categor\u00eda Principal Facultad de Educaci\u00f3n y humanidades. Escuela de Educaci\u00f3n. (17 marzo).<br><strong>2010 \u2013 2008<\/strong> Director de postgrado, Programa de Maestr\u00eda en Ciencias Religiosas e Investigaci\u00f3n.<br><strong>2009<\/strong> Jefe del Departamento de Educaci\u00f3n. 18 abril.<br><strong>1998<\/strong> Docente Asociado. Facultad de Educaci\u00f3n y Humanidades, 17 agosto.<\/p>\n\n\n\n<p><strong>QILLQASQAKUNA WILLAKUSPA CHIQICHIY<\/strong><\/p>\n\n\n\n<p><strong>Qillqa Maytukuna<\/strong><br><strong>2018 <\/strong>El Per\u00fa, ni confesional ni laico. La laicidad del Estado peruano. Autonom\u00eda e independencia y mutua colaboraci\u00f3n. Fundaci\u00f3n Konrad Adenauer e Instituto de Estudios Social Cristianos. Lima, agosto.<br><strong>2017<\/strong> La Doctrina Social de la Iglesia en el PEI de la Universidad Cat\u00f3lica. Editorial EAE.<br><strong>2015<\/strong> \u00c9tica Profesional y Deontolog\u00eda. Universidad Cat\u00f3lica Los \u00c1ngeles de Chimbote.<br><strong>2006<\/strong> La Relevancia jur\u00eddica del Acuerdo entre la Santa Sede y el Per\u00fa. Editorial Roel. Lima.<\/p>\n\n\n\n<p><strong>Qillqasqa Taksa Taripaykuna<\/strong><br><strong>2016<\/strong> Los principios de la doctrina social de la iglesia en el proyecto educativo institucional<br>Revista cient\u00edfica In Crescendo Vol. 7 N\u00b0 02 (julio &#8211; diciembre, p\u00e1gs. del 53 al 61).<br><strong>2012<\/strong> Religiosidad popular, agnosticismo, indiferencia, sincretismo religioso y secularismo en la cultura urbana<br>Revista cient\u00edfica In Crescendo Vol. 3 N\u00b0 01 (p\u00e1gs. del 153 al 166).<br><strong>2011<\/strong> Los recursos TIC favorecedores de estrategias de aprendizaje aut\u00f3nomo: el estudiante aut\u00f3nomo y autorregulado.<br>Revista cient\u00edfica In Crescendo Vol. 5 N\u00b0 02 &#8211; (p\u00e1gs. del 233 al 251)<br><strong>2010<\/strong> La formaci\u00f3n universitaria en competencias seg\u00fan el Proyecto Educativo Institucional de la ULADECH Cat\u00f3lica a trav\u00e9s de las nuevas tecnolog\u00edas de la informaci\u00f3n y comunicaci\u00f3n.<br>Revista cient\u00edfica In Crescendo Vol. 1 N\u00b002 (p\u00e1gs. Del 251 al 270).<br><strong>2010<\/strong> El estatus jur\u00eddico de la Iglesia Cat\u00f3lica en el Per\u00fa y sus implicancias en la ense\u00f1anza religiosa.<br>Revista cient\u00edfica In Crescendo Vol. 1 N\u00b002 (p\u00e1gs. Del 359 al 374).<br><strong>2010<\/strong> Relaciones entre la Santa Sede y el Per\u00fa antes del Acuerdo de 1980.<br>Revista cient\u00edfica In Crescendo Vol. 1 N\u00b001 (p\u00e1gs. Del 137 al 154).<\/p>\n\n\n\n<p><strong>Hamutasqanta uyachiq<\/strong><br><strong>2017<\/strong> El aseguramiento de la calidad de la educaci\u00f3n superior. In Crescendo. Vol. 8 N\u00b02: p\u00e1gs. 171-173.<br><strong>2017<\/strong> Tendencias de la educaci\u00f3n y humanizaci\u00f3n de las tecnolog\u00edas. In Crescendo. Vol. 8 N\u00b01: p\u00e1gs. 7-8.<br><strong>2016<\/strong> La cultura de la investigaci\u00f3n en la formaci\u00f3n profesional. In Crescendo. Vol. 7 N\u00b02: p\u00e1gs. 7-8.<br><strong>2016<\/strong> En b\u00fasqueda de la calidad universitaria. In Crescendo. Vol. 7 N\u00b01: p\u00e1gs. 7-8.<br><strong>2015<\/strong> La complejidad y analog\u00eda de la ciencia. In Crescendo. Vol. 6 N\u00b02: p\u00e1gs. 7-8.<br><strong>2015<\/strong> Ciencia y trascendencia se conjugan para una mejor comprensi\u00f3n del hombre. In Crescendo. Vol. 6 N\u00b01: p\u00e1gs. 7-10.<br><strong>2014<\/strong> La ciencia nos ense\u00f1a a amar la naturaleza. In Crescendo. Vol. 5 N\u00b02: p\u00e1gs. 169-172.<br><strong>2014<\/strong> Raz\u00f3n y Fe: Dos alas que elevan el esp\u00edritu humano para encontrar la verdad. In Crescendo. Vol. 5 N\u00b01: p\u00e1gs. 11-12.<br><strong>2013<\/strong> Editorial. In Crescendo. Vol. 4 N\u00b02: p\u00e1gs. 223-225.<br><strong>2013<\/strong> La ciencia y la belleza de la naturaleza. In Crescendo. Vol. 4 N\u00b01: p\u00e1gs. 11-14.<\/p>\n\n\n\n<p><strong>Qilqasqa maytupa yaykuqnin<\/strong><br><strong>2013<\/strong> Aproximaciones a la educaci\u00f3n a distancia en el Per\u00fa. En: La educaci\u00f3n a distancia en el Per\u00fa. Dom\u00ednguez Granda J, Rama C. Chimbote. ULADECH Cat\u00f3lica, p. 37-54.<br><strong>2012<\/strong> La Responsabilidad Social es inherente a la naturaleza y misi\u00f3n de la Universidad. En: La responsabilidad social universitaria en la educaci\u00f3n a distancia. Dom\u00ednguez Granda J, Rama C. Chimbote. ULADECH Cat\u00f3lica, p. 13-37.<br><strong>2011<\/strong> Exigencias \u00e9ticas de la calidad de la educaci\u00f3n virtual. En: El aseguramiento de la calidad de la educaci\u00f3n virtual. Dom\u00ednguez Granda J, Rama C. Chimbote. ULADECH Cat\u00f3lica, p. 55 -70.<\/p>\n\n\n\n<p><strong>Qillqasqa Maytupa Hamutasqan<\/strong><br><strong>2014\u00a0<\/strong>\u00a0 \u00a0Derecho penal en la sociedad de riesgo; sobre la discusi\u00f3n en torno al derecho penal del enemigo y derecho penal funcional. \u00a0<br>Denis A. Aguilar Cabrera. Lima, 344 p. ISBN 978-612-4240-11-9. <br><strong>2012<\/strong>\u00a0\u00a0 \u00a0Planeamiento estrat\u00e9gico del sistema educativo peruano. Fernando D\u2019Alessio, Juan; Aguilar, Beatrice; Avolio, Jorge; Benzaquen, Alfredo; Graham, Juan O\u2019Brien; Yimmy Aliaga, Giovanni; \u00c1lvarez-Calder\u00f3n, Enrique; Ar\u00e9valo, Karem; Benavides, Walker; Bonilla, Lourdes; Carlos, Manuel; Donayre, Enrique Echevarr\u00eda. CENTRUM Cat\u00f3lica, 254 p. ISBN: 978-612-139-30-7. <br><strong>2012<\/strong>\u00a0\u00a0 \u00a0La responsabilidad social universitaria en la educaci\u00f3n a distancia Julio Dom\u00ednguez Granda &#8211; Claudio Rama, Editores. Chimbote, 254 p. ISBN 978-612-45269-8-5.<\/p>\n\n\n\n<p><strong>TARIPASQANTA KUMUNMAN HAMUTAN<\/strong><\/p>\n\n\n\n<p><strong>2018 \u00a0<\/strong>La \u00c9tica y la Bio\u00e9tica en la formaci\u00f3n del profesional desde la perspectiva de la educaci\u00f3n. IV Congreso Internacional de Bio\u00e9tica. Universidad Cat\u00f3lica Santo Toribio de Mogrovejo. Chiclayo, 19 de octubre. <br><strong>2018\u00a0\u00a0<\/strong>Beneficios de una carrera acreditada y mejora de la gesti\u00f3n. DEA ESU. SINEACE. Ayacucho, 31 de mayo. <br><strong>2014<\/strong>\u00a0\u00a0El rol de la familia en la formaci\u00f3n cristiana. I.E. Santa Mar\u00eda de Cervello. Chimbote, 12 de agosto. <br><strong>2014\u00a0\u00a0<\/strong>\u00c9tica gesti\u00f3n p\u00fablica. Segunda Vicepresidencia del Congreso de la Rep\u00fablica del Per\u00fa. Huaraz, 25 noviembre. <br><strong>2013<\/strong>\u00a0\u00a0Autonom\u00eda e independencia de la Iglesia en el Per\u00fa. Comit\u00e9 de Asesores jur\u00eddicos de la Conferencia Episcopal Peruana. Chimbote, 31 de enero. <strong>2012<\/strong>\u00a0\u00a0Derecho Can\u00f3nico: Relaci\u00f3n Iglesia-Estado. Di\u00f3cesis de Huacho. Per\u00fa, 31 de julio. <br><strong>2011<\/strong>\u00a0\u00a0CURSO TALLER: Por su participaci\u00f3n en el XII Encuentro Internacional Virtual Educa &#8220;10 Competencias b\u00e1sicas para una sociedad basada en el conocimiento&#8221;. Universidad Virtual Tecnol\u00f3gico De Monterrey, 20 junio. <br><strong>2010\u00a0<\/strong>\u00a0Piedad popular, agnosticismo indiferencia, sincretismo religioso y secularismo en la cultura urbana. Encuentro Latinoamericano sobre Pastoral Urbana y Conversi\u00f3n Pastoral. Departamento de Educaci\u00f3n y Cultura. Secci\u00f3n Cultura. Buenos Aires, 01 &#8211; 05 marzo, Argentina. <br><strong>2010<\/strong> \u00a0Mirar al mundo y a nosotros con los ojos de Cristo. Clero de la Di\u00f3cesis de Chachapoyas. Chachapoyas, 03 agosto. <br><strong>2010<\/strong>\u00a0\u00a0Criterios \u00c9ticos para elegir a las autoridades. Centro de Comunicaci\u00f3n y Promoci\u00f3n Social \u00abSanto Domingo\u00bb. Chimbote, septiembre.<\/p>\n\n\n\n<p><strong><strong>RIQSICHIKUYKUNA HUSQAN<\/strong><\/strong><\/p>\n\n\n\n<p><strong>2019<\/strong>  Doctor Honoris Causa, Universidad San Pedro, Chimbote, 27 de junio. <br><strong>2018<\/strong>&nbsp;&nbsp;Promotor de la Declaraci\u00f3n de la Festividad de San Pedrito como Patrimonio cultural de la Naci\u00f3n. Ministerio de Cultura, 11 mayo. <br><strong>2018&nbsp;<\/strong>&nbsp;Medalla de la ciudad: 2017. Municipalidad Provincial del Santa, junio. <br><strong>2014&nbsp;<\/strong>&nbsp;Llave de la ciudad: 2014. Municipalidad Distrital de Nuevo Chimbote, junio. <br><strong>2011&nbsp;<\/strong>&nbsp;Reconocimiento por haber ocupado el Segundo Puesto en el proceso de evaluaci\u00f3n docente. Departamento de Ciencias religiosas<\/p>\n\n\n\n<p><\/p>\n","protected":false},"excerpt":{"rendered":"<p>Umalliq Tayta kura, Qapaq Yachay Wasi Cat\u00f3lica Los \u00c1ngeles Chimbotepa Umalliqnin. Pontificia Universidad Gregoriana (Romamanta) Derecho Can\u00f3nicopi Duktur karqa, Educaci\u00f3n por la UNED \u2013 Espa\u00f1api Duktur Karqa hinaspa Universidad An\u00e1huac M\u00e9xicopipas Bio\u00e9ticapipas Dukturtur karqataq. Achka qillqa maytukunatam rurarqa: Inlisya-Istadumanta, wakin taripasqa chiqap Derecho-Can\u00f3nico nisqanmanta, hinaspa Yachachinakunatam mastarispan uyaycharqa. Sistema universitario peruano SINEACE nisqanpipas ima yachana [&hellip;]<\/p>\n","protected":false},"author":2,"featured_media":0,"parent":134,"menu_order":0,"comment_status":"closed","ping_status":"closed","template":"","meta":{"site-sidebar-layout":"default","site-content-layout":"","ast-site-content-layout":"","site-content-style":"default","site-sidebar-style":"default","ast-global-header-display":"","ast-banner-title-visibility":"","ast-main-header-display":"","ast-hfb-above-header-display":"","ast-hfb-below-header-display":"","ast-hfb-mobile-header-display":"","site-post-title":"","ast-breadcrumbs-content":"","ast-featured-img":"","footer-sml-layout":"","theme-transparent-header-meta":"","adv-header-id-meta":"","stick-header-meta":"","header-above-stick-meta":"","header-main-stick-meta":"","header-below-stick-meta":"","astra-migrate-meta-layouts":"default","ast-page-background-enabled":"default","ast-page-background-meta":{"desktop":{"background-color":"var(--ast-global-color-4)","background-image":"","background-repeat":"repeat","background-position":"center center","background-size":"auto","background-attachment":"scroll","background-type":"","background-media":"","overlay-type":"","overlay-color":"","overlay-opacity":"","overlay-gradient":""},"tablet":{"background-color":"","background-image":"","background-repeat":"repeat","background-position":"center center","background-size":"auto","background-attachment":"scroll","background-type":"","background-media":"","overlay-type":"","overlay-color":"","overlay-opacity":"","overlay-gradient":""},"mobile":{"background-color":"","background-image":"","background-repeat":"repeat","background-position":"center center","background-size":"auto","background-attachment":"scroll","background-type":"","background-media":"","overlay-type":"","overlay-color":"","overlay-opacity":"","overlay-gradient":""}},"ast-content-background-meta":{"desktop":{"background-color":"var(--ast-global-color-5)","background-image":"","background-repeat":"repeat","background-position":"center center","background-size":"auto","background-attachment":"scroll","background-type":"","background-media":"","overlay-type":"","overlay-color":"","overlay-opacity":"","overlay-gradient":""},"tablet":{"background-color":"var(--ast-global-color-5)","background-image":"","background-repeat":"repeat","background-position":"center center","background-size":"auto","background-attachment":"scroll","background-type":"","background-media":"","overlay-type":"","overlay-color":"","overlay-opacity":"","overlay-gradient":""},"mobile":{"background-color":"var(--ast-global-color-5)","background-image":"","background-repeat":"repeat","background-position":"center center","background-size":"auto","background-attachment":"scroll","background-type":"","background-media":"","overlay-type":"","overlay-color":"","overlay-opacity":"","overlay-gradient":""}},"footnotes":""},"class_list":["post-955","page","type-page","status-publish","hentry"],"_links":{"self":[{"href":"https:\/\/www.uladech.edu.pe\/qu\/wp-json\/wp\/v2\/pages\/955"}],"collection":[{"href":"https:\/\/www.uladech.edu.pe\/qu\/wp-json\/wp\/v2\/pages"}],"about":[{"href":"https:\/\/www.uladech.edu.pe\/qu\/wp-json\/wp\/v2\/types\/page"}],"author":[{"embeddable":true,"href":"https:\/\/www.uladech.edu.pe\/qu\/wp-json\/wp\/v2\/users\/2"}],"replies":[{"embeddable":true,"href":"https:\/\/www.uladech.edu.pe\/qu\/wp-json\/wp\/v2\/comments?post=955"}],"version-history":[{"count":75,"href":"https:\/\/www.uladech.edu.pe\/qu\/wp-json\/wp\/v2\/pages\/955\/revisions"}],"predecessor-version":[{"id":4222,"href":"https:\/\/www.uladech.edu.pe\/qu\/wp-json\/wp\/v2\/pages\/955\/revisions\/4222"}],"up":[{"embeddable":true,"href":"https:\/\/www.uladech.edu.pe\/qu\/wp-json\/wp\/v2\/pages\/134"}],"wp:attachment":[{"href":"https:\/\/www.uladech.edu.pe\/qu\/wp-json\/wp\/v2\/media?parent=955"}],"curies":[{"name":"wp","href":"https:\/\/api.w.org\/{rel}","templated":true}]}}